{"id":1104,"date":"2021-10-01T12:16:37","date_gmt":"2021-10-01T12:16:37","guid":{"rendered":"https:\/\/www.laas.lv\/agrilink\/?page_id=1104"},"modified":"2024-05-22T13:21:24","modified_gmt":"2024-05-22T13:21:24","slug":"apmacibu-materiali-1-kurss-2-nodarbiba","status":"publish","type":"page","link":"https:\/\/www.laas.lv\/agrilink\/apmacibu-materiali-1-kurss-2-nodarbiba\/","title":{"rendered":"Apm\u0101c\u012bbu materi\u0101li 1.kurss, 2.nodarb\u012bba"},"content":{"rendered":"","protected":true},"excerpt":{"rendered":"","protected":true},"author":2,"featured_media":0,"parent":0,"menu_order":2,"comment_status":"closed","ping_status":"closed","template":"","meta":{"footnotes":""},"class_list":["post-1104","page","type-page","status-publish","post-password-required","hentry"],"jetpack_sharing_enabled":true,"_links":{"self":[{"href":"https:\/\/www.laas.lv\/agrilink\/wp-json\/wp\/v2\/pages\/1104","targetHints":{"allow":["GET"]}}],"collection":[{"href":"https:\/\/www.laas.lv\/agrilink\/wp-json\/wp\/v2\/pages"}],"about":[{"href":"https:\/\/www.laas.lv\/agrilink\/wp-json\/wp\/v2\/types\/page"}],"author":[{"embeddable":true,"href":"https:\/\/www.laas.lv\/agrilink\/wp-json\/wp\/v2\/users\/2"}],"replies":[{"embeddable":true,"href":"https:\/\/www.laas.lv\/agrilink\/wp-json\/wp\/v2\/comments?post=1104"}],"version-history":[{"count":8,"href":"https:\/\/www.laas.lv\/agrilink\/wp-json\/wp\/v2\/pages\/1104\/revisions"}],"predecessor-version":[{"id":1171,"href":"https:\/\/www.laas.lv\/agrilink\/wp-json\/wp\/v2\/pages\/1104\/revisions\/1171"}],"wp:attachment":[{"href":"https:\/\/www.laas.lv\/agrilink\/wp-json\/wp\/v2\/media?parent=1104"}],"curies":[{"name":"wp","href":"https:\/\/api.w.org\/{rel}","templated":true}]}}