{"id":134,"date":"2020-12-04T15:31:40","date_gmt":"2020-12-04T15:31:40","guid":{"rendered":"https:\/\/www.laas.lv\/agrilink\/?page_id=134"},"modified":"2021-01-11T08:05:38","modified_gmt":"2021-01-11T08:05:38","slug":"dalija-seglina","status":"publish","type":"page","link":"https:\/\/www.laas.lv\/agrilink\/konsultanti\/dalija-seglina\/","title":{"rendered":"Dalija Segli\u0146a"},"content":{"rendered":"\n<p class=\"has-large-font-size\"><strong>Konsult\u0113: <\/strong><\/p>\n\n\n\n<ul class=\"wp-block-list\"><li>aug\u013cu un d\u0101rze\u0146u p\u0101rstr\u0101de<\/li><li>aug\u013cu \u0161\u0137ir\u0146u piem\u0113rot\u012bba da\u017e\u0101diem p\u0101rstr\u0101des veidiem<\/li><li>jaunu produktu un parstr\u0101des tehnologiju izstr\u0101de<\/li><li>d\u0101rzaugu p\u0101rstr\u0101des blakusproduktu (spiedpalieku, lapu, dzinumu u.c.) izmanto\u0161ana inovat\u012bvu produktu izstr\u0101dei<\/li><li>projektu pieteikumu sagatavo\u0161ana sadarb\u012bbai ar uz\u0146\u0113m\u0113jiem <\/li><\/ul>\n\n\n\n<figure class=\"wp-block-table\"><table class=\"has-fixed-layout\"><tbody><tr><td><strong>\u0160obr\u012bd str\u0101d\u0101:<\/strong> <\/td><td><em>D\u0101rzkop\u012bbas instit\u016bts, vado\u0161\u0101  p\u0113tniece<\/em><\/td><\/tr><tr><td><strong>Pieredze un izgl\u012bt\u012bba:<\/strong><\/td><td><em>20 gadu pieredze aug\u013cu un d\u0101rze\u0146u p\u0101rstr\u0101des jom\u0101, Dr.sc.ing. p\u0101rtikas zin\u0101tn\u0113<\/em><\/td><\/tr><tr><td><strong>Kontakti:<\/strong><\/td><td><em>tel.26482677<br>dalija.seglina@llu.lv<\/em><\/td><\/tr><tr><td><strong>Papildus inform\u0101cija:<\/strong><\/td><td>V\u0113lams zvan\u012bt darba laik\u0101<\/td><\/tr><\/tbody><\/table><\/figure>\n","protected":false},"excerpt":{"rendered":"<p>Konsult\u0113: aug\u013cu un d\u0101rze\u0146u p\u0101rstr\u0101de aug\u013cu \u0161\u0137ir\u0146u piem\u0113rot\u012bba da\u017e\u0101diem p\u0101rstr\u0101des veidiem jaunu produktu un parstr\u0101des tehnologiju izstr\u0101de d\u0101rzaugu p\u0101rstr\u0101des blakusproduktu (spiedpalieku, lapu, dzinumu u.c.) izmanto\u0161ana inovat\u012bvu produktu izstr\u0101dei projektu pieteikumu sagatavo\u0161ana sadarb\u012bbai ar uz\u0146\u0113m\u0113jiem \u0160obr\u012bd str\u0101d\u0101: D\u0101rzkop\u012bbas instit\u016bts, vado\u0161\u0101 p\u0113tniece Pieredze un izgl\u012bt\u012bba: 20 gadu pieredze aug\u013cu un d\u0101rze\u0146u p\u0101rstr\u0101des jom\u0101, Dr.sc.ing. p\u0101rtikas zin\u0101tn\u0113 Kontakti: [&hellip;]<\/p>\n","protected":false},"author":2,"featured_media":0,"parent":102,"menu_order":0,"comment_status":"closed","ping_status":"closed","template":"","meta":{"footnotes":""},"class_list":["post-134","page","type-page","status-publish","hentry"],"jetpack_sharing_enabled":true,"_links":{"self":[{"href":"https:\/\/www.laas.lv\/agrilink\/wp-json\/wp\/v2\/pages\/134","targetHints":{"allow":["GET"]}}],"collection":[{"href":"https:\/\/www.laas.lv\/agrilink\/wp-json\/wp\/v2\/pages"}],"about":[{"href":"https:\/\/www.laas.lv\/agrilink\/wp-json\/wp\/v2\/types\/page"}],"author":[{"embeddable":true,"href":"https:\/\/www.laas.lv\/agrilink\/wp-json\/wp\/v2\/users\/2"}],"replies":[{"embeddable":true,"href":"https:\/\/www.laas.lv\/agrilink\/wp-json\/wp\/v2\/comments?post=134"}],"version-history":[{"count":9,"href":"https:\/\/www.laas.lv\/agrilink\/wp-json\/wp\/v2\/pages\/134\/revisions"}],"predecessor-version":[{"id":655,"href":"https:\/\/www.laas.lv\/agrilink\/wp-json\/wp\/v2\/pages\/134\/revisions\/655"}],"up":[{"embeddable":true,"href":"https:\/\/www.laas.lv\/agrilink\/wp-json\/wp\/v2\/pages\/102"}],"wp:attachment":[{"href":"https:\/\/www.laas.lv\/agrilink\/wp-json\/wp\/v2\/media?parent=134"}],"curies":[{"name":"wp","href":"https:\/\/api.w.org\/{rel}","templated":true}]}}