{"id":1355,"date":"2023-07-27T09:15:28","date_gmt":"2023-07-27T09:15:28","guid":{"rendered":"https:\/\/www.laas.lv\/agrilink\/?page_id=1355"},"modified":"2024-05-22T13:18:48","modified_gmt":"2024-05-22T13:18:48","slug":"zemenu-audzesanas-tehnologija-izmantojot-substrata-apsildi-augstajos-tunelos","status":"publish","type":"page","link":"https:\/\/www.laas.lv\/agrilink\/zemenu-audzesanas-tehnologija-izmantojot-substrata-apsildi-augstajos-tunelos\/","title":{"rendered":"Zeme\u0146u audz\u0113\u0161anas tehnolo\u0123ija, izmantojot substr\u0101ta apsildi augstajos tune\u013cos"},"content":{"rendered":"\n<p><strong>2020.gad\u0101 LAA k\u013cuva par partneri projekt\u0101 &#8220;Zeme\u0146u audz\u0113\u0161anas tehnolo\u0123ija, izmantojot substr\u0101ta apsildi augstajos tune\u013cos, ar vai bez papildus apgaismojuma, un optim\u0101la augu biez\u012bbas izv\u0113rt\u0113\u0161ana augstajos tune\u013cos, maksim\u0101lai ra\u017e\u012bbas paaugstin\u0101\u0161anai&#8221;<\/strong><\/p>\n\n\n\n<p class=\"has-text-align-center has-background has-larger-font-size\" style=\"background-color:#e0160052\"><a href=\"https:\/\/www.laas.lv\/agrilink\/zemenu-audzesanas-tehnologija-izmantojot-substrata-apsildi-augstajos-tunelos\/zemenu-audzesanas-tehnologija-izmantojot-substrata-apsildi-augstajos-tunelos-6-audzesanas-sezonu-rezultati\/\" data-type=\"page\" data-id=\"1359\" target=\"_blank\" rel=\"noreferrer noopener\"><strong>Rezult\u0101ti, secin\u0101jumi, rekomend\u0101cijas audz\u0101t\u0101jiem.<\/strong><\/a><\/p>\n\n\n\n<p class=\"has-medium-font-size\"><strong>Projekta m\u0113r\u0137i<\/strong><\/p>\n\n\n\n<p>\u2022Jaunas, ekonomiski izdev\u012bgas, zeme\u0146u audz\u0113\u0161anas tehnolo\u0123ijas augstajos tune\u013cos ievie\u0161ana praks\u0113 un p\u0113t\u012b\u0161ana,<\/p>\n\n\n\n<p>\u2022Zeme\u0146u ra\u017eo\u0161anas sezonas maksim\u0101la pagarin\u0101\u0161ana, izmantojot augsto tune\u013cu konstrukcijas, substr\u0101ta apsildi un papildus apgaismojumu,<\/p>\n\n\n\n<p>\u2022Ra\u017e\u012bbas palielin\u0101\u0161ana no vienas augsto tune\u013cu plat\u012bbas vien\u012bbas, lietojot tikai biolo\u0123iskos AAL un nodro\u0161inot optim\u0101lu augu biez\u012bbu tunel\u012b;<\/p>\n\n\n\n<p class=\"has-medium-font-size\"><strong>Projekta sadarb\u012bbas partneri<\/strong><\/p>\n\n\n\n<p>\u2022SIA \u201cABerry\u201d<\/p>\n\n\n\n<p>\u2022Malnavas koled\u017ea<\/p>\n\n\n\n<p>\u2022Latvijas Aug\u013ckopju asoci\u0101cija<\/p>\n\n\n\n<p>\u2022z\/s \u201cE\u017ei\u201d<\/p>\n\n\n\n<p>\u2022Saimniecisk\u0101s darb\u012bbas veic\u0113js Daina Bern\u0101ne<\/p>\n\n\n\n<p class=\"has-medium-font-size\"><strong>Tehniskais apraksts<\/strong><\/p>\n\n\n\n<figure class=\"wp-block-image size-full is-style-default\"><img decoding=\"async\" src=\"https:\/\/www.laas.lv\/wp-content\/uploads\/2023\/07\/image-5.png\" alt=\"\" class=\"wp-image-2935\"\/><\/figure>\n\n\n\n<figure class=\"wp-block-image size-full is-style-default\"><img decoding=\"async\" src=\"https:\/\/www.laas.lv\/wp-content\/uploads\/2023\/07\/image-6.png\" alt=\"\" class=\"wp-image-2936\"\/><\/figure>\n\n\n\n<figure class=\"wp-block-image size-full is-style-default\"><img decoding=\"async\" src=\"https:\/\/www.laas.lv\/wp-content\/uploads\/2023\/07\/image-7.png\" alt=\"\" class=\"wp-image-2937\"\/><\/figure>\n\n\n\n<p class=\"has-larger-font-size\"><\/p>\n\n\n\n<figure class=\"wp-block-image size-large is-style-default\"><img loading=\"lazy\" decoding=\"async\" width=\"1024\" height=\"188\" src=\"https:\/\/www.laas.lv\/agrilink\/wp-content\/uploads\/2023\/08\/image-1024x188.png\" alt=\"\" class=\"wp-image-1415\" srcset=\"https:\/\/www.laas.lv\/agrilink\/wp-content\/uploads\/2023\/08\/image-1024x188.png 1024w, https:\/\/www.laas.lv\/agrilink\/wp-content\/uploads\/2023\/08\/image-300x55.png 300w, https:\/\/www.laas.lv\/agrilink\/wp-content\/uploads\/2023\/08\/image-768x141.png 768w, https:\/\/www.laas.lv\/agrilink\/wp-content\/uploads\/2023\/08\/image.png 1080w\" sizes=\"auto, (max-width: 1024px) 100vw, 1024px\" \/><\/figure>\n","protected":false},"excerpt":{"rendered":"<p>2020.gad\u0101 LAA k\u013cuva par partneri projekt\u0101 &#8220;Zeme\u0146u audz\u0113\u0161anas tehnolo\u0123ija, izmantojot substr\u0101ta apsildi augstajos tune\u013cos, ar vai bez papildus apgaismojuma, un optim\u0101la augu biez\u012bbas izv\u0113rt\u0113\u0161ana augstajos tune\u013cos, maksim\u0101lai ra\u017e\u012bbas paaugstin\u0101\u0161anai&#8221; Rezult\u0101ti, secin\u0101jumi, rekomend\u0101cijas audz\u0101t\u0101jiem. Projekta m\u0113r\u0137i \u2022Jaunas, ekonomiski izdev\u012bgas, zeme\u0146u audz\u0113\u0161anas tehnolo\u0123ijas augstajos tune\u013cos ievie\u0161ana praks\u0113 un p\u0113t\u012b\u0161ana, \u2022Zeme\u0146u ra\u017eo\u0161anas sezonas maksim\u0101la pagarin\u0101\u0161ana, izmantojot augsto tune\u013cu [&hellip;]<\/p>\n","protected":false},"author":2,"featured_media":0,"parent":0,"menu_order":4,"comment_status":"closed","ping_status":"closed","template":"","meta":{"footnotes":""},"class_list":["post-1355","page","type-page","status-publish","hentry"],"jetpack_sharing_enabled":true,"_links":{"self":[{"href":"https:\/\/www.laas.lv\/agrilink\/wp-json\/wp\/v2\/pages\/1355","targetHints":{"allow":["GET"]}}],"collection":[{"href":"https:\/\/www.laas.lv\/agrilink\/wp-json\/wp\/v2\/pages"}],"about":[{"href":"https:\/\/www.laas.lv\/agrilink\/wp-json\/wp\/v2\/types\/page"}],"author":[{"embeddable":true,"href":"https:\/\/www.laas.lv\/agrilink\/wp-json\/wp\/v2\/users\/2"}],"replies":[{"embeddable":true,"href":"https:\/\/www.laas.lv\/agrilink\/wp-json\/wp\/v2\/comments?post=1355"}],"version-history":[{"count":11,"href":"https:\/\/www.laas.lv\/agrilink\/wp-json\/wp\/v2\/pages\/1355\/revisions"}],"predecessor-version":[{"id":1545,"href":"https:\/\/www.laas.lv\/agrilink\/wp-json\/wp\/v2\/pages\/1355\/revisions\/1545"}],"wp:attachment":[{"href":"https:\/\/www.laas.lv\/agrilink\/wp-json\/wp\/v2\/media?parent=1355"}],"curies":[{"name":"wp","href":"https:\/\/api.w.org\/{rel}","templated":true}]}}