{"id":1359,"date":"2023-07-27T09:32:19","date_gmt":"2023-07-27T09:32:19","guid":{"rendered":"https:\/\/www.laas.lv\/agrilink\/?page_id=1359"},"modified":"2024-02-28T21:03:50","modified_gmt":"2024-02-28T21:03:50","slug":"zemenu-audzesanas-tehnologija-izmantojot-substrata-apsildi-augstajos-tunelos-6-audzesanas-sezonu-rezultati","status":"publish","type":"page","link":"https:\/\/www.laas.lv\/agrilink\/zemenu-audzesanas-tehnologija-izmantojot-substrata-apsildi-augstajos-tunelos\/zemenu-audzesanas-tehnologija-izmantojot-substrata-apsildi-augstajos-tunelos-6-audzesanas-sezonu-rezultati\/","title":{"rendered":"Zeme\u0146u audz\u0113\u0161anas tehnolo\u0123ija, izmantojot substr\u0101ta apsildi augstajos tune\u013cos. Projekta  rezult\u0101ti"},"content":{"rendered":"\n<p>Projekta <strong>\u201cZeme\u0146u audz\u0113\u0161anas tehnolo\u0123ija, izmantojot substr\u0101ta apsildi augstajos tune\u013cos, ar vai bez papildus apgaismojuma, un optim\u0101la augu biez\u012bbas izv\u0113rt\u0113\u0161ana augstajos tune\u013cos, maksim\u0101lai ra\u017e\u012bbas paaugstin\u0101\u0161anai\u201d<\/strong>  se\u0161u audz\u0113\u0161anas sezonu rezult\u0101ti<\/p>\n\n\n\n<p><a href=\"https:\/\/www.laas.lv\/agrilink\/zemenu-audzesanas-tehnologija-izmantojot-substrata-apsildi-augstajos-tunelos-sezona-1\/\">1. Audz\u0113\u0161anas Sezona (02.08.2020 \u2013 30.10.2020)<\/a><\/p>\n\n\n\n<p><a href=\"https:\/\/www.laas.lv\/agrilink\/zemenu-audzesanas-tehnologija-izmantojot-substrata-apsildi-augstajos-tunelos-sezona-2\">2. Audz\u0113\u0161anas Sezona (04.02.2021 \u2013 30.04.2021)<\/a><\/p>\n\n\n\n<p><a href=\"https:\/\/www.laas.lv\/agrilink\/zemenu-audzesanas-tehnologija-izmantojot-substrata-apsildi-augstajos-tunelos-sezona-3\/\" target=\"_blank\" rel=\"noreferrer noopener\">3. Audz\u0113\u0161anas Sezona (10.09.2021 \u2013 13.12..2021)<\/a><\/p>\n\n\n\n<p><a href=\"https:\/\/www.laas.lv\/agrilink\/zemenu-audzesanas-tehnologija-izmantojot-substrata-apsildi-augstajos-tunelos-sezona-4\/\" target=\"_blank\" rel=\"noreferrer noopener\">4. Audz\u0113\u0161anas Sezona (17.03.2022. \u2013 &nbsp;06.06.2022)<\/a><\/p>\n\n\n\n<p><a href=\"https:\/\/www.laas.lv\/agrilink\/zemenu-audzesanas-tehnologija-izmantojot-substrata-apsildi-augstajos-tunelos-sezona-5\/\" target=\"_blank\" rel=\"noreferrer noopener\">5. Audz\u0113\u0161anas Sezona (17.09.2022. \u2013&nbsp; 06.01.2023)<\/a><\/p>\n\n\n\n<p class=\"has-normal-font-size\"><a href=\"https:\/\/www.laas.lv\/agrilink\/zemenu-audzesanas-tehnologija-izmantojot-substrata-apsildi-augstajos-tunelos-sezona-6-nosleguma\/\">6. Audz\u0113\u0161anas Sezona (10.03.2023 \u2013 \u00a015.06.2023 ) <em>projekta <\/em><a href=\"https:\/\/www.laas.lv\/agrilink\/zemenu-audzesanas-tehnologija-izmantojot-substrata-apsildi-augstajos-tunelos-sezona-6-nosleguma\/\"><\/a><em>nosl\u0113gum<\/em>s<\/a><\/p>\n\n\n\n<p class=\"has-larger-font-size\"><a href=\"https:\/\/www.laas.lv\/agrilink\/secinajumi-metodika-un-rekomendacijas-zemenu-audzesanas-nodrosinasanai-tunelos-ar-dubulto-pleves-segumu-un-apsildi\/\">Secin\u0101jumi un Rekomend\u0101cijas<\/a><\/p>\n","protected":false},"excerpt":{"rendered":"<p>Projekta \u201cZeme\u0146u audz\u0113\u0161anas tehnolo\u0123ija, izmantojot substr\u0101ta apsildi augstajos tune\u013cos, ar vai bez papildus apgaismojuma, un optim\u0101la augu biez\u012bbas izv\u0113rt\u0113\u0161ana augstajos tune\u013cos, maksim\u0101lai ra\u017e\u012bbas paaugstin\u0101\u0161anai\u201d se\u0161u audz\u0113\u0161anas sezonu rezult\u0101ti 1. Audz\u0113\u0161anas Sezona (02.08.2020 \u2013 30.10.2020) 2. Audz\u0113\u0161anas Sezona (04.02.2021 \u2013 30.04.2021) 3. Audz\u0113\u0161anas Sezona (10.09.2021 \u2013 13.12..2021) 4. Audz\u0113\u0161anas Sezona (17.03.2022. \u2013 &nbsp;06.06.2022) 5. Audz\u0113\u0161anas Sezona [&hellip;]<\/p>\n","protected":false},"author":2,"featured_media":0,"parent":1355,"menu_order":0,"comment_status":"closed","ping_status":"closed","template":"","meta":{"footnotes":""},"class_list":["post-1359","page","type-page","status-publish","hentry"],"jetpack_sharing_enabled":true,"_links":{"self":[{"href":"https:\/\/www.laas.lv\/agrilink\/wp-json\/wp\/v2\/pages\/1359","targetHints":{"allow":["GET"]}}],"collection":[{"href":"https:\/\/www.laas.lv\/agrilink\/wp-json\/wp\/v2\/pages"}],"about":[{"href":"https:\/\/www.laas.lv\/agrilink\/wp-json\/wp\/v2\/types\/page"}],"author":[{"embeddable":true,"href":"https:\/\/www.laas.lv\/agrilink\/wp-json\/wp\/v2\/users\/2"}],"replies":[{"embeddable":true,"href":"https:\/\/www.laas.lv\/agrilink\/wp-json\/wp\/v2\/comments?post=1359"}],"version-history":[{"count":16,"href":"https:\/\/www.laas.lv\/agrilink\/wp-json\/wp\/v2\/pages\/1359\/revisions"}],"predecessor-version":[{"id":1549,"href":"https:\/\/www.laas.lv\/agrilink\/wp-json\/wp\/v2\/pages\/1359\/revisions\/1549"}],"up":[{"embeddable":true,"href":"https:\/\/www.laas.lv\/agrilink\/wp-json\/wp\/v2\/pages\/1355"}],"wp:attachment":[{"href":"https:\/\/www.laas.lv\/agrilink\/wp-json\/wp\/v2\/media?parent=1359"}],"curies":[{"name":"wp","href":"https:\/\/api.w.org\/{rel}","templated":true}]}}