{"id":1363,"date":"2023-07-27T09:49:04","date_gmt":"2023-07-27T09:49:04","guid":{"rendered":"https:\/\/www.laas.lv\/agrilink\/?page_id=1363"},"modified":"2023-07-27T10:36:48","modified_gmt":"2023-07-27T10:36:48","slug":"zemenu-audzesanas-tehnologija-izmantojot-substrata-apsildi-augstajos-tunelos-sezona-1","status":"publish","type":"page","link":"https:\/\/www.laas.lv\/agrilink\/zemenu-audzesanas-tehnologija-izmantojot-substrata-apsildi-augstajos-tunelos\/zemenu-audzesanas-tehnologija-izmantojot-substrata-apsildi-augstajos-tunelos-sezona-1\/","title":{"rendered":"Zeme\u0146u audz\u0113\u0161anas tehnolo\u0123ija, izmantojot substr\u0101ta apsildi augstajos tune\u013cos. Sezona 1"},"content":{"rendered":"\n<div class=\"wp-block-media-text alignwide is-stacked-on-mobile\"><figure class=\"wp-block-media-text__media\"><img loading=\"lazy\" decoding=\"async\" width=\"356\" height=\"559\" src=\"https:\/\/www.laas.lv\/agrilink\/wp-content\/uploads\/2023\/07\/sez1.jpg\" alt=\"\" class=\"wp-image-1383 size-full\" srcset=\"https:\/\/www.laas.lv\/agrilink\/wp-content\/uploads\/2023\/07\/sez1.jpg 356w, https:\/\/www.laas.lv\/agrilink\/wp-content\/uploads\/2023\/07\/sez1-191x300.jpg 191w\" sizes=\"auto, (max-width: 356px) 100vw, 356px\" \/><\/figure><div class=\"wp-block-media-text__content\">\n<p><strong>1. Audz\u0113\u0161anas Sezona<\/strong><\/p>\n\n\n\n<p class=\"has-small-font-size\"><strong>Periods : <\/strong>02.08.2020 \u2013 30.10.2020 (90 dienas)<\/p>\n\n\n\n<p class=\"has-small-font-size\"><strong>\u0160<\/strong><strong>\u0137irne<\/strong><strong>: <\/strong>Sonata,&nbsp; frigo HWB st\u0101di<\/p>\n\n\n\n<p class=\"has-small-font-size\"><strong>Zied\u0113\u0161ana<\/strong><strong> : <\/strong>zied\u0113\u0161ana s\u0101kusies ar F1 vag\u0101 14.08.2020, p\u0101r\u0113j\u0101m vag\u0101m vienlaic\u012bgi 17.08.2020, masveida zied\u0113\u0161ana F1 un E2 vag\u0101m nov\u0113rota 17.08.2020, p\u0101r\u0113j\u0101m vag\u0101m 20.08.2020.<\/p>\n\n\n\n<p class=\"has-small-font-size\"><strong>Ra\u017eas<\/strong><strong> <\/strong><strong>nov\u0101k\u0161ana<\/strong><strong> <\/strong><strong>uzs\u0101kta<\/strong><strong> <\/strong><strong>11.09.2020.<\/strong><\/p>\n\n\n\n<p class=\"has-small-font-size\"><strong>Uztur\u0113tais<\/strong><strong> <\/strong><strong>temperat\u016bras<\/strong><strong> <\/strong><strong>re\u017e\u012bms<\/strong><strong>: <\/strong>nakts 15-16\u2019C, diena 19-21\u2019C<\/p>\n\n\n\n<p class=\"has-small-font-size\"><strong>Papildus<\/strong><strong> <\/strong><strong>gaismo\u0161ana<\/strong><strong>: <\/strong>uzs\u0101kta 23.09.2020<\/p>\n\n\n\n<p class=\"has-small-font-size\"><strong>Probl\u0113mas<\/strong><strong>:<\/strong><strong> <\/strong><strong>\u25ba<\/strong>mikroklimata uztur\u0113\u0161ana tunel\u012b<\/p>\n\n\n\n<p class=\"has-small-font-size\">&nbsp;&nbsp;&nbsp;&nbsp;&nbsp;&nbsp;&nbsp;&nbsp;&nbsp;&nbsp;&nbsp;&nbsp;&nbsp;&nbsp;&nbsp;&nbsp;&nbsp;&nbsp;&nbsp; \u25baslim\u012bbu ierobe\u017eo\u0161ana<\/p>\n\n\n\n<p class=\"has-small-font-size\"><strong>Secin\u0101jumi<\/strong><strong>:<\/strong><\/p>\n\n\n\n<p class=\"has-small-font-size\">\u25ba Bez atbilsto\u0161a mikroklimata nodro\u0161in\u0101\u0161anas nav iesp\u0113jams izvair\u012bties no slim\u012bb\u0101m!!!<\/p>\n\n\n\n<p class=\"has-small-font-size\">\u25ba\u0160\u0137irnei SONATA (audz\u0113tai zem seguma) slikta transportiztur\u012bba.<\/p>\n<\/div><\/div>\n\n\n\n<p><strong>APRAKSTS<\/strong><\/p>\n\n\n\n<p>Audz\u0113\u0161anas\u00a0 periods.\u00a0 02.08.2020 \u2013 30.10.2020 (90 dienas)\u00a0 tika veikti\u00a0 p\u0113t\u012bjumi ar \u0161\u0137irni\u00a0 Sonata,\u00a0 frigo HWB st\u0101diem. Zied\u0113\u0161ana s\u0101kusies\u00a0 14.08.2020,\u00a0\u00a0 masveida zied\u0113\u0161ana\u00a0\u00a0 notikusi no\u00a0 17.08.2020. Ra\u017eas nov\u0101k\u0161ana uzs\u0101kta 11.09.2020. Uztur\u0113tais temperat\u016bras re\u017e\u012bms: nakts laik\u0101\u00a0\u00a0 bija\u00a0 15-16\u2019C, dien\u0101 19-21\u2019C. Papildus gaismo\u0161ana: uzs\u0101kta 23.09.2020.\u00a0\u00a0\u00a0\u00a0 \u0160aj\u0101 laik\u0101\u00a0 galven\u0101s probl\u0113mas bija mikroklimata uztur\u0113\u0161ana tunel\u012b\u00a0 un slim\u012bbu ierobe\u017eo\u0161ana, no k\u0101 secin\u0101j\u0101m,\u00a0 ka\u00a0\u00a0 bez atbilsto\u0161a mikroklimata nodro\u0161in\u0101\u0161anas nav iesp\u0113jams izvair\u012bties no slim\u012bb\u0101m. T\u0101pat ar\u012b\u00a0 tika secin\u0101ts, ka tikai \u00a0substr\u0101ta apsilde (bez kont\u016bru apsildes tunel\u012b) \u0161aj\u0101 period\u0101 nesp\u0113j nodro\u0161in\u0101t nepiecie\u0161amo mikroklimatu un temperat\u016bru. \u0160\u0137irnei SONATA (audz\u0113tai zem seguma) ir slikta iztur\u012bba pret transport\u0113\u0161anu <\/p>\n\n\n\n<figure class=\"wp-block-gallery has-nested-images columns-default is-cropped wp-block-gallery-1 is-layout-flex wp-block-gallery-is-layout-flex\">\n<figure class=\"wp-block-image size-large is-style-default\"><img loading=\"lazy\" decoding=\"async\" width=\"768\" height=\"1024\" data-id=\"1373\" src=\"https:\/\/www.laas.lv\/agrilink\/wp-content\/uploads\/2023\/07\/IMG_20200804_145630-768x1024.jpg\" alt=\"\" class=\"wp-image-1373\" srcset=\"https:\/\/www.laas.lv\/agrilink\/wp-content\/uploads\/2023\/07\/IMG_20200804_145630-768x1024.jpg 768w, https:\/\/www.laas.lv\/agrilink\/wp-content\/uploads\/2023\/07\/IMG_20200804_145630-225x300.jpg 225w, https:\/\/www.laas.lv\/agrilink\/wp-content\/uploads\/2023\/07\/IMG_20200804_145630-1152x1536.jpg 1152w, https:\/\/www.laas.lv\/agrilink\/wp-content\/uploads\/2023\/07\/IMG_20200804_145630-1536x2048.jpg 1536w, https:\/\/www.laas.lv\/agrilink\/wp-content\/uploads\/2023\/07\/IMG_20200804_145630-1200x1600.jpg 1200w, https:\/\/www.laas.lv\/agrilink\/wp-content\/uploads\/2023\/07\/IMG_20200804_145630-1980x2640.jpg 1980w, https:\/\/www.laas.lv\/agrilink\/wp-content\/uploads\/2023\/07\/IMG_20200804_145630-scaled.jpg 1920w\" sizes=\"auto, (max-width: 768px) 100vw, 768px\" \/><\/figure>\n\n\n\n<figure class=\"wp-block-image size-large is-style-default\"><img loading=\"lazy\" decoding=\"async\" width=\"1024\" height=\"768\" data-id=\"1370\" src=\"https:\/\/www.laas.lv\/agrilink\/wp-content\/uploads\/2023\/07\/IMG_20200810_201819-1024x768.jpg\" alt=\"\" class=\"wp-image-1370\" srcset=\"https:\/\/www.laas.lv\/agrilink\/wp-content\/uploads\/2023\/07\/IMG_20200810_201819-1024x768.jpg 1024w, https:\/\/www.laas.lv\/agrilink\/wp-content\/uploads\/2023\/07\/IMG_20200810_201819-300x225.jpg 300w, https:\/\/www.laas.lv\/agrilink\/wp-content\/uploads\/2023\/07\/IMG_20200810_201819-768x576.jpg 768w, https:\/\/www.laas.lv\/agrilink\/wp-content\/uploads\/2023\/07\/IMG_20200810_201819-1536x1152.jpg 1536w, https:\/\/www.laas.lv\/agrilink\/wp-content\/uploads\/2023\/07\/IMG_20200810_201819-2048x1536.jpg 2048w, https:\/\/www.laas.lv\/agrilink\/wp-content\/uploads\/2023\/07\/IMG_20200810_201819-1200x900.jpg 1200w, https:\/\/www.laas.lv\/agrilink\/wp-content\/uploads\/2023\/07\/IMG_20200810_201819-1980x1485.jpg 1980w\" sizes=\"auto, (max-width: 1024px) 100vw, 1024px\" \/><\/figure>\n\n\n\n<figure class=\"wp-block-image size-large is-style-default\"><img loading=\"lazy\" decoding=\"async\" width=\"768\" height=\"1024\" data-id=\"1372\" src=\"https:\/\/www.laas.lv\/agrilink\/wp-content\/uploads\/2023\/07\/IMG_20200817_091657-768x1024.jpg\" alt=\"\" class=\"wp-image-1372\" srcset=\"https:\/\/www.laas.lv\/agrilink\/wp-content\/uploads\/2023\/07\/IMG_20200817_091657-768x1024.jpg 768w, https:\/\/www.laas.lv\/agrilink\/wp-content\/uploads\/2023\/07\/IMG_20200817_091657-225x300.jpg 225w, https:\/\/www.laas.lv\/agrilink\/wp-content\/uploads\/2023\/07\/IMG_20200817_091657-1152x1536.jpg 1152w, https:\/\/www.laas.lv\/agrilink\/wp-content\/uploads\/2023\/07\/IMG_20200817_091657-1536x2048.jpg 1536w, https:\/\/www.laas.lv\/agrilink\/wp-content\/uploads\/2023\/07\/IMG_20200817_091657-1200x1600.jpg 1200w, https:\/\/www.laas.lv\/agrilink\/wp-content\/uploads\/2023\/07\/IMG_20200817_091657-1980x2640.jpg 1980w, https:\/\/www.laas.lv\/agrilink\/wp-content\/uploads\/2023\/07\/IMG_20200817_091657-scaled.jpg 1920w\" sizes=\"auto, (max-width: 768px) 100vw, 768px\" \/><\/figure>\n\n\n\n<figure class=\"wp-block-image size-large is-style-default\"><img loading=\"lazy\" decoding=\"async\" width=\"1024\" height=\"768\" data-id=\"1369\" src=\"https:\/\/www.laas.lv\/agrilink\/wp-content\/uploads\/2023\/07\/IMG_20200820_124538-1024x768.jpg\" alt=\"\" class=\"wp-image-1369\" srcset=\"https:\/\/www.laas.lv\/agrilink\/wp-content\/uploads\/2023\/07\/IMG_20200820_124538-1024x768.jpg 1024w, https:\/\/www.laas.lv\/agrilink\/wp-content\/uploads\/2023\/07\/IMG_20200820_124538-300x225.jpg 300w, https:\/\/www.laas.lv\/agrilink\/wp-content\/uploads\/2023\/07\/IMG_20200820_124538-768x576.jpg 768w, https:\/\/www.laas.lv\/agrilink\/wp-content\/uploads\/2023\/07\/IMG_20200820_124538-1536x1152.jpg 1536w, https:\/\/www.laas.lv\/agrilink\/wp-content\/uploads\/2023\/07\/IMG_20200820_124538-2048x1536.jpg 2048w, https:\/\/www.laas.lv\/agrilink\/wp-content\/uploads\/2023\/07\/IMG_20200820_124538-1200x900.jpg 1200w, https:\/\/www.laas.lv\/agrilink\/wp-content\/uploads\/2023\/07\/IMG_20200820_124538-1980x1485.jpg 1980w\" sizes=\"auto, (max-width: 1024px) 100vw, 1024px\" \/><\/figure>\n\n\n\n<figure class=\"wp-block-image size-large is-style-default\"><img loading=\"lazy\" decoding=\"async\" width=\"768\" height=\"1024\" data-id=\"1367\" src=\"https:\/\/www.laas.lv\/agrilink\/wp-content\/uploads\/2023\/07\/IMG-20200803-WA0000-768x1024.jpg\" alt=\"\" class=\"wp-image-1367\" srcset=\"https:\/\/www.laas.lv\/agrilink\/wp-content\/uploads\/2023\/07\/IMG-20200803-WA0000-768x1024.jpg 768w, https:\/\/www.laas.lv\/agrilink\/wp-content\/uploads\/2023\/07\/IMG-20200803-WA0000-225x300.jpg 225w, https:\/\/www.laas.lv\/agrilink\/wp-content\/uploads\/2023\/07\/IMG-20200803-WA0000-1152x1536.jpg 1152w, https:\/\/www.laas.lv\/agrilink\/wp-content\/uploads\/2023\/07\/IMG-20200803-WA0000.jpg 1200w\" sizes=\"auto, (max-width: 768px) 100vw, 768px\" \/><\/figure>\n\n\n\n<figure class=\"wp-block-image size-large is-style-default\"><img loading=\"lazy\" decoding=\"async\" width=\"577\" height=\"1024\" data-id=\"1368\" src=\"https:\/\/www.laas.lv\/agrilink\/wp-content\/uploads\/2023\/07\/IMG-20200804-WA0003-577x1024.jpg\" alt=\"\" class=\"wp-image-1368\" srcset=\"https:\/\/www.laas.lv\/agrilink\/wp-content\/uploads\/2023\/07\/IMG-20200804-WA0003-577x1024.jpg 577w, https:\/\/www.laas.lv\/agrilink\/wp-content\/uploads\/2023\/07\/IMG-20200804-WA0003-169x300.jpg 169w, https:\/\/www.laas.lv\/agrilink\/wp-content\/uploads\/2023\/07\/IMG-20200804-WA0003-768x1364.jpg 768w, https:\/\/www.laas.lv\/agrilink\/wp-content\/uploads\/2023\/07\/IMG-20200804-WA0003-865x1536.jpg 865w, https:\/\/www.laas.lv\/agrilink\/wp-content\/uploads\/2023\/07\/IMG-20200804-WA0003.jpg 901w\" sizes=\"auto, (max-width: 577px) 100vw, 577px\" \/><\/figure>\n\n\n\n<figure class=\"wp-block-image size-large is-style-default\"><img loading=\"lazy\" decoding=\"async\" width=\"1024\" height=\"768\" data-id=\"1371\" src=\"https:\/\/www.laas.lv\/agrilink\/wp-content\/uploads\/2023\/07\/IMG-20200806-WA0006-1024x768.jpg\" alt=\"\" class=\"wp-image-1371\" srcset=\"https:\/\/www.laas.lv\/agrilink\/wp-content\/uploads\/2023\/07\/IMG-20200806-WA0006-1024x768.jpg 1024w, https:\/\/www.laas.lv\/agrilink\/wp-content\/uploads\/2023\/07\/IMG-20200806-WA0006-300x225.jpg 300w, https:\/\/www.laas.lv\/agrilink\/wp-content\/uploads\/2023\/07\/IMG-20200806-WA0006-768x576.jpg 768w, https:\/\/www.laas.lv\/agrilink\/wp-content\/uploads\/2023\/07\/IMG-20200806-WA0006-1200x900.jpg 1200w, https:\/\/www.laas.lv\/agrilink\/wp-content\/uploads\/2023\/07\/IMG-20200806-WA0006.jpg 1440w\" sizes=\"auto, (max-width: 1024px) 100vw, 1024px\" \/><\/figure>\n\n\n\n<figure class=\"wp-block-image size-large is-style-default\"><img loading=\"lazy\" decoding=\"async\" width=\"496\" height=\"1024\" data-id=\"1374\" src=\"https:\/\/www.laas.lv\/agrilink\/wp-content\/uploads\/2023\/07\/IMG-20200828-WA0005-496x1024.jpeg\" alt=\"\" class=\"wp-image-1374\" srcset=\"https:\/\/www.laas.lv\/agrilink\/wp-content\/uploads\/2023\/07\/IMG-20200828-WA0005-496x1024.jpeg 496w, https:\/\/www.laas.lv\/agrilink\/wp-content\/uploads\/2023\/07\/IMG-20200828-WA0005-145x300.jpeg 145w, https:\/\/www.laas.lv\/agrilink\/wp-content\/uploads\/2023\/07\/IMG-20200828-WA0005-768x1587.jpeg 768w, https:\/\/www.laas.lv\/agrilink\/wp-content\/uploads\/2023\/07\/IMG-20200828-WA0005-743x1536.jpeg 743w, https:\/\/www.laas.lv\/agrilink\/wp-content\/uploads\/2023\/07\/IMG-20200828-WA0005-991x2048.jpeg 991w, https:\/\/www.laas.lv\/agrilink\/wp-content\/uploads\/2023\/07\/IMG-20200828-WA0005-1200x2479.jpeg 1200w, https:\/\/www.laas.lv\/agrilink\/wp-content\/uploads\/2023\/07\/IMG-20200828-WA0005-scaled.jpeg 1239w\" sizes=\"auto, (max-width: 496px) 100vw, 496px\" \/><\/figure>\n<\/figure>\n\n\n\n<figure class=\"wp-block-gallery has-nested-images columns-default is-cropped wp-block-gallery-2 is-layout-flex wp-block-gallery-is-layout-flex\">\n<figure class=\"wp-block-image size-large is-style-default\"><img loading=\"lazy\" decoding=\"async\" width=\"768\" height=\"1024\" data-id=\"1364\" src=\"https:\/\/www.laas.lv\/agrilink\/wp-content\/uploads\/2023\/07\/IMG_20200911_134151-768x1024.jpg\" alt=\"\" class=\"wp-image-1364\" srcset=\"https:\/\/www.laas.lv\/agrilink\/wp-content\/uploads\/2023\/07\/IMG_20200911_134151-768x1024.jpg 768w, https:\/\/www.laas.lv\/agrilink\/wp-content\/uploads\/2023\/07\/IMG_20200911_134151-225x300.jpg 225w, https:\/\/www.laas.lv\/agrilink\/wp-content\/uploads\/2023\/07\/IMG_20200911_134151-1152x1536.jpg 1152w, https:\/\/www.laas.lv\/agrilink\/wp-content\/uploads\/2023\/07\/IMG_20200911_134151-1536x2048.jpg 1536w, https:\/\/www.laas.lv\/agrilink\/wp-content\/uploads\/2023\/07\/IMG_20200911_134151-1200x1600.jpg 1200w, https:\/\/www.laas.lv\/agrilink\/wp-content\/uploads\/2023\/07\/IMG_20200911_134151-1980x2640.jpg 1980w, https:\/\/www.laas.lv\/agrilink\/wp-content\/uploads\/2023\/07\/IMG_20200911_134151-scaled.jpg 1920w\" sizes=\"auto, (max-width: 768px) 100vw, 768px\" \/><\/figure>\n\n\n\n<figure class=\"wp-block-image size-large is-style-default\"><img loading=\"lazy\" decoding=\"async\" width=\"1024\" height=\"768\" data-id=\"1365\" src=\"https:\/\/www.laas.lv\/agrilink\/wp-content\/uploads\/2023\/07\/IMG_20200922_095417-1024x768.jpg\" alt=\"\" class=\"wp-image-1365\" srcset=\"https:\/\/www.laas.lv\/agrilink\/wp-content\/uploads\/2023\/07\/IMG_20200922_095417-1024x768.jpg 1024w, https:\/\/www.laas.lv\/agrilink\/wp-content\/uploads\/2023\/07\/IMG_20200922_095417-300x225.jpg 300w, https:\/\/www.laas.lv\/agrilink\/wp-content\/uploads\/2023\/07\/IMG_20200922_095417-768x576.jpg 768w, https:\/\/www.laas.lv\/agrilink\/wp-content\/uploads\/2023\/07\/IMG_20200922_095417-1536x1152.jpg 1536w, https:\/\/www.laas.lv\/agrilink\/wp-content\/uploads\/2023\/07\/IMG_20200922_095417-2048x1536.jpg 2048w, https:\/\/www.laas.lv\/agrilink\/wp-content\/uploads\/2023\/07\/IMG_20200922_095417-1200x900.jpg 1200w, https:\/\/www.laas.lv\/agrilink\/wp-content\/uploads\/2023\/07\/IMG_20200922_095417-1980x1485.jpg 1980w\" sizes=\"auto, (max-width: 1024px) 100vw, 1024px\" \/><\/figure>\n\n\n\n<figure class=\"wp-block-image size-large is-style-default\"><img loading=\"lazy\" decoding=\"async\" width=\"1024\" height=\"768\" data-id=\"1366\" src=\"https:\/\/www.laas.lv\/agrilink\/wp-content\/uploads\/2023\/07\/IMG_20200922_095524-1024x768.jpg\" alt=\"\" class=\"wp-image-1366\" srcset=\"https:\/\/www.laas.lv\/agrilink\/wp-content\/uploads\/2023\/07\/IMG_20200922_095524-1024x768.jpg 1024w, https:\/\/www.laas.lv\/agrilink\/wp-content\/uploads\/2023\/07\/IMG_20200922_095524-300x225.jpg 300w, https:\/\/www.laas.lv\/agrilink\/wp-content\/uploads\/2023\/07\/IMG_20200922_095524-768x576.jpg 768w, https:\/\/www.laas.lv\/agrilink\/wp-content\/uploads\/2023\/07\/IMG_20200922_095524-1536x1152.jpg 1536w, https:\/\/www.laas.lv\/agrilink\/wp-content\/uploads\/2023\/07\/IMG_20200922_095524-2048x1536.jpg 2048w, https:\/\/www.laas.lv\/agrilink\/wp-content\/uploads\/2023\/07\/IMG_20200922_095524-1200x900.jpg 1200w, https:\/\/www.laas.lv\/agrilink\/wp-content\/uploads\/2023\/07\/IMG_20200922_095524-1980x1485.jpg 1980w\" sizes=\"auto, (max-width: 1024px) 100vw, 1024px\" \/><\/figure>\n<\/figure>\n","protected":false},"excerpt":{"rendered":"<p>1. Audz\u0113\u0161anas Sezona Periods : 02.08.2020 \u2013 30.10.2020 (90 dienas) \u0160\u0137irne: Sonata,&nbsp; frigo HWB st\u0101di Zied\u0113\u0161ana : zied\u0113\u0161ana s\u0101kusies ar F1 vag\u0101 14.08.2020, p\u0101r\u0113j\u0101m vag\u0101m vienlaic\u012bgi 17.08.2020, masveida zied\u0113\u0161ana F1 un E2 vag\u0101m nov\u0113rota 17.08.2020, p\u0101r\u0113j\u0101m vag\u0101m 20.08.2020. Ra\u017eas nov\u0101k\u0161ana uzs\u0101kta 11.09.2020. Uztur\u0113tais temperat\u016bras re\u017e\u012bms: nakts 15-16\u2019C, diena 19-21\u2019C Papildus gaismo\u0161ana: uzs\u0101kta 23.09.2020 Probl\u0113mas: \u25bamikroklimata [&hellip;]<\/p>\n","protected":false},"author":2,"featured_media":0,"parent":1355,"menu_order":0,"comment_status":"closed","ping_status":"closed","template":"","meta":{"footnotes":""},"class_list":["post-1363","page","type-page","status-publish","hentry"],"jetpack_sharing_enabled":true,"_links":{"self":[{"href":"https:\/\/www.laas.lv\/agrilink\/wp-json\/wp\/v2\/pages\/1363","targetHints":{"allow":["GET"]}}],"collection":[{"href":"https:\/\/www.laas.lv\/agrilink\/wp-json\/wp\/v2\/pages"}],"about":[{"href":"https:\/\/www.laas.lv\/agrilink\/wp-json\/wp\/v2\/types\/page"}],"author":[{"embeddable":true,"href":"https:\/\/www.laas.lv\/agrilink\/wp-json\/wp\/v2\/users\/2"}],"replies":[{"embeddable":true,"href":"https:\/\/www.laas.lv\/agrilink\/wp-json\/wp\/v2\/comments?post=1363"}],"version-history":[{"count":5,"href":"https:\/\/www.laas.lv\/agrilink\/wp-json\/wp\/v2\/pages\/1363\/revisions"}],"predecessor-version":[{"id":1387,"href":"https:\/\/www.laas.lv\/agrilink\/wp-json\/wp\/v2\/pages\/1363\/revisions\/1387"}],"up":[{"embeddable":true,"href":"https:\/\/www.laas.lv\/agrilink\/wp-json\/wp\/v2\/pages\/1355"}],"wp:attachment":[{"href":"https:\/\/www.laas.lv\/agrilink\/wp-json\/wp\/v2\/media?parent=1363"}],"curies":[{"name":"wp","href":"https:\/\/api.w.org\/{rel}","templated":true}]}}