{"id":1378,"date":"2023-07-27T10:33:18","date_gmt":"2023-07-27T10:33:18","guid":{"rendered":"https:\/\/www.laas.lv\/agrilink\/?page_id=1378"},"modified":"2023-08-02T06:43:54","modified_gmt":"2023-08-02T06:43:54","slug":"zemenu-audzesanas-tehnologija-izmantojot-substrata-apsildi-augstajos-tunelos-sezona-2","status":"publish","type":"page","link":"https:\/\/www.laas.lv\/agrilink\/zemenu-audzesanas-tehnologija-izmantojot-substrata-apsildi-augstajos-tunelos\/zemenu-audzesanas-tehnologija-izmantojot-substrata-apsildi-augstajos-tunelos-sezona-2\/","title":{"rendered":"Zeme\u0146u audz\u0113\u0161anas tehnolo\u0123ija, izmantojot substr\u0101ta apsildi augstajos tune\u013cos. Sezona 2"},"content":{"rendered":"\n<div class=\"wp-block-media-text alignwide is-stacked-on-mobile\"><figure class=\"wp-block-media-text__media\"><img loading=\"lazy\" decoding=\"async\" width=\"354\" height=\"555\" src=\"https:\/\/www.laas.lv\/agrilink\/wp-content\/uploads\/2023\/07\/sez2.jpg\" alt=\"\" class=\"wp-image-1381 size-full\" srcset=\"https:\/\/www.laas.lv\/agrilink\/wp-content\/uploads\/2023\/07\/sez2.jpg 354w, https:\/\/www.laas.lv\/agrilink\/wp-content\/uploads\/2023\/07\/sez2-191x300.jpg 191w\" sizes=\"auto, (max-width: 354px) 100vw, 354px\" \/><\/figure><div class=\"wp-block-media-text__content\">\n<p><strong>2. Audz\u0113\u0161anas Sezona<\/strong><\/p>\n\n\n\n<p class=\"has-small-font-size\"><strong>Periods : <\/strong>04.02.2021 \u2013 30.04.2021 (86 dienas)<\/p>\n\n\n\n<p class=\"has-small-font-size\"><strong>\u0160\u0137irne<\/strong><strong>: <\/strong>Elsanta,&nbsp; frigo HWB st\u0101di<\/p>\n\n\n\n<p class=\"has-small-font-size\"><strong>Zied\u0113\u0161ana<\/strong><strong> : <\/strong>zied\u0113\u0161ana s\u0101kusies A1 vag\u0101 &nbsp;26.02.2021, masveida zied\u0113\u0161ana 01.03.2021<\/p>\n\n\n\n<p class=\"has-small-font-size\"><strong>Ra\u017eas<\/strong><strong> <\/strong><strong>nov\u0101k\u0161ana<\/strong><strong> <\/strong><strong>uzs\u0101kta<\/strong><strong> 01.04.2021<\/strong><\/p>\n\n\n\n<p class=\"has-small-font-size\"><strong>Uztur\u0113tais<\/strong><strong> <\/strong><strong>temperat\u016bras<\/strong><strong> <\/strong><strong>re\u017e\u012bms<\/strong><strong>: <\/strong>nakts 15-16\u2019C, diena 19-21\u2019C<\/p>\n\n\n\n<p class=\"has-small-font-size\"><strong>Papildus<\/strong><strong> <\/strong><strong>gaismo\u0161ana<\/strong><strong>: <\/strong>uzs\u0101kta uzreiz<\/p>\n\n\n\n<p class=\"has-small-font-size\"><strong>Probl\u0113mas<\/strong><strong>:<\/strong><\/p>\n\n\n\n<p class=\"has-small-font-size\"><strong>&nbsp;\u25ba<\/strong> laist\u012b\u0161anas nevienm\u0113r\u012bba starp kast\u0113m ar substr\u0101tu un maisiem, starp plauktu st\u0101viem<\/p>\n\n\n\n<p class=\"has-small-font-size\">&nbsp;\u25ba slim\u012bbu ierobe\u017eo\u0161ana, paaugstin\u0101ts mitrums tunel\u012b.<\/p>\n\n\n\n<p class=\"has-small-font-size\">&nbsp;\u25ba slikta kame\u0146u aktivit\u0101te (iesp\u0113jamie iemesli &#8211; pl\u0113ves tunelis + m\u0101ksl\u012bgais apgaismojums)<\/p>\n\n\n\n<p class=\"has-small-font-size\"><strong>Secin\u0101jumi<\/strong><strong>:<\/strong><\/p>\n\n\n\n<p class=\"has-small-font-size\">\u25ba Bez atbilsto\u0161a mikroklimata nodro\u0161in\u0101sanas nav iesp\u0113jams izvair\u012bties no slim\u012bb\u0101m!!!<\/p>\n\n\n\n<p class=\"has-small-font-size\">\u25ba Nepiecie\u0161ami p\u0113t\u012bjumi par pl\u0113ves izv\u0113les ietekmi un m\u0101ksl\u012bg\u0101 apgaismojuma ietekmi uz kame\u0146u aktivit\u0101ti.<\/p>\n<\/div><\/div>\n\n\n\n<p><strong>APRAKSTS<\/strong><\/p>\n\n\n\n<p>Audz\u0113\u0161anas sezonas periods&nbsp;&nbsp; no &nbsp;04.02.2021 \u2013 30.04.2021 (86 dienas),&nbsp; izm\u0113\u0123in\u0101jumi notika&nbsp; ar \u0161\u0137irne: Elsanta,&nbsp; frigo HWB st\u0101diem.&nbsp; Zied\u0113\u0161ana s\u0101kusies&nbsp;&nbsp;&nbsp; 26.02.2021, masveida zied\u0113\u0161ana&nbsp; no 01.03.2021.&nbsp;&nbsp; Ra\u017eas nov\u0101k\u0161ana uzs\u0101kta 01.04.2021. Uztur\u0113tais temperat\u016bras re\u017e\u012bms&nbsp;&nbsp; nakt\u012b&nbsp; 15-16\u00b0C, diena 19-21 <a>\u00b0<\/a>C. Papildus gaismo\u0161ana: uzs\u0101kta uzreiz.&nbsp;&nbsp; Nov\u0113rot\u0101s probl\u0113mas bija&nbsp; laist\u012b\u0161anas nevienm\u0113r\u012bba starp kast\u0113m ar substr\u0101tu un maisiem, k\u0101 ar\u012b starp plauktu st\u0101viem,&nbsp;&nbsp;&nbsp; probl\u0113mas&nbsp; ar&nbsp; slim\u012bbu ierobe\u017eo\u0161anu un c\u012b\u0146a&nbsp;&nbsp; ar paaugstin\u0101tu mitrumu tunel\u012b.&nbsp; Tika nov\u0113rota&nbsp;&nbsp; slikta kame\u0146u aktivit\u0101te ,&nbsp; k\u0101&nbsp; iesp\u0113jamie iemesli&nbsp; var\u0113tu b\u016bt&nbsp; pl\u0113ves tunelis&nbsp;&nbsp; un&nbsp; m\u0101ksl\u012bgais apgaismojums, palielin\u0101ts mitrums tunel\u012b. No t\u0101 izveidoju\u0161ies secin\u0101jumi, ka&nbsp;&nbsp; bez atbilsto\u0161a mikroklimata nodro\u0161in\u0101sanas nav iesp\u0113jams izvair\u012bties no slim\u012bb\u0101m. T\u0101pat ar\u012b nepiecie\u0161ami p\u0113t\u012bjumi par pl\u0113ves izv\u0113les ietekmi un m\u0101ksl\u012bg\u0101 apgaismojuma ietekmi uz kame\u0146u aktivit\u0101ti.<\/p>\n\n\n\n<figure class=\"wp-block-gallery has-nested-images columns-default is-cropped wp-block-gallery-1 is-layout-flex wp-block-gallery-is-layout-flex\">\n<figure class=\"wp-block-image size-large is-style-default\"><img loading=\"lazy\" decoding=\"async\" width=\"1024\" height=\"768\" data-id=\"1393\" src=\"https:\/\/www.laas.lv\/agrilink\/wp-content\/uploads\/2023\/07\/IMG_20210204_140130-1024x768.jpg\" alt=\"\" class=\"wp-image-1393\" srcset=\"https:\/\/www.laas.lv\/agrilink\/wp-content\/uploads\/2023\/07\/IMG_20210204_140130-1024x768.jpg 1024w, https:\/\/www.laas.lv\/agrilink\/wp-content\/uploads\/2023\/07\/IMG_20210204_140130-300x225.jpg 300w, https:\/\/www.laas.lv\/agrilink\/wp-content\/uploads\/2023\/07\/IMG_20210204_140130-768x576.jpg 768w, https:\/\/www.laas.lv\/agrilink\/wp-content\/uploads\/2023\/07\/IMG_20210204_140130-1536x1152.jpg 1536w, https:\/\/www.laas.lv\/agrilink\/wp-content\/uploads\/2023\/07\/IMG_20210204_140130-2048x1536.jpg 2048w, https:\/\/www.laas.lv\/agrilink\/wp-content\/uploads\/2023\/07\/IMG_20210204_140130-1200x900.jpg 1200w, https:\/\/www.laas.lv\/agrilink\/wp-content\/uploads\/2023\/07\/IMG_20210204_140130-1980x1485.jpg 1980w\" sizes=\"auto, (max-width: 1024px) 100vw, 1024px\" \/><\/figure>\n\n\n\n<figure class=\"wp-block-image size-large is-style-default\"><img loading=\"lazy\" decoding=\"async\" width=\"768\" height=\"1024\" data-id=\"1391\" src=\"https:\/\/www.laas.lv\/agrilink\/wp-content\/uploads\/2023\/07\/IMG_20210209_100601-768x1024.jpg\" alt=\"\" class=\"wp-image-1391\" srcset=\"https:\/\/www.laas.lv\/agrilink\/wp-content\/uploads\/2023\/07\/IMG_20210209_100601-768x1024.jpg 768w, https:\/\/www.laas.lv\/agrilink\/wp-content\/uploads\/2023\/07\/IMG_20210209_100601-225x300.jpg 225w, https:\/\/www.laas.lv\/agrilink\/wp-content\/uploads\/2023\/07\/IMG_20210209_100601-1152x1536.jpg 1152w, https:\/\/www.laas.lv\/agrilink\/wp-content\/uploads\/2023\/07\/IMG_20210209_100601-1536x2048.jpg 1536w, https:\/\/www.laas.lv\/agrilink\/wp-content\/uploads\/2023\/07\/IMG_20210209_100601-1200x1600.jpg 1200w, https:\/\/www.laas.lv\/agrilink\/wp-content\/uploads\/2023\/07\/IMG_20210209_100601-1980x2640.jpg 1980w, https:\/\/www.laas.lv\/agrilink\/wp-content\/uploads\/2023\/07\/IMG_20210209_100601-scaled.jpg 1920w\" sizes=\"auto, (max-width: 768px) 100vw, 768px\" \/><\/figure>\n\n\n\n<figure class=\"wp-block-image size-large is-style-default\"><img loading=\"lazy\" decoding=\"async\" width=\"1024\" height=\"768\" data-id=\"1392\" src=\"https:\/\/www.laas.lv\/agrilink\/wp-content\/uploads\/2023\/07\/IMG_20210219_111457-1024x768.jpg\" alt=\"\" class=\"wp-image-1392\" srcset=\"https:\/\/www.laas.lv\/agrilink\/wp-content\/uploads\/2023\/07\/IMG_20210219_111457-1024x768.jpg 1024w, https:\/\/www.laas.lv\/agrilink\/wp-content\/uploads\/2023\/07\/IMG_20210219_111457-300x225.jpg 300w, https:\/\/www.laas.lv\/agrilink\/wp-content\/uploads\/2023\/07\/IMG_20210219_111457-768x576.jpg 768w, https:\/\/www.laas.lv\/agrilink\/wp-content\/uploads\/2023\/07\/IMG_20210219_111457-1536x1152.jpg 1536w, https:\/\/www.laas.lv\/agrilink\/wp-content\/uploads\/2023\/07\/IMG_20210219_111457-2048x1536.jpg 2048w, https:\/\/www.laas.lv\/agrilink\/wp-content\/uploads\/2023\/07\/IMG_20210219_111457-1200x900.jpg 1200w, https:\/\/www.laas.lv\/agrilink\/wp-content\/uploads\/2023\/07\/IMG_20210219_111457-1980x1485.jpg 1980w\" sizes=\"auto, (max-width: 1024px) 100vw, 1024px\" \/><\/figure>\n\n\n\n<figure class=\"wp-block-image size-large is-style-default\"><img loading=\"lazy\" decoding=\"async\" width=\"1024\" height=\"576\" data-id=\"1390\" src=\"https:\/\/www.laas.lv\/agrilink\/wp-content\/uploads\/2023\/07\/IMG-20210204-WA0008-1024x576.jpeg\" alt=\"\" class=\"wp-image-1390\" srcset=\"https:\/\/www.laas.lv\/agrilink\/wp-content\/uploads\/2023\/07\/IMG-20210204-WA0008-1024x576.jpeg 1024w, https:\/\/www.laas.lv\/agrilink\/wp-content\/uploads\/2023\/07\/IMG-20210204-WA0008-300x169.jpeg 300w, https:\/\/www.laas.lv\/agrilink\/wp-content\/uploads\/2023\/07\/IMG-20210204-WA0008-768x432.jpeg 768w, https:\/\/www.laas.lv\/agrilink\/wp-content\/uploads\/2023\/07\/IMG-20210204-WA0008-1536x864.jpeg 1536w, https:\/\/www.laas.lv\/agrilink\/wp-content\/uploads\/2023\/07\/IMG-20210204-WA0008-2048x1152.jpeg 2048w, https:\/\/www.laas.lv\/agrilink\/wp-content\/uploads\/2023\/07\/IMG-20210204-WA0008-1200x675.jpeg 1200w, https:\/\/www.laas.lv\/agrilink\/wp-content\/uploads\/2023\/07\/IMG-20210204-WA0008-1980x1114.jpeg 1980w\" sizes=\"auto, (max-width: 1024px) 100vw, 1024px\" \/><\/figure>\n<\/figure>\n\n\n\n<figure class=\"wp-block-gallery has-nested-images columns-default is-cropped wp-block-gallery-2 is-layout-flex wp-block-gallery-is-layout-flex\">\n<figure class=\"wp-block-image size-large is-style-default\"><img loading=\"lazy\" decoding=\"async\" width=\"1024\" height=\"683\" data-id=\"1404\" src=\"https:\/\/www.laas.lv\/agrilink\/wp-content\/uploads\/2023\/07\/2020-09-18-061_cd-1024x683.jpg\" alt=\"\" class=\"wp-image-1404\" srcset=\"https:\/\/www.laas.lv\/agrilink\/wp-content\/uploads\/2023\/07\/2020-09-18-061_cd-1024x683.jpg 1024w, https:\/\/www.laas.lv\/agrilink\/wp-content\/uploads\/2023\/07\/2020-09-18-061_cd-300x200.jpg 300w, https:\/\/www.laas.lv\/agrilink\/wp-content\/uploads\/2023\/07\/2020-09-18-061_cd-768x512.jpg 768w, https:\/\/www.laas.lv\/agrilink\/wp-content\/uploads\/2023\/07\/2020-09-18-061_cd-1536x1024.jpg 1536w, https:\/\/www.laas.lv\/agrilink\/wp-content\/uploads\/2023\/07\/2020-09-18-061_cd-2048x1365.jpg 2048w, https:\/\/www.laas.lv\/agrilink\/wp-content\/uploads\/2023\/07\/2020-09-18-061_cd-1200x800.jpg 1200w, https:\/\/www.laas.lv\/agrilink\/wp-content\/uploads\/2023\/07\/2020-09-18-061_cd-1980x1320.jpg 1980w\" sizes=\"auto, (max-width: 1024px) 100vw, 1024px\" \/><\/figure>\n\n\n\n<figure class=\"wp-block-image size-large is-style-default\"><img loading=\"lazy\" decoding=\"async\" width=\"683\" height=\"1024\" data-id=\"1395\" src=\"https:\/\/www.laas.lv\/agrilink\/wp-content\/uploads\/2023\/07\/2020-09-18-050-683x1024.jpg\" alt=\"\" class=\"wp-image-1395\" srcset=\"https:\/\/www.laas.lv\/agrilink\/wp-content\/uploads\/2023\/07\/2020-09-18-050-683x1024.jpg 683w, https:\/\/www.laas.lv\/agrilink\/wp-content\/uploads\/2023\/07\/2020-09-18-050-200x300.jpg 200w, https:\/\/www.laas.lv\/agrilink\/wp-content\/uploads\/2023\/07\/2020-09-18-050-768x1152.jpg 768w, https:\/\/www.laas.lv\/agrilink\/wp-content\/uploads\/2023\/07\/2020-09-18-050-1024x1536.jpg 1024w, https:\/\/www.laas.lv\/agrilink\/wp-content\/uploads\/2023\/07\/2020-09-18-050-1365x2048.jpg 1365w, https:\/\/www.laas.lv\/agrilink\/wp-content\/uploads\/2023\/07\/2020-09-18-050-1200x1800.jpg 1200w, https:\/\/www.laas.lv\/agrilink\/wp-content\/uploads\/2023\/07\/2020-09-18-050-1980x2970.jpg 1980w, https:\/\/www.laas.lv\/agrilink\/wp-content\/uploads\/2023\/07\/2020-09-18-050-scaled.jpg 1707w\" sizes=\"auto, (max-width: 683px) 100vw, 683px\" \/><\/figure>\n<\/figure>\n","protected":false},"excerpt":{"rendered":"<p>2. Audz\u0113\u0161anas Sezona Periods : 04.02.2021 \u2013 30.04.2021 (86 dienas) \u0160\u0137irne: Elsanta,&nbsp; frigo HWB st\u0101di Zied\u0113\u0161ana : zied\u0113\u0161ana s\u0101kusies A1 vag\u0101 &nbsp;26.02.2021, masveida zied\u0113\u0161ana 01.03.2021 Ra\u017eas nov\u0101k\u0161ana uzs\u0101kta 01.04.2021 Uztur\u0113tais temperat\u016bras re\u017e\u012bms: nakts 15-16\u2019C, diena 19-21\u2019C Papildus gaismo\u0161ana: uzs\u0101kta uzreiz Probl\u0113mas: &nbsp;\u25ba laist\u012b\u0161anas nevienm\u0113r\u012bba starp kast\u0113m ar substr\u0101tu un maisiem, starp plauktu st\u0101viem &nbsp;\u25ba slim\u012bbu [&hellip;]<\/p>\n","protected":false},"author":2,"featured_media":0,"parent":1355,"menu_order":0,"comment_status":"closed","ping_status":"closed","template":"","meta":{"footnotes":""},"class_list":["post-1378","page","type-page","status-publish","hentry"],"jetpack_sharing_enabled":true,"_links":{"self":[{"href":"https:\/\/www.laas.lv\/agrilink\/wp-json\/wp\/v2\/pages\/1378","targetHints":{"allow":["GET"]}}],"collection":[{"href":"https:\/\/www.laas.lv\/agrilink\/wp-json\/wp\/v2\/pages"}],"about":[{"href":"https:\/\/www.laas.lv\/agrilink\/wp-json\/wp\/v2\/types\/page"}],"author":[{"embeddable":true,"href":"https:\/\/www.laas.lv\/agrilink\/wp-json\/wp\/v2\/users\/2"}],"replies":[{"embeddable":true,"href":"https:\/\/www.laas.lv\/agrilink\/wp-json\/wp\/v2\/comments?post=1378"}],"version-history":[{"count":8,"href":"https:\/\/www.laas.lv\/agrilink\/wp-json\/wp\/v2\/pages\/1378\/revisions"}],"predecessor-version":[{"id":1440,"href":"https:\/\/www.laas.lv\/agrilink\/wp-json\/wp\/v2\/pages\/1378\/revisions\/1440"}],"up":[{"embeddable":true,"href":"https:\/\/www.laas.lv\/agrilink\/wp-json\/wp\/v2\/pages\/1355"}],"wp:attachment":[{"href":"https:\/\/www.laas.lv\/agrilink\/wp-json\/wp\/v2\/media?parent=1378"}],"curies":[{"name":"wp","href":"https:\/\/api.w.org\/{rel}","templated":true}]}}