{"id":1417,"date":"2023-08-02T06:35:38","date_gmt":"2023-08-02T06:35:38","guid":{"rendered":"https:\/\/www.laas.lv\/agrilink\/?page_id=1417"},"modified":"2023-08-04T05:19:58","modified_gmt":"2023-08-04T05:19:58","slug":"zemenu-audzesanas-tehnologija-izmantojot-substrata-apsildi-augstajos-tunelos-sezona-3","status":"publish","type":"page","link":"https:\/\/www.laas.lv\/agrilink\/zemenu-audzesanas-tehnologija-izmantojot-substrata-apsildi-augstajos-tunelos\/zemenu-audzesanas-tehnologija-izmantojot-substrata-apsildi-augstajos-tunelos-sezona-3\/","title":{"rendered":"Zeme\u0146u audz\u0113\u0161anas tehnolo\u0123ija, izmantojot substr\u0101ta apsildi augstajos tune\u013cos. Sezona 3"},"content":{"rendered":"\n<div class=\"wp-block-media-text alignwide is-stacked-on-mobile\"><figure class=\"wp-block-media-text__media\"><img loading=\"lazy\" decoding=\"async\" width=\"452\" height=\"630\" src=\"https:\/\/www.laas.lv\/agrilink\/wp-content\/uploads\/2023\/08\/s3.jpg\" alt=\"\" class=\"wp-image-1419 size-full\" srcset=\"https:\/\/www.laas.lv\/agrilink\/wp-content\/uploads\/2023\/08\/s3.jpg 452w, https:\/\/www.laas.lv\/agrilink\/wp-content\/uploads\/2023\/08\/s3-215x300.jpg 215w\" sizes=\"auto, (max-width: 452px) 100vw, 452px\" \/><\/figure><div class=\"wp-block-media-text__content\">\n<p><strong>3. Audz\u0113\u0161anas Sezona<\/strong><\/p>\n\n\n\n<p class=\"has-small-font-size\"><strong>Periods : <\/strong>10.09.2021 \u2013 13.12..2021 (95 dienas)<\/p>\n\n\n\n<p class=\"has-small-font-size\"><strong>\u0160\u0137irne<\/strong><strong>: <\/strong>Elsanta,&nbsp; frigo HWB st\u0101di<\/p>\n\n\n\n<p class=\"has-small-font-size\"><strong>Zied\u0113\u0161ana<\/strong><strong> : <\/strong>zied\u0113\u0161ana s\u0101kusies &nbsp;A1 vag\u0101&nbsp; 03.10.2021, masveida zied\u0113\u0161ana 08.10.2021<\/p>\n\n\n\n<p class=\"has-small-font-size\"><strong>Ra\u017eas<\/strong><strong> <\/strong><strong>nov\u0101k\u0161ana<\/strong><strong> <\/strong><strong>uzs\u0101kta<\/strong><strong> <\/strong><strong>04.11.2021<\/strong><strong><\/strong><\/p>\n\n\n\n<p class=\"has-small-font-size\"><strong>Uztur\u0113tais<\/strong><strong> <\/strong><strong>temperat\u016bras<\/strong><strong> <\/strong><strong>re\u017e\u012bms<\/strong><strong>: <\/strong>nakts 14-15\u2019C, diena 19-21\u2019C<\/p>\n\n\n\n<p class=\"has-small-font-size\"><strong>Papildus<\/strong><strong> <\/strong><strong>gaismo\u0161ana<\/strong><strong>: <\/strong>uzs\u0101kta 20.09.2021<\/p>\n\n\n\n<p class=\"has-small-font-size\"><strong>Probl\u0113mas<\/strong><strong>:<\/strong><\/p>\n\n\n\n<p class=\"has-small-font-size\"><strong>&nbsp;\u25ba<\/strong> laist\u012b\u0161anas nevienm\u0113r\u012bba starp &nbsp;plauktu st\u0101viem<\/p>\n\n\n\n<p class=\"has-small-font-size\">&nbsp;\u25ba slikta kame\u0146u aktivit\u0101te, provizoriskie iemesli (pl\u0113ves tunelis + m\u0101ksl\u012bgais apgaismojums)<\/p>\n\n\n\n<p class=\"has-small-font-size\">\u25ba ogu deform\u0101cija<\/p>\n\n\n\n<p class=\"has-small-font-size\"><strong>Secin\u0101jumi<\/strong><strong>:<\/strong><\/p>\n\n\n\n<p class=\"has-small-font-size\">\u25ba Kont\u016bru apsilde tunel\u012b nodro\u0161ina nepiecie\u0161amo mikroklimatu<\/p>\n\n\n\n<p class=\"has-small-font-size\">\u25ba Nepiecie\u0161ami p\u0113t\u012bjumi par pl\u0113ves izv\u0113les ietekmi un m\u0101ksl\u012bg\u0101 apgaismojuma ietekmi uz kame\u0146u aktivit\u0101ti.<\/p>\n<\/div><\/div>\n\n\n\n<p><strong>APRAKSTS<\/strong><\/p>\n\n\n\n<p>Audz\u0113\u0161anas sezonas periods : 10.09.2021 \u2013 13.12..2021 (95 dienas), kur\u0101 izm\u0113\u0123in\u0101ta \u0161\u0137irne: Elsanta,\u00a0 frigo HWB st\u0101di, kurai\u00a0 zied\u0113\u0161ana s\u0101kusies\u00a0\u00a0\u00a0 03.10.2021, masveida zied\u0113\u0161ana 08.10.2021. , bet ra\u017eas nov\u0101k\u0161ana uzs\u0101kta 04.11.2021.\u00a0 Uztur\u0113tais temperat\u016bras re\u017e\u012bms: nakt\u012b 14-15\u00b0C, diena 19-21\u00b0C.\u00a0 Papildus gaismo\u0161ana uzs\u0101kta 20.09.2021.\u00a0\u00a0\u00a0 Nov\u0113rot\u0101s probl\u0113mas bija \u0161\u0101das:\u00a0 laist\u012b\u0161anas nevienm\u0113r\u012bba starp\u00a0 plauktu st\u0101viem un\u00a0 slikta kame\u0146u aktivit\u0101te, provizoriskie iemesli\u00a0 pl\u0113ves tunelis\u00a0 un\u00a0 m\u0101ksl\u012bgais apgaismojums.\u00a0 Bija ar\u012b\u00a0 nov\u0113rota\u00a0 ogu deform\u0101cija.\u00a0 No t\u0101 veidojas secin\u0101jumi, ka kont\u016bru apsilde tunel\u012b nodro\u0161ina nepiecie\u0161amo mikroklimatu\u00a0 un nepiecie\u0161ami p\u0113t\u012bjumi par pl\u0113ves izv\u0113les ietekmi un m\u0101ksl\u012bg\u0101 apgaismojuma ietekmi uz kame\u0146u aktivit\u0101ti.<\/p>\n\n\n\n<figure class=\"wp-block-gallery has-nested-images columns-default is-cropped wp-block-gallery-1 is-layout-flex wp-block-gallery-is-layout-flex\">\n<figure class=\"wp-block-image size-large is-style-default\"><img loading=\"lazy\" decoding=\"async\" width=\"1024\" height=\"768\" data-id=\"1425\" src=\"https:\/\/www.laas.lv\/agrilink\/wp-content\/uploads\/2023\/08\/IMG_20210912_134855-1024x768.jpg\" alt=\"\" class=\"wp-image-1425\" srcset=\"https:\/\/www.laas.lv\/agrilink\/wp-content\/uploads\/2023\/08\/IMG_20210912_134855-1024x768.jpg 1024w, https:\/\/www.laas.lv\/agrilink\/wp-content\/uploads\/2023\/08\/IMG_20210912_134855-300x225.jpg 300w, https:\/\/www.laas.lv\/agrilink\/wp-content\/uploads\/2023\/08\/IMG_20210912_134855-768x576.jpg 768w, https:\/\/www.laas.lv\/agrilink\/wp-content\/uploads\/2023\/08\/IMG_20210912_134855-1536x1152.jpg 1536w, https:\/\/www.laas.lv\/agrilink\/wp-content\/uploads\/2023\/08\/IMG_20210912_134855-2048x1536.jpg 2048w, https:\/\/www.laas.lv\/agrilink\/wp-content\/uploads\/2023\/08\/IMG_20210912_134855-1200x900.jpg 1200w, https:\/\/www.laas.lv\/agrilink\/wp-content\/uploads\/2023\/08\/IMG_20210912_134855-1980x1485.jpg 1980w\" sizes=\"auto, (max-width: 1024px) 100vw, 1024px\" \/><\/figure>\n\n\n\n<figure class=\"wp-block-image size-large is-style-default\"><img loading=\"lazy\" decoding=\"async\" width=\"1024\" height=\"768\" data-id=\"1423\" src=\"https:\/\/www.laas.lv\/agrilink\/wp-content\/uploads\/2023\/08\/IMG_20211023_083125-1024x768.jpg\" alt=\"\" class=\"wp-image-1423\" srcset=\"https:\/\/www.laas.lv\/agrilink\/wp-content\/uploads\/2023\/08\/IMG_20211023_083125-1024x768.jpg 1024w, https:\/\/www.laas.lv\/agrilink\/wp-content\/uploads\/2023\/08\/IMG_20211023_083125-300x225.jpg 300w, https:\/\/www.laas.lv\/agrilink\/wp-content\/uploads\/2023\/08\/IMG_20211023_083125-768x576.jpg 768w, https:\/\/www.laas.lv\/agrilink\/wp-content\/uploads\/2023\/08\/IMG_20211023_083125-1536x1152.jpg 1536w, https:\/\/www.laas.lv\/agrilink\/wp-content\/uploads\/2023\/08\/IMG_20211023_083125-2048x1536.jpg 2048w, https:\/\/www.laas.lv\/agrilink\/wp-content\/uploads\/2023\/08\/IMG_20211023_083125-1200x900.jpg 1200w, https:\/\/www.laas.lv\/agrilink\/wp-content\/uploads\/2023\/08\/IMG_20211023_083125-1980x1485.jpg 1980w\" sizes=\"auto, (max-width: 1024px) 100vw, 1024px\" \/><\/figure>\n\n\n\n<figure class=\"wp-block-image size-large is-style-default\"><img loading=\"lazy\" decoding=\"async\" width=\"1024\" height=\"768\" data-id=\"1426\" src=\"https:\/\/www.laas.lv\/agrilink\/wp-content\/uploads\/2023\/08\/IMG_20211114_141653-1024x768.jpg\" alt=\"\" class=\"wp-image-1426\" srcset=\"https:\/\/www.laas.lv\/agrilink\/wp-content\/uploads\/2023\/08\/IMG_20211114_141653-1024x768.jpg 1024w, https:\/\/www.laas.lv\/agrilink\/wp-content\/uploads\/2023\/08\/IMG_20211114_141653-300x225.jpg 300w, https:\/\/www.laas.lv\/agrilink\/wp-content\/uploads\/2023\/08\/IMG_20211114_141653-768x576.jpg 768w, https:\/\/www.laas.lv\/agrilink\/wp-content\/uploads\/2023\/08\/IMG_20211114_141653-1536x1152.jpg 1536w, https:\/\/www.laas.lv\/agrilink\/wp-content\/uploads\/2023\/08\/IMG_20211114_141653-2048x1536.jpg 2048w, https:\/\/www.laas.lv\/agrilink\/wp-content\/uploads\/2023\/08\/IMG_20211114_141653-1200x900.jpg 1200w, https:\/\/www.laas.lv\/agrilink\/wp-content\/uploads\/2023\/08\/IMG_20211114_141653-1980x1485.jpg 1980w\" sizes=\"auto, (max-width: 1024px) 100vw, 1024px\" \/><\/figure>\n<\/figure>\n\n\n\n<figure class=\"wp-block-gallery has-nested-images columns-default is-cropped wp-block-gallery-2 is-layout-flex wp-block-gallery-is-layout-flex\">\n<figure class=\"wp-block-image size-large is-style-default\"><img loading=\"lazy\" decoding=\"async\" width=\"1024\" height=\"768\" data-id=\"1433\" src=\"https:\/\/www.laas.lv\/agrilink\/wp-content\/uploads\/2023\/08\/IMG_20210920_085258-2-1024x768.jpg\" alt=\"\" class=\"wp-image-1433\" srcset=\"https:\/\/www.laas.lv\/agrilink\/wp-content\/uploads\/2023\/08\/IMG_20210920_085258-2-1024x768.jpg 1024w, https:\/\/www.laas.lv\/agrilink\/wp-content\/uploads\/2023\/08\/IMG_20210920_085258-2-300x225.jpg 300w, https:\/\/www.laas.lv\/agrilink\/wp-content\/uploads\/2023\/08\/IMG_20210920_085258-2-768x576.jpg 768w, https:\/\/www.laas.lv\/agrilink\/wp-content\/uploads\/2023\/08\/IMG_20210920_085258-2-1536x1152.jpg 1536w, https:\/\/www.laas.lv\/agrilink\/wp-content\/uploads\/2023\/08\/IMG_20210920_085258-2-2048x1536.jpg 2048w, https:\/\/www.laas.lv\/agrilink\/wp-content\/uploads\/2023\/08\/IMG_20210920_085258-2-1200x900.jpg 1200w, https:\/\/www.laas.lv\/agrilink\/wp-content\/uploads\/2023\/08\/IMG_20210920_085258-2-1980x1485.jpg 1980w\" sizes=\"auto, (max-width: 1024px) 100vw, 1024px\" \/><\/figure>\n\n\n\n<figure class=\"wp-block-image size-large is-style-default\"><img loading=\"lazy\" decoding=\"async\" width=\"768\" height=\"1024\" data-id=\"1432\" src=\"https:\/\/www.laas.lv\/agrilink\/wp-content\/uploads\/2023\/08\/IMG_20210922_091952-1-768x1024.jpg\" alt=\"\" class=\"wp-image-1432\" srcset=\"https:\/\/www.laas.lv\/agrilink\/wp-content\/uploads\/2023\/08\/IMG_20210922_091952-1-768x1024.jpg 768w, https:\/\/www.laas.lv\/agrilink\/wp-content\/uploads\/2023\/08\/IMG_20210922_091952-1-225x300.jpg 225w, https:\/\/www.laas.lv\/agrilink\/wp-content\/uploads\/2023\/08\/IMG_20210922_091952-1-1152x1536.jpg 1152w, https:\/\/www.laas.lv\/agrilink\/wp-content\/uploads\/2023\/08\/IMG_20210922_091952-1-1536x2048.jpg 1536w, https:\/\/www.laas.lv\/agrilink\/wp-content\/uploads\/2023\/08\/IMG_20210922_091952-1-1200x1600.jpg 1200w, https:\/\/www.laas.lv\/agrilink\/wp-content\/uploads\/2023\/08\/IMG_20210922_091952-1-1980x2640.jpg 1980w, https:\/\/www.laas.lv\/agrilink\/wp-content\/uploads\/2023\/08\/IMG_20210922_091952-1-scaled.jpg 1920w\" sizes=\"auto, (max-width: 768px) 100vw, 768px\" \/><\/figure>\n<\/figure>\n","protected":false},"excerpt":{"rendered":"<p>3. Audz\u0113\u0161anas Sezona Periods : 10.09.2021 \u2013 13.12..2021 (95 dienas) \u0160\u0137irne: Elsanta,&nbsp; frigo HWB st\u0101di Zied\u0113\u0161ana : zied\u0113\u0161ana s\u0101kusies &nbsp;A1 vag\u0101&nbsp; 03.10.2021, masveida zied\u0113\u0161ana 08.10.2021 Ra\u017eas nov\u0101k\u0161ana uzs\u0101kta 04.11.2021 Uztur\u0113tais temperat\u016bras re\u017e\u012bms: nakts 14-15\u2019C, diena 19-21\u2019C Papildus gaismo\u0161ana: uzs\u0101kta 20.09.2021 Probl\u0113mas: &nbsp;\u25ba laist\u012b\u0161anas nevienm\u0113r\u012bba starp &nbsp;plauktu st\u0101viem &nbsp;\u25ba slikta kame\u0146u aktivit\u0101te, provizoriskie iemesli (pl\u0113ves tunelis [&hellip;]<\/p>\n","protected":false},"author":2,"featured_media":0,"parent":1355,"menu_order":0,"comment_status":"closed","ping_status":"closed","template":"","meta":{"footnotes":""},"class_list":["post-1417","page","type-page","status-publish","hentry"],"jetpack_sharing_enabled":true,"_links":{"self":[{"href":"https:\/\/www.laas.lv\/agrilink\/wp-json\/wp\/v2\/pages\/1417","targetHints":{"allow":["GET"]}}],"collection":[{"href":"https:\/\/www.laas.lv\/agrilink\/wp-json\/wp\/v2\/pages"}],"about":[{"href":"https:\/\/www.laas.lv\/agrilink\/wp-json\/wp\/v2\/types\/page"}],"author":[{"embeddable":true,"href":"https:\/\/www.laas.lv\/agrilink\/wp-json\/wp\/v2\/users\/2"}],"replies":[{"embeddable":true,"href":"https:\/\/www.laas.lv\/agrilink\/wp-json\/wp\/v2\/comments?post=1417"}],"version-history":[{"count":3,"href":"https:\/\/www.laas.lv\/agrilink\/wp-json\/wp\/v2\/pages\/1417\/revisions"}],"predecessor-version":[{"id":1434,"href":"https:\/\/www.laas.lv\/agrilink\/wp-json\/wp\/v2\/pages\/1417\/revisions\/1434"}],"up":[{"embeddable":true,"href":"https:\/\/www.laas.lv\/agrilink\/wp-json\/wp\/v2\/pages\/1355"}],"wp:attachment":[{"href":"https:\/\/www.laas.lv\/agrilink\/wp-json\/wp\/v2\/media?parent=1417"}],"curies":[{"name":"wp","href":"https:\/\/api.w.org\/{rel}","templated":true}]}}