{"id":1441,"date":"2023-08-02T07:02:22","date_gmt":"2023-08-02T07:02:22","guid":{"rendered":"https:\/\/www.laas.lv\/agrilink\/?page_id=1441"},"modified":"2023-08-04T05:20:09","modified_gmt":"2023-08-04T05:20:09","slug":"zemenu-audzesanas-tehnologija-izmantojot-substrata-apsildi-augstajos-tunelos-sezona-4","status":"publish","type":"page","link":"https:\/\/www.laas.lv\/agrilink\/zemenu-audzesanas-tehnologija-izmantojot-substrata-apsildi-augstajos-tunelos\/zemenu-audzesanas-tehnologija-izmantojot-substrata-apsildi-augstajos-tunelos-sezona-4\/","title":{"rendered":"Zeme\u0146u audz\u0113\u0161anas tehnolo\u0123ija, izmantojot substr\u0101ta apsildi augstajos tune\u013cos. Sezona 4"},"content":{"rendered":"\n<div class=\"wp-block-media-text alignwide is-stacked-on-mobile\"><figure class=\"wp-block-media-text__media\"><img loading=\"lazy\" decoding=\"async\" width=\"531\" height=\"644\" src=\"https:\/\/www.laas.lv\/agrilink\/wp-content\/uploads\/2023\/08\/s4.jpg\" alt=\"\" class=\"wp-image-1442 size-full\" srcset=\"https:\/\/www.laas.lv\/agrilink\/wp-content\/uploads\/2023\/08\/s4.jpg 531w, https:\/\/www.laas.lv\/agrilink\/wp-content\/uploads\/2023\/08\/s4-247x300.jpg 247w\" sizes=\"auto, (max-width: 531px) 100vw, 531px\" \/><\/figure><div class=\"wp-block-media-text__content\">\n<p><strong>4. Audz\u0113\u0161anas Sezona<\/strong><\/p>\n\n\n\n<p class=\"has-small-font-size\"><strong>Periods : <\/strong>17.03.2022. \u2013 &nbsp;06.06.2022. (82 dienas)<\/p>\n\n\n\n<p class=\"has-small-font-size\"><strong>\u0160\u0137irne<\/strong><strong>: <\/strong>Allegro,&nbsp; frigo HWB (Heavy Waiting Bed) st\u0101di<\/p>\n\n\n\n<p class=\"has-small-font-size\"><strong>Zied\u0113\u0161ana<\/strong><strong> : <\/strong>zied\u0113\u0161ana s\u0101kusies A1 vag\u0101&nbsp; 15.04.2022, masveida zied\u0113\u0161ana 18.04.2022;<\/p>\n\n\n\n<p class=\"has-small-font-size\"><strong>Ra\u017eas<\/strong><strong> <\/strong><strong>nov\u0101k\u0161ana<\/strong><strong> <\/strong><strong>uzs\u0101kta<\/strong><strong> <\/strong><strong>12.05.2022<\/strong><strong><\/strong><\/p>\n\n\n\n<p class=\"has-small-font-size\"><strong>Uztur\u0113tais<\/strong><strong> <\/strong><strong>temperat\u016bras<\/strong><strong> <\/strong><strong>re\u017e\u012bms<\/strong><strong>: <\/strong>nakts 14\u2019C, diena 19-21\u2019C<\/p>\n\n\n\n<p class=\"has-small-font-size\"><strong>Papildus<\/strong><strong> <\/strong><strong>gaismo\u0161ana<\/strong><strong>: <\/strong>nav izmantota<\/p>\n\n\n\n<p class=\"has-small-font-size\"><strong>Probl\u0113mas<\/strong><strong>:<\/strong><strong><\/strong><\/p>\n\n\n\n<p class=\"has-small-font-size\"><strong>&nbsp;\u25ba<\/strong> laist\u012b\u0161anas nevienm\u0113r\u012bba starp&nbsp; plauktu st\u0101viem<\/p>\n\n\n\n<p class=\"has-small-font-size\"><strong>&nbsp;\u25ba<\/strong> Nepiecioe\u0161amas izmai\u0146as m\u0113slo\u0161anas sh\u0113m\u0101 \u2013 ogu izm\u0113ram ra\u017eas veido\u0161an\u0101s f\u0101z\u0113 ir tendence samazin\u0101ties.<\/p>\n\n\n\n<p class=\"has-small-font-size\"><strong>Secin\u0101jumi<\/strong><strong>:<\/strong><\/p>\n\n\n\n<p class=\"has-small-font-size\"><strong>&nbsp;\u25ba<\/strong> \u0160\u0137irne Allegro &#8211;&nbsp; perspekt\u012bva \u0161\u0137irne audz\u0113\u0161anai zem segumiem \u2013&nbsp; ogas \u013coti pievilc\u012bgas, glanc\u0113tas \u2013 sp\u012bd\u012bgas,&nbsp; stingras, ar labu gar\u0161u un labu iztur\u012bbu transport\u0113sanas laik\u0101.<\/p>\n\n\n\n<p class=\"has-small-font-size\"><strong>\u25ba<\/strong>HWB tipa st\u0101di ir piem\u0113rot\u0101ki audz\u0113\u0161anai zem segumiem, jo tiem ir liel\u0101ks ra\u017eas potenci\u0101ls par Frigo A++ tipa st\u0101du.<\/p>\n<\/div><\/div>\n\n\n\n<p><strong>APRAKSTS<\/strong><\/p>\n\n\n\n<p>Audz\u0113\u0161anas sezonas periods\u00a0 no\u00a0 17.03.2022. &#8211; , izm\u0113\u0123in\u0101jumi notika ar\u00a0 \u0161\u0137irni Allegro\u00a0\u00a0 frigo HWB st\u0101di.\u00a0 Zied\u0113\u0161ana s\u0101kusies\u00a0 15.04.2022,\u00a0 masveida zied\u0113\u0161ana 18.04.2022.\u00a0\u00a0 Ra\u017eas nov\u0101k\u0161ana uzs\u0101kta\u00a0 10.05.2022.\u00a0\u00a0 Uztur\u0113tais temperat\u016bras re\u017e\u012bms: nakts 14\u00b0C, diena 19-21\u00b0C.\u00a0 Papildus gaismo\u0161ana\u00a0 nav izmantota.\u00a0\u00a0 Joproj\u0101m nov\u0113rota probl\u0113ma\u00a0 ir\u00a0 laist\u012b\u0161anas nevienm\u0113r\u012bba starp\u00a0 plauktu st\u0101viem, nepiecie\u0161ami papildus spiediena kompensatori laist\u012bsanas sistem\u0101, lai laist\u012b\u0161ana uzs\u0101ktos visos plauktu st\u0101vos vienlaic\u012bgi. Kopum\u0101 4. sezona izv\u0113rt\u0101s pozit\u012bvi, ra\u017eas r\u0101d\u012btaji bija augst\u0101ki k\u0101 cit\u0101s iepriek\u0161ej\u0101s sezon\u0101s.\u00a0 Starp plauktu risin\u0101jumiem , vagas ar vislab\u0101kajiem rezult\u0101tiem ra\u017eas apjoma zi\u0146\u0101 bija B1 un B2,\u00a0 risin\u0101jums,\u00a0 E1 un E2 vagas risin\u0101jums. Augst\u0101ka sal\u012bdzino\u0161\u0101 ra\u017e\u012bba bija ar\u012b vag\u0101 F1, ta\u010du, t\u0101 k\u0101 \u0161\u012b vaga paredz tikai vienas rindas audz\u0113\u0161anu, tad ra\u017eas r\u0101d\u012bt\u0101ju kopsumm\u0101 B1 un B2, E1 un E2 vagu risin\u0101jums \u0161o r\u0101d\u012bt\u0101ju apsteidza. Savuk\u0101rt ogu svara uzskaites r\u0101d\u012bjumos, plauktu risin\u0101jums, kas ietver vagas D1 un D2 bija p\u0101rliecino\u0161s l\u012bderis &#8211; \u0161aj\u0101 vag\u0101 augo\u0161\u0101s ogas bija ar liel\u0101ku ogas maksim\u0101lo svaru un liel\u0101ku ogu vid\u0113jo svaru.\u00a0<\/p>\n\n\n\n<figure class=\"wp-block-gallery has-nested-images columns-default is-cropped wp-block-gallery-1 is-layout-flex wp-block-gallery-is-layout-flex\">\n<figure class=\"wp-block-image size-large is-style-default\"><img loading=\"lazy\" decoding=\"async\" width=\"768\" height=\"1024\" data-id=\"1443\" src=\"https:\/\/www.laas.lv\/agrilink\/wp-content\/uploads\/2023\/08\/WhatsApp-Image-2023-06-08-at-14.03.52-3-768x1024.jpeg\" alt=\"\" class=\"wp-image-1443\" srcset=\"https:\/\/www.laas.lv\/agrilink\/wp-content\/uploads\/2023\/08\/WhatsApp-Image-2023-06-08-at-14.03.52-3-768x1024.jpeg 768w, https:\/\/www.laas.lv\/agrilink\/wp-content\/uploads\/2023\/08\/WhatsApp-Image-2023-06-08-at-14.03.52-3-225x300.jpeg 225w, https:\/\/www.laas.lv\/agrilink\/wp-content\/uploads\/2023\/08\/WhatsApp-Image-2023-06-08-at-14.03.52-3-1152x1536.jpeg 1152w, https:\/\/www.laas.lv\/agrilink\/wp-content\/uploads\/2023\/08\/WhatsApp-Image-2023-06-08-at-14.03.52-3-1200x1600.jpeg 1200w, https:\/\/www.laas.lv\/agrilink\/wp-content\/uploads\/2023\/08\/WhatsApp-Image-2023-06-08-at-14.03.52-3.jpeg 1500w\" sizes=\"auto, (max-width: 768px) 100vw, 768px\" \/><\/figure>\n\n\n\n<figure class=\"wp-block-image size-large is-style-default\"><img loading=\"lazy\" decoding=\"async\" width=\"1024\" height=\"768\" data-id=\"1446\" src=\"https:\/\/www.laas.lv\/agrilink\/wp-content\/uploads\/2023\/08\/WhatsApp-Image-2023-06-08-at-14.03.52-1024x768.jpeg\" alt=\"\" class=\"wp-image-1446\" srcset=\"https:\/\/www.laas.lv\/agrilink\/wp-content\/uploads\/2023\/08\/WhatsApp-Image-2023-06-08-at-14.03.52-1024x768.jpeg 1024w, https:\/\/www.laas.lv\/agrilink\/wp-content\/uploads\/2023\/08\/WhatsApp-Image-2023-06-08-at-14.03.52-300x225.jpeg 300w, https:\/\/www.laas.lv\/agrilink\/wp-content\/uploads\/2023\/08\/WhatsApp-Image-2023-06-08-at-14.03.52-768x576.jpeg 768w, https:\/\/www.laas.lv\/agrilink\/wp-content\/uploads\/2023\/08\/WhatsApp-Image-2023-06-08-at-14.03.52-1536x1152.jpeg 1536w, https:\/\/www.laas.lv\/agrilink\/wp-content\/uploads\/2023\/08\/WhatsApp-Image-2023-06-08-at-14.03.52-1200x900.jpeg 1200w, https:\/\/www.laas.lv\/agrilink\/wp-content\/uploads\/2023\/08\/WhatsApp-Image-2023-06-08-at-14.03.52-1980x1485.jpeg 1980w, https:\/\/www.laas.lv\/agrilink\/wp-content\/uploads\/2023\/08\/WhatsApp-Image-2023-06-08-at-14.03.52.jpeg 2000w\" sizes=\"auto, (max-width: 1024px) 100vw, 1024px\" \/><\/figure>\n\n\n\n<figure class=\"wp-block-image size-large is-style-default\"><img loading=\"lazy\" decoding=\"async\" width=\"1024\" height=\"768\" data-id=\"1447\" src=\"https:\/\/www.laas.lv\/agrilink\/wp-content\/uploads\/2023\/08\/WhatsApp-Image-2023-06-08-at-14.03.53-1-1024x768.jpeg\" alt=\"\" class=\"wp-image-1447\" srcset=\"https:\/\/www.laas.lv\/agrilink\/wp-content\/uploads\/2023\/08\/WhatsApp-Image-2023-06-08-at-14.03.53-1-1024x768.jpeg 1024w, https:\/\/www.laas.lv\/agrilink\/wp-content\/uploads\/2023\/08\/WhatsApp-Image-2023-06-08-at-14.03.53-1-300x225.jpeg 300w, https:\/\/www.laas.lv\/agrilink\/wp-content\/uploads\/2023\/08\/WhatsApp-Image-2023-06-08-at-14.03.53-1-768x576.jpeg 768w, https:\/\/www.laas.lv\/agrilink\/wp-content\/uploads\/2023\/08\/WhatsApp-Image-2023-06-08-at-14.03.53-1-1536x1152.jpeg 1536w, https:\/\/www.laas.lv\/agrilink\/wp-content\/uploads\/2023\/08\/WhatsApp-Image-2023-06-08-at-14.03.53-1-1200x900.jpeg 1200w, https:\/\/www.laas.lv\/agrilink\/wp-content\/uploads\/2023\/08\/WhatsApp-Image-2023-06-08-at-14.03.53-1-1980x1485.jpeg 1980w, https:\/\/www.laas.lv\/agrilink\/wp-content\/uploads\/2023\/08\/WhatsApp-Image-2023-06-08-at-14.03.53-1.jpeg 2000w\" sizes=\"auto, (max-width: 1024px) 100vw, 1024px\" \/><\/figure>\n\n\n\n<figure class=\"wp-block-image size-large is-style-default\"><img loading=\"lazy\" decoding=\"async\" width=\"1024\" height=\"768\" data-id=\"1445\" src=\"https:\/\/www.laas.lv\/agrilink\/wp-content\/uploads\/2023\/08\/WhatsApp-Image-2023-06-08-at-14.03.53-3-1024x768.jpeg\" alt=\"\" class=\"wp-image-1445\" srcset=\"https:\/\/www.laas.lv\/agrilink\/wp-content\/uploads\/2023\/08\/WhatsApp-Image-2023-06-08-at-14.03.53-3-1024x768.jpeg 1024w, https:\/\/www.laas.lv\/agrilink\/wp-content\/uploads\/2023\/08\/WhatsApp-Image-2023-06-08-at-14.03.53-3-300x225.jpeg 300w, https:\/\/www.laas.lv\/agrilink\/wp-content\/uploads\/2023\/08\/WhatsApp-Image-2023-06-08-at-14.03.53-3-768x576.jpeg 768w, https:\/\/www.laas.lv\/agrilink\/wp-content\/uploads\/2023\/08\/WhatsApp-Image-2023-06-08-at-14.03.53-3-1536x1152.jpeg 1536w, https:\/\/www.laas.lv\/agrilink\/wp-content\/uploads\/2023\/08\/WhatsApp-Image-2023-06-08-at-14.03.53-3-1200x900.jpeg 1200w, https:\/\/www.laas.lv\/agrilink\/wp-content\/uploads\/2023\/08\/WhatsApp-Image-2023-06-08-at-14.03.53-3-1980x1485.jpeg 1980w, https:\/\/www.laas.lv\/agrilink\/wp-content\/uploads\/2023\/08\/WhatsApp-Image-2023-06-08-at-14.03.53-3.jpeg 2000w\" sizes=\"auto, (max-width: 1024px) 100vw, 1024px\" \/><\/figure>\n\n\n\n<figure class=\"wp-block-image size-large is-style-default\"><img loading=\"lazy\" decoding=\"async\" width=\"1024\" height=\"768\" data-id=\"1448\" src=\"https:\/\/www.laas.lv\/agrilink\/wp-content\/uploads\/2023\/08\/WhatsApp-Image-2023-06-08-at-14.23.49-1024x768.jpeg\" alt=\"\" class=\"wp-image-1448\" srcset=\"https:\/\/www.laas.lv\/agrilink\/wp-content\/uploads\/2023\/08\/WhatsApp-Image-2023-06-08-at-14.23.49-1024x768.jpeg 1024w, https:\/\/www.laas.lv\/agrilink\/wp-content\/uploads\/2023\/08\/WhatsApp-Image-2023-06-08-at-14.23.49-300x225.jpeg 300w, https:\/\/www.laas.lv\/agrilink\/wp-content\/uploads\/2023\/08\/WhatsApp-Image-2023-06-08-at-14.23.49-768x576.jpeg 768w, https:\/\/www.laas.lv\/agrilink\/wp-content\/uploads\/2023\/08\/WhatsApp-Image-2023-06-08-at-14.23.49-1536x1152.jpeg 1536w, https:\/\/www.laas.lv\/agrilink\/wp-content\/uploads\/2023\/08\/WhatsApp-Image-2023-06-08-at-14.23.49-1200x900.jpeg 1200w, https:\/\/www.laas.lv\/agrilink\/wp-content\/uploads\/2023\/08\/WhatsApp-Image-2023-06-08-at-14.23.49-1980x1485.jpeg 1980w, https:\/\/www.laas.lv\/agrilink\/wp-content\/uploads\/2023\/08\/WhatsApp-Image-2023-06-08-at-14.23.49.jpeg 2000w\" sizes=\"auto, (max-width: 1024px) 100vw, 1024px\" \/><\/figure>\n\n\n\n<figure class=\"wp-block-image size-large is-style-default\"><img loading=\"lazy\" decoding=\"async\" width=\"768\" height=\"1024\" data-id=\"1449\" src=\"https:\/\/www.laas.lv\/agrilink\/wp-content\/uploads\/2023\/08\/WhatsApp-Image-2023-06-08-at-14.24.17-768x1024.jpeg\" alt=\"\" class=\"wp-image-1449\" srcset=\"https:\/\/www.laas.lv\/agrilink\/wp-content\/uploads\/2023\/08\/WhatsApp-Image-2023-06-08-at-14.24.17-768x1024.jpeg 768w, https:\/\/www.laas.lv\/agrilink\/wp-content\/uploads\/2023\/08\/WhatsApp-Image-2023-06-08-at-14.24.17-225x300.jpeg 225w, https:\/\/www.laas.lv\/agrilink\/wp-content\/uploads\/2023\/08\/WhatsApp-Image-2023-06-08-at-14.24.17-1152x1536.jpeg 1152w, https:\/\/www.laas.lv\/agrilink\/wp-content\/uploads\/2023\/08\/WhatsApp-Image-2023-06-08-at-14.24.17-1200x1600.jpeg 1200w, https:\/\/www.laas.lv\/agrilink\/wp-content\/uploads\/2023\/08\/WhatsApp-Image-2023-06-08-at-14.24.17.jpeg 1500w\" sizes=\"auto, (max-width: 768px) 100vw, 768px\" \/><\/figure>\n<\/figure>\n","protected":false},"excerpt":{"rendered":"<p>4. Audz\u0113\u0161anas Sezona Periods : 17.03.2022. \u2013 &nbsp;06.06.2022. (82 dienas) \u0160\u0137irne: Allegro,&nbsp; frigo HWB (Heavy Waiting Bed) st\u0101di Zied\u0113\u0161ana : zied\u0113\u0161ana s\u0101kusies A1 vag\u0101&nbsp; 15.04.2022, masveida zied\u0113\u0161ana 18.04.2022; Ra\u017eas nov\u0101k\u0161ana uzs\u0101kta 12.05.2022 Uztur\u0113tais temperat\u016bras re\u017e\u012bms: nakts 14\u2019C, diena 19-21\u2019C Papildus gaismo\u0161ana: nav izmantota Probl\u0113mas: &nbsp;\u25ba laist\u012b\u0161anas nevienm\u0113r\u012bba starp&nbsp; plauktu st\u0101viem &nbsp;\u25ba Nepiecioe\u0161amas izmai\u0146as m\u0113slo\u0161anas sh\u0113m\u0101 [&hellip;]<\/p>\n","protected":false},"author":2,"featured_media":0,"parent":1355,"menu_order":0,"comment_status":"closed","ping_status":"closed","template":"","meta":{"footnotes":""},"class_list":["post-1441","page","type-page","status-publish","hentry"],"jetpack_sharing_enabled":true,"_links":{"self":[{"href":"https:\/\/www.laas.lv\/agrilink\/wp-json\/wp\/v2\/pages\/1441","targetHints":{"allow":["GET"]}}],"collection":[{"href":"https:\/\/www.laas.lv\/agrilink\/wp-json\/wp\/v2\/pages"}],"about":[{"href":"https:\/\/www.laas.lv\/agrilink\/wp-json\/wp\/v2\/types\/page"}],"author":[{"embeddable":true,"href":"https:\/\/www.laas.lv\/agrilink\/wp-json\/wp\/v2\/users\/2"}],"replies":[{"embeddable":true,"href":"https:\/\/www.laas.lv\/agrilink\/wp-json\/wp\/v2\/comments?post=1441"}],"version-history":[{"count":1,"href":"https:\/\/www.laas.lv\/agrilink\/wp-json\/wp\/v2\/pages\/1441\/revisions"}],"predecessor-version":[{"id":1450,"href":"https:\/\/www.laas.lv\/agrilink\/wp-json\/wp\/v2\/pages\/1441\/revisions\/1450"}],"up":[{"embeddable":true,"href":"https:\/\/www.laas.lv\/agrilink\/wp-json\/wp\/v2\/pages\/1355"}],"wp:attachment":[{"href":"https:\/\/www.laas.lv\/agrilink\/wp-json\/wp\/v2\/media?parent=1441"}],"curies":[{"name":"wp","href":"https:\/\/api.w.org\/{rel}","templated":true}]}}