{"id":1469,"date":"2023-08-08T06:15:19","date_gmt":"2023-08-08T06:15:19","guid":{"rendered":"https:\/\/www.laas.lv\/agrilink\/?page_id=1469"},"modified":"2025-07-07T05:24:23","modified_gmt":"2025-07-07T05:24:23","slug":"projekts-jaunu-mikrobiologisko-preparatu-izstrade-kulturaugu-razibas-paaugstinasanai","status":"publish","type":"page","link":"https:\/\/www.laas.lv\/agrilink\/projekti\/projekts-jaunu-mikrobiologisko-preparatu-izstrade-kulturaugu-razibas-paaugstinasanai\/","title":{"rendered":"Jaunu mikrobiolo\u0123isko prepar\u0101tu izstr\u0101de  kult\u016braugu ra\u017e\u012bbas paaugstin\u0101\u0161anai"},"content":{"rendered":"\n<div style=\"height:100px\" aria-hidden=\"true\" class=\"wp-block-spacer\"><\/div>\n\n\n\n<div class=\"wp-block-buttons is-content-justification-right is-layout-flex wp-container-core-buttons-is-layout-765c4724 wp-block-buttons-is-layout-flex\">\n<div class=\"wp-block-button has-custom-width wp-block-button__width-75\"><a class=\"wp-block-button__link has-background has-normal-font-size has-custom-font-size wp-element-button\" href=\"https:\/\/www.laas.lv\/agrilink\/petijumi-un-secinajumi\/\" style=\"border-radius:27px;background-color:#085108\" target=\"_blank\" rel=\"noreferrer noopener\">projekta gait\u0101 veiktie p\u0113t\u012bjumi un secin\u0101jumi, starpposmu rezult\u0101ti<\/a><\/div>\n<\/div>\n\n\n\n<h5 class=\"wp-block-heading\">Aug\u013ckopju asoci\u0101cija ir k\u013cuvusi par partneri projekt\u0101 &#8220;Jaunu mikrobiolo\u0123isko prepar\u0101tu izstr\u0101de un p\u0101rbaude kult\u016braugu ra\u017e\u012bbas paaugstin\u0101\u0161anai&#8221; <em>(projekta Nr. 22-00-A01612-000014)<\/em>, kura m\u0113r\u0137is ir izstr\u0101d\u0101t biolo\u0123iskas izcelsmes augu aug\u0161anu veicino\u0161us prepar\u0101tus, izmantojot mikroa\u013c\u0123u ekstraktus.<\/h5>\n\n\n\n<h3 class=\"wp-block-heading\"><strong>Kas ir mikroa\u013c\u0123es un k\u0101p\u0113c t\u0101s interes\u0113 d\u0101rzkopjus?<\/strong><\/h3>\n\n\n\n<p>Mikroa\u013c\u0123es ir vien\u0161\u016bnu organismi (j\u016brasz\u0101les)\u2013 mazi, bet ar lielu potenci\u0101lu un maz\u0101m aug\u0161anas pras\u012bb\u0101m, p\u0113c zin\u0101tnieku dom\u0101m, tie var k\u013c\u016bt par labu sabiedroto  d\u0101rz\u0101.  \u012asum\u0101 tas noz\u012bm\u0113 \u2013 maz\u0101k sint\u0113tisko m\u0113slojumu, vair\u0101k dabas sp\u0113ka !<\/p>\n\n\n\n<p>Mikroa\u013c\u0123u ekstrakti ir n\u0101kotnes biostimulanti \u2013 vielas, kas veicina augu aug\u0161anu un att\u012bst\u012bbu, pabarojot gan augsni, gan pa\u0161u kult\u016braugu.&nbsp;<\/p>\n\n\n\n<figure class=\"wp-block-image size-full\"><img loading=\"lazy\" decoding=\"async\" width=\"760\" height=\"334\" src=\"https:\/\/www.laas.lv\/agrilink\/wp-content\/uploads\/2025\/07\/alges_pict2.jpg\" alt=\"\" class=\"wp-image-5456\" srcset=\"https:\/\/www.laas.lv\/agrilink\/wp-content\/uploads\/2025\/07\/alges_pict2.jpg 760w, https:\/\/www.laas.lv\/agrilink\/wp-content\/uploads\/2025\/07\/alges_pict2-300x132.jpg 300w, https:\/\/www.laas.lv\/agrilink\/wp-content\/uploads\/2025\/07\/alges_pict2-600x264.jpg 600w\" sizes=\"auto, (max-width: 760px) 100vw, 760px\" \/><\/figure>\n\n\n\n<p>P\u0113d\u0113jo tr\u012bs gadu laik\u0101 Latvijas saimniec\u012bb\u0101s tiek test\u0113ts uz mikroa\u013c\u0123\u0113m balst\u012bts biostimulejo\u0161s l\u012bdzeklis, kas var aizvietot sint\u0113tiskos m\u0113slojumus. Tas ir solis uz vesel\u012bg\u0101ku p\u0101rtiku un t\u012br\u0101ku vidi.<\/p>\n\n\n\n<figure class=\"wp-block-image size-full\"><img loading=\"lazy\" decoding=\"async\" width=\"398\" height=\"262\" src=\"https:\/\/www.laas.lv\/agrilink\/wp-content\/uploads\/2025\/07\/alges_pict3.jpg\" alt=\"\" class=\"wp-image-5455\" srcset=\"https:\/\/www.laas.lv\/agrilink\/wp-content\/uploads\/2025\/07\/alges_pict3.jpg 398w, https:\/\/www.laas.lv\/agrilink\/wp-content\/uploads\/2025\/07\/alges_pict3-300x197.jpg 300w\" sizes=\"auto, (max-width: 398px) 100vw, 398px\" \/><\/figure>\n\n\n\n<p>Turoties pie tradicion\u0101l\u0101s vai biolo\u0123isk\u0101s lauksaimniec\u012bbas pamatprincipiem, mikroa\u013c\u0123u ekstraktu izmanto\u0161ana var b\u016bt tie\u0161i tas, kas nepiecie\u0161ams za\u013cai, dabai draudz\u012bgai saimnieko\u0161anai.!<\/p>\n\n\n\n<figure class=\"wp-block-image size-full\"><img loading=\"lazy\" decoding=\"async\" width=\"270\" height=\"356\" src=\"https:\/\/www.laas.lv\/agrilink\/wp-content\/uploads\/2025\/07\/alges_pict4.jpg\" alt=\"\" class=\"wp-image-5454\" srcset=\"https:\/\/www.laas.lv\/agrilink\/wp-content\/uploads\/2025\/07\/alges_pict4.jpg 270w, https:\/\/www.laas.lv\/agrilink\/wp-content\/uploads\/2025\/07\/alges_pict4-228x300.jpg 228w\" sizes=\"auto, (max-width: 270px) 100vw, 270px\" \/><\/figure>\n\n\n\n<h4 class=\"wp-block-heading\" style=\"font-size:24px\"><a href=\"https:\/\/www.laas.lv\/agrilink\/projekti\/projekts-jaunu-mikrobiologisko-preparatu-izstrade-kulturaugu-razibas-paaugstinasanai\/ka-mikroalges-palidz-augiem\/\" target=\"_blank\" rel=\"noreferrer noopener\"><strong>Vair\u0101k par to, k\u0101 mikroa\u013c\u0123u ekstrakts var pal\u012bdz\u0113t augiem&#8230;<\/strong><\/a><\/h4>\n\n\n\n<details class=\"wp-block-details is-layout-flow wp-block-details-is-layout-flow\" style=\"font-style:normal;font-weight:700\"><summary>Projekta m\u0113r\u0137i, iesaist\u012btie partneri un darb\u012bbas periods<\/summary>\n<p><strong>Projekta nosaukums:<\/strong> <strong> <\/strong>\u201cJaunu mikrobiolo\u0123isko prepar\u0101tu izstr\u0101de un p\u0101rbaude kult\u016braugu ra\u017e\u012bbas paaugstin\u0101\u0161anai\u201d<\/p>\n\n\n\n<p><strong>Projekta nr.<\/strong> 22-00-A01612-000014<\/p>\n\n\n\n<p><strong>Projekta m\u0113r\u0137is:<\/strong><\/p>\n\n\n\n<p>Projekta m\u0113r\u0137is ir izstr\u0101d\u0101t augu aug\u0161anu stimul\u0113jo\u0161us prepar\u0101tus, izmantojot vien\u0161\u016bnu mikroa\u013c\u0123u biomasas ekstraktus, un p\u0101rbaud\u012bt to efektivit\u0101ti da\u017e\u0101du kult\u016braugu st\u0101d\u012bjumos gan kontrol\u0113tos apst\u0101k\u013cos ve\u0123et\u0101cijas traukos, gan main\u012bgos ra\u017eo\u0161anas apst\u0101k\u013cos.<\/p>\n\n\n\n<p><strong>Projekta \u012bsteno\u0161an\u0101 iesaist\u012btie sadarb\u012bbas partneri:<\/strong><\/p>\n\n\n\n<ol style=\"list-style-type:1\" class=\"wp-block-list\">\n<li>Latvijas Universit\u0101te (<em>Projekta \u012bsteno\u0161anas vado\u0161\u0101 strukt\u016brvien\u012bba Latvijas Universit\u0101t\u0113 ir Latvijas Universit\u0101tes Biolo\u0123ijas instit\u016bts<\/em>)<\/li>\n\n\n\n<li>Latvijas Biozin\u0101t\u0146u un tehnolo\u0123iju universit\u0101te<\/li>\n\n\n\n<li>Balti\u0146a Jelgavas rajona zemnieku saimniec\u012bba \u201cAKMENTI\u0145I\u201d<\/li>\n\n\n\n<li>\u0160\u0146ickovska Jelgavas rajona zemnieku saimniec\u012bba \u201cKL\u012aVES\u201d<\/li>\n\n\n\n<li>V\u012bti\u0146u pagasta zemnieku saimniec\u012bba \u201cRAITI\u201d<\/li>\n\n\n\n<li>Edgars G\u016btmanis<\/li>\n\n\n\n<li>SIA \u201cVA ARGO\u201d<\/li>\n\n\n\n<li>Latvijas Aug\u013ckopju Asoci\u0101cija<\/li>\n<\/ol>\n\n\n\n<p><strong>Projekta \u012bsteno\u0161anas laiks:<\/strong> 09\/2022 \u2013 06\/2025<\/p>\n\n\n\n<p><\/p>\n\n\n\n<p><\/p>\n<\/details>\n\n\n\n<p><\/p>\n\n\n\n<details class=\"wp-block-details is-layout-flow wp-block-details-is-layout-flow\"><summary><strong>Projekt\u0101 pl\u0101not\u0101s aktivit\u0101tes :<\/strong><\/summary>\n<p>1. Palielin\u0101t dabiskas izcelsmes Latvij\u0101 ra\u017eotu augu stimul\u0113jo\u0161u un aizsarg\u0101jo\u0161u prepar\u0101tu kl\u0101stu, un izp\u0113t\u012bt pasaul\u0113 sal\u012bdzino\u0161i jaunas tehnolo\u0123ijas \u2013 bioreaktoros audz\u0113tu mikroa\u013c\u0123u ekstraktu \u2013 izmantojam\u012bbu integr\u0113taj\u0101 un biolo\u0123iskaj\u0101 lauksaimniec\u012bb\u0101 atkl\u0101ta lauka un segtaj\u0101s (siltumn\u012bcu) plat\u012bb\u0101s.<\/p>\n\n\n\n<p>2. Aprob\u0113t Latvij\u0101 v\u0113l nebiju\u0161u meto\u017eu kopumu un tehnolo\u0123iskos risin\u0101jumus da\u017e\u0101du a\u013c\u0123u sugu audz\u0113\u0161anai kontrol\u0113tos apst\u0101k\u013cos un p\u0101rstr\u0101dei bioakt\u012bvu ekstraktu ieguvei, k\u0101 ar\u012b p\u0113t\u012bt ieg\u016bto a\u013c\u0123u ekstraktu augu aug\u0161anu, ra\u017e\u012bbu un stresa toleranci stimul\u0113jo\u0161\u0101s \u012bpa\u0161\u012bbas, kas var kalpot par pamatu pla\u0161a spektra a\u013c\u0123u izcelsmes augu aug\u0161anu stimul\u0113jo\u0161u prepar\u0101tu t\u0101l\u0101kai izstr\u0101dei un ra\u017eo\u0161anai.<\/p>\n\n\n\n<p>3. Aptvert zin\u0101tniski p\u0113tniecisko instit\u016bciju un vair\u0101ku lauku saimniec\u012bbu sadarb\u012bbu jaunu meto\u017eu un augkop\u012bbas produktu izstr\u0101d\u0113 un paredz ar\u012b t\u0101l\u0101ku potenci\u0101lu jaunu produktu komercializ\u0101ciju, a\u013c\u0123u ekstraktu \u012bpa\u0161\u012bbu, bioakt\u012bvo vielu un to darb\u012bbas molekul\u0101ro meh\u0101nismu t\u0101l\u0101ku izp\u0113ti ilgtsp\u0113j\u012bgai zin\u0101\u0161an\u0101s balst\u012btas bioekonomikas att\u012bst\u012bbai n\u0101kotn\u0113<\/p>\n\n\n\n<p><\/p>\n<\/details>\n\n\n\n<p><\/p>\n\n\n\n<h2 class=\"wp-block-heading has-text-color has-link-color wp-elements-799a54e01748445913631c07e820e3e7\" style=\"color:#085108\">Projekta rezult\u0101ti<\/h2>\n\n\n\n<ul class=\"wp-block-list\">\n<li>Sagatavoti un prezent\u0113ti zi\u0146ojumi vair\u0101k\u0101s starptautisk\u0101s konferenc\u0113s, k\u0101 ar\u012b public\u0113tas zin\u0101tniskas publik\u0101cijas.<\/li>\n\n\n\n<li>Izstr\u0101d\u0101ta mikroa\u013c\u0123u audz\u0113\u0161anas metodolo\u0123ija da\u017e\u0101d\u0101s kultiv\u0113\u0161anas sist\u0113m\u0101s \u2013 no laboratorijas kolb\u0101m l\u012bdz pl\u016bsmas fotobioreaktoriem.<\/li>\n\n\n\n<li>Izm\u0113\u0123in\u0101tas un optimiz\u0113tas mikroa\u013c\u0123u ekstraktu ieg\u016b\u0161anas metodes, tostarp ultraska\u0146as homogeniz\u0101cija, kas \u013cauj ieg\u016bt prepar\u0101tus ar augstu akt\u012bvo vielu koncentr\u0101ciju.<\/li>\n\n\n\n<li>Veikti lauka izm\u0113\u0123in\u0101jumi uz da\u017e\u0101diem kult\u016braugiem \u2013 tom\u0101tiem, aven\u0113m, burk\u0101niem un rapsi.<\/li>\n<\/ul>\n\n\n\n<p>Vair\u0101k par projekta starpposmu rezult\u0101tiem un secin\u0101jumiem pirms gala atskaites iesnieg\u0161anas var las\u012bt sada\u013c\u0101 <strong><a href=\"https:\/\/www.laas.lv\/agrilink\/petijumi-un-secinajumi\/\" target=\"_blank\" rel=\"noreferrer noopener\">Projekta gait\u0101 veiktie p\u0113t\u012bjumi un secin\u0101jumi<\/a><\/strong>. Projekta gala atskaite b\u016bs pieejama p\u0113c apstiprin\u0101\u0161anas LAD<\/p>\n\n\n\n<hr class=\"wp-block-separator has-alpha-channel-opacity\"\/>\n\n\n\n<p>Projekta zin\u0101tniskais vad\u012bt\u0101js (vado\u0161ais p\u0113tnieks) no Latvijas Universit\u0101tes puses ir Dr. biol. P\u0101vels Semjonovs, pavels.semjonovs@lu.lv.<\/p>\n\n\n\n<p><strong>Projekta \u012bsteno\u0161anu atbalsta Lauku atbalsta dienests un Zemkop\u012bbas ministrija.<\/strong><\/p>\n\n\n\n<p><strong>Vair\u0101k inform\u0101cijas par Eiropas Lauksaimniec\u012bbas fondu lauku att\u012bst\u012bbai pieejams Eiropas Komisijas t\u012bmek\u013ca vietn\u0113<\/strong> <a href=\"http:\/\/ec.europa.eu\/agriculture\/rural-development-2014-2020\/index_lv.htm\">http:\/\/ec.europa.eu\/agriculture\/rural-development-2014-2020\/index_lv.htm<\/a><\/p>\n\n\n\n<figure class=\"wp-block-image size-full is-style-default\"><img loading=\"lazy\" decoding=\"async\" width=\"988\" height=\"166\" src=\"https:\/\/www.laas.lv\/agrilink\/wp-content\/uploads\/2023\/08\/image-2.png\" alt=\"\" class=\"wp-image-1470\" srcset=\"https:\/\/www.laas.lv\/agrilink\/wp-content\/uploads\/2023\/08\/image-2.png 988w, https:\/\/www.laas.lv\/agrilink\/wp-content\/uploads\/2023\/08\/image-2-300x50.png 300w, https:\/\/www.laas.lv\/agrilink\/wp-content\/uploads\/2023\/08\/image-2-768x129.png 768w\" sizes=\"auto, (max-width: 988px) 100vw, 988px\" \/><\/figure>\n","protected":false},"excerpt":{"rendered":"<p>Aug\u013ckopju asoci\u0101cija ir k\u013cuvusi par partneri projekt\u0101 &#8220;Jaunu mikrobiolo\u0123isko prepar\u0101tu izstr\u0101de un p\u0101rbaude kult\u016braugu ra\u017e\u012bbas paaugstin\u0101\u0161anai&#8221; (projekta Nr. 22-00-A01612-000014), kura m\u0113r\u0137is ir izstr\u0101d\u0101t biolo\u0123iskas izcelsmes augu aug\u0161anu veicino\u0161us prepar\u0101tus, izmantojot mikroa\u013c\u0123u ekstraktus. Kas ir mikroa\u013c\u0123es un k\u0101p\u0113c t\u0101s interes\u0113 d\u0101rzkopjus? Mikroa\u013c\u0123es ir vien\u0161\u016bnu organismi (j\u016brasz\u0101les)\u2013 mazi, bet ar lielu potenci\u0101lu un maz\u0101m aug\u0161anas pras\u012bb\u0101m, p\u0113c [&hellip;]<\/p>\n","protected":false},"author":2,"featured_media":1474,"parent":546,"menu_order":2,"comment_status":"closed","ping_status":"closed","template":"templates\/template-full-width.php","meta":{"footnotes":""},"class_list":["post-1469","page","type-page","status-publish","has-post-thumbnail","hentry"],"jetpack_sharing_enabled":true,"_links":{"self":[{"href":"https:\/\/www.laas.lv\/agrilink\/wp-json\/wp\/v2\/pages\/1469","targetHints":{"allow":["GET"]}}],"collection":[{"href":"https:\/\/www.laas.lv\/agrilink\/wp-json\/wp\/v2\/pages"}],"about":[{"href":"https:\/\/www.laas.lv\/agrilink\/wp-json\/wp\/v2\/types\/page"}],"author":[{"embeddable":true,"href":"https:\/\/www.laas.lv\/agrilink\/wp-json\/wp\/v2\/users\/2"}],"replies":[{"embeddable":true,"href":"https:\/\/www.laas.lv\/agrilink\/wp-json\/wp\/v2\/comments?post=1469"}],"version-history":[{"count":29,"href":"https:\/\/www.laas.lv\/agrilink\/wp-json\/wp\/v2\/pages\/1469\/revisions"}],"predecessor-version":[{"id":5557,"href":"https:\/\/www.laas.lv\/agrilink\/wp-json\/wp\/v2\/pages\/1469\/revisions\/5557"}],"up":[{"embeddable":true,"href":"https:\/\/www.laas.lv\/agrilink\/wp-json\/wp\/v2\/pages\/546"}],"wp:featuredmedia":[{"embeddable":true,"href":"https:\/\/www.laas.lv\/agrilink\/wp-json\/wp\/v2\/media\/1474"}],"wp:attachment":[{"href":"https:\/\/www.laas.lv\/agrilink\/wp-json\/wp\/v2\/media?parent=1469"}],"curies":[{"name":"wp","href":"https:\/\/api.w.org\/{rel}","templated":true}]}}