{"id":1580,"date":"2024-03-08T08:13:07","date_gmt":"2024-03-08T08:13:07","guid":{"rendered":"https:\/\/www.laas.lv\/agrilink\/?page_id=1580"},"modified":"2026-02-28T08:13:38","modified_gmt":"2026-02-28T08:13:38","slug":"konferencu-seminaru-un-citu-pasakumu-materiali","status":"publish","type":"page","link":"https:\/\/www.laas.lv\/agrilink\/konferencu-seminaru-un-citu-pasakumu-materiali\/","title":{"rendered":"Konferen\u010du, semin\u0101ru un citu pas\u0101kumu materi\u0101li"},"content":{"rendered":"\n<p>\u0160eit pieejami da\u017e\u0101di materi\u0101li un prezent\u0101cijas par aug\u013ckop\u012bb\u0101 svar\u012bg\u0101m t\u0113m\u0101m no semin\u0101riem, konferenc\u0113m, lauku dien\u0101m un taml\u012bdz\u012bgiem pas\u0101kumiem . Materi\u0101los var b\u016bt daudz noder\u012bga, jo \u0161\u0101dos pas\u0101kumos bie\u017ei tiek apkopota statistika un sniegta inform\u0101cij\u0101 par nozares st\u0101vokli un pl\u0101niem, ko cit\u0101di b\u016btu gr\u016bti atrast interneta vid\u0113. Da\u017ei materi\u0101li ir publiski, citi pieejami tikai LAA biedriem. Paroli var sa\u0146emt pazvanot uz LAA biroju t.29212475<\/p>\n\n\n\n<p><a href=\"https:\/\/www.laas.lv\/agrilink\/darzkopibas-konference-bulduri-2023-prezentaciju-materiali\/\">Bulduri 2023.g. prezent\u0101cijas<\/a><\/p>\n\n\n\n<p><a href=\"https:\/\/www.laas.lv\/agrilink\/darzkopibas-konference-bulduri-2024-prezentaciju-materiali\/\">Bulduri 2024.g. prezent\u0101cijas<\/a><\/p>\n\n\n\n<p><a href=\"https:\/\/www.laas.lv\/agrilink\/darzkopibas-konference-bulduros-2025-g-prezentaciju-materiali\/\">Bulduri 2025.g. prezent\u0101cijas<\/a><\/p>\n\n\n\n<p><a href=\"https:\/\/www.laas.lv\/agrilink\/darzkopibas-konference-bulduros-2026-g-prezentaciju-materiali\/\" target=\"_blank\" rel=\"noreferrer noopener\">Bulduri 2026.g. prezent\u0101cijas<\/a><\/p>\n","protected":false},"excerpt":{"rendered":"<p>\u0160eit pieejami da\u017e\u0101di materi\u0101li un prezent\u0101cijas par aug\u013ckop\u012bb\u0101 svar\u012bg\u0101m t\u0113m\u0101m no semin\u0101riem, konferenc\u0113m, lauku dien\u0101m un taml\u012bdz\u012bgiem pas\u0101kumiem . Materi\u0101los var b\u016bt daudz noder\u012bga, jo \u0161\u0101dos pas\u0101kumos bie\u017ei tiek apkopota statistika un sniegta inform\u0101cij\u0101 par nozares st\u0101vokli un pl\u0101niem, ko cit\u0101di b\u016btu gr\u016bti atrast interneta vid\u0113. Da\u017ei materi\u0101li ir publiski, citi pieejami tikai LAA biedriem. [&hellip;]<\/p>\n","protected":false},"author":2,"featured_media":0,"parent":0,"menu_order":2,"comment_status":"closed","ping_status":"closed","template":"","meta":{"footnotes":""},"class_list":["post-1580","page","type-page","status-publish","hentry"],"jetpack_sharing_enabled":true,"_links":{"self":[{"href":"https:\/\/www.laas.lv\/agrilink\/wp-json\/wp\/v2\/pages\/1580","targetHints":{"allow":["GET"]}}],"collection":[{"href":"https:\/\/www.laas.lv\/agrilink\/wp-json\/wp\/v2\/pages"}],"about":[{"href":"https:\/\/www.laas.lv\/agrilink\/wp-json\/wp\/v2\/types\/page"}],"author":[{"embeddable":true,"href":"https:\/\/www.laas.lv\/agrilink\/wp-json\/wp\/v2\/users\/2"}],"replies":[{"embeddable":true,"href":"https:\/\/www.laas.lv\/agrilink\/wp-json\/wp\/v2\/comments?post=1580"}],"version-history":[{"count":5,"href":"https:\/\/www.laas.lv\/agrilink\/wp-json\/wp\/v2\/pages\/1580\/revisions"}],"predecessor-version":[{"id":5847,"href":"https:\/\/www.laas.lv\/agrilink\/wp-json\/wp\/v2\/pages\/1580\/revisions\/5847"}],"wp:attachment":[{"href":"https:\/\/www.laas.lv\/agrilink\/wp-json\/wp\/v2\/media?parent=1580"}],"curies":[{"name":"wp","href":"https:\/\/api.w.org\/{rel}","templated":true}]}}