{"id":1583,"date":"2024-03-08T08:23:05","date_gmt":"2024-03-08T08:23:05","guid":{"rendered":"https:\/\/www.laas.lv\/agrilink\/?page_id=1583"},"modified":"2024-05-22T13:21:41","modified_gmt":"2024-05-22T13:21:41","slug":"darzkopibas-konference-bulduri-2024-prezentaciju-materiali","status":"publish","type":"page","link":"https:\/\/www.laas.lv\/agrilink\/darzkopibas-konference-bulduri-2024-prezentaciju-materiali\/","title":{"rendered":"D\u0101rzkop\u012bbas konference Bulduri 2024. Prezent\u0101ciju materi\u0101li"},"content":{"rendered":"","protected":true},"excerpt":{"rendered":"","protected":true},"author":2,"featured_media":0,"parent":0,"menu_order":2,"comment_status":"closed","ping_status":"closed","template":"","meta":{"footnotes":""},"class_list":["post-1583","page","type-page","status-publish","post-password-required","hentry"],"jetpack_sharing_enabled":true,"_links":{"self":[{"href":"https:\/\/www.laas.lv\/agrilink\/wp-json\/wp\/v2\/pages\/1583","targetHints":{"allow":["GET"]}}],"collection":[{"href":"https:\/\/www.laas.lv\/agrilink\/wp-json\/wp\/v2\/pages"}],"about":[{"href":"https:\/\/www.laas.lv\/agrilink\/wp-json\/wp\/v2\/types\/page"}],"author":[{"embeddable":true,"href":"https:\/\/www.laas.lv\/agrilink\/wp-json\/wp\/v2\/users\/2"}],"replies":[{"embeddable":true,"href":"https:\/\/www.laas.lv\/agrilink\/wp-json\/wp\/v2\/comments?post=1583"}],"version-history":[{"count":11,"href":"https:\/\/www.laas.lv\/agrilink\/wp-json\/wp\/v2\/pages\/1583\/revisions"}],"predecessor-version":[{"id":1612,"href":"https:\/\/www.laas.lv\/agrilink\/wp-json\/wp\/v2\/pages\/1583\/revisions\/1612"}],"wp:attachment":[{"href":"https:\/\/www.laas.lv\/agrilink\/wp-json\/wp\/v2\/media?parent=1583"}],"curies":[{"name":"wp","href":"https:\/\/api.w.org\/{rel}","templated":true}]}}