{"id":1687,"date":"2024-03-28T12:45:16","date_gmt":"2024-03-28T12:45:16","guid":{"rendered":"https:\/\/www.laas.lv\/agrilink\/?page_id=1687"},"modified":"2024-03-29T08:00:15","modified_gmt":"2024-03-29T08:00:15","slug":"puteni","status":"publish","type":"page","link":"https:\/\/www.laas.lv\/agrilink\/atlas\/puteni\/","title":{"rendered":"Pute\u0146i"},"content":{"rendered":"\n<p class=\"has-small-font-size\">!! Apl\u016bjkojot datus mobilaj\u0101 ier\u012bc\u0113 ieteicams tur\u0113t to horizont\u0101li. Dati tiek atjaunoti ik p\u0113c 15 min\u016bt\u0113m<strong> \/<\/strong><em>For data better lookup in mobile recommend landscape position<\/em>. <em>Data is updated every 15 minutes<\/em><\/p>\n\n\n<pre class=\"wp-block-preformatted wp-block-code has-large-font-size\"><iframe loading=\"lazy\" src=\"https:\/\/www.weatherlink.com\/embeddablePage\/show\/8c935792edd44015a4db6cb8a9a8e91d\/wide\" width=\"560\" height=\"480\" frameborder=\"5\"><\/iframe><strong><span style=\"color: #a4a4a4;\"><a href=\"https:\/\/www.laas.lv\/agrilink\/atlas\/puteni\/puteni-visi-dati\/\" target=\"_blank\" rel=\"noopener\">Visu sensoru dati \/ All sensor data<\/a><br \/><br \/><\/span><\/strong><\/pre>\n\n\n<p><strong>R\u0101d\u012bjumu v\u0113sture <em>\/historical data<\/em><\/strong> (l\u012bdz 28.03.2024)<\/p>\n\n\n\n<div data-wp-interactive=\"core\/file\" class=\"wp-block-file\"><object data-wp-bind--hidden=\"!state.hasPdfPreview\" hidden class=\"wp-block-file__embed\" data=\"https:\/\/www.laas.lv\/agrilink\/wp-content\/uploads\/2024\/03\/Puteni_dati.pdf\" type=\"application\/pdf\" style=\"width:100%;height:600px\" aria-label=\"Iegult Puteni_dati.\"><\/object><a id=\"wp-block-file--media-06e370b7-a8c3-429a-a7da-f74f3498bda6\" href=\"https:\/\/www.laas.lv\/agrilink\/wp-content\/uploads\/2024\/03\/Puteni_dati.pdf\">Puteni_dati<\/a><a href=\"https:\/\/www.laas.lv\/agrilink\/wp-content\/uploads\/2024\/03\/Puteni_dati.pdf\" class=\"wp-block-file__button wp-element-button\" download aria-describedby=\"wp-block-file--media-06e370b7-a8c3-429a-a7da-f74f3498bda6\">Lejupiel\u0101d\u0113t<\/a><\/div>\n\n\n\n<p>Atra\u0161an\u0101s vieta: Vieta \/ <i>Place:<\/i> \u201ePute\u0146i\u201d, Kaibala, Lielv\u0101rdes novads, Latvija<\/p>\n\n\n\n<p><span style=\"font-size: 1.4em;\"><b>Saimniec\u012bbas apraksts <\/b>\/ <i>Farm description<\/i><\/span>:<br>Biolo\u0123isk\u0101 lauksaimniec\u012bba &#8211; aug\u013ci, d\u0101rze\u0146i, medus , ap 20 Ha l\u012bdzen\u0101&nbsp; apvid\u016b&nbsp; pie Daugavas<br><i>Organic fruits, vegetables and honey farm, round 20 Ha , flat terrain near Daugava river <\/i>Atra\u0161an\u0101s vieta \/ <i> location <\/i><br><iframe loading=\"lazy\" style=\"border: 0;\" tabindex=\"0\" src=\"https:\/\/www.google.com\/maps\/embed?pb=!1m21!1m12!1m3!1d3034.1296512486983!2d24.899487447613694!3d56.70653295621273!2m3!1f0!2f0!3f0!3m2!1i1024!2i768!4f13.1!4m6!3e0!4m0!4m3!3m2!1d56.707127!2d24.9025592!5e1!3m2!1slv!2sus!4v1589963382507!5m2!1slv!2sus\" width=\"600\" height=\"450\" frameborder=\"0\" allowfullscreen=\"allowfullscreen\" aria-hidden=\"false\"><\/iframe><\/p>\n\n\n\n\n<table id=\"tablepress-5\" class=\"tablepress tablepress-id-5\">\n<thead>\n<tr class=\"row-1\">\n\t<th class=\"column-1\">Uzst\u0101d\u012btie sensori \/<br> <i>Sensors installed<\/i><\/th><th class=\"column-2\">Galven\u0101 stacija \/ <br><i>Main station <\/i><\/th><th class=\"column-3\">Raid\u012bt\u0101js 1 \/ <br><i>Node 1<\/i><\/th><th class=\"column-4\">Raid\u012bt\u0101js 2 \/<br><i>Node 2<\/i><\/th><th class=\"column-5\">Raid\u012bt\u0101js 3 \/<br><i>Node 3<\/i><\/th>\n<\/tr>\n<\/thead>\n<tbody class=\"row-striping row-hover\">\n<tr class=\"row-2\">\n\t<td class=\"column-1\">V\u0113ja \u0101trums- virziens (Ultraska\u0146as) \/ Wind speed - direction  (Ultrasound)<br \/>\n<\/td><td class=\"column-2\">&#9989; (1.9)<\/td><td class=\"column-3\"><\/td><td class=\"column-4\"><\/td><td class=\"column-5\"><\/td>\n<\/tr>\n<tr class=\"row-3\">\n\t<td class=\"column-1\">V\u0113ja \u0101trums- virziens (Meh\u0101niskais) \/ Wind speed - direction  (Mechanic)<\/td><td class=\"column-2\"><\/td><td class=\"column-3\"><\/td><td class=\"column-4\"><\/td><td class=\"column-5\"><\/td>\n<\/tr>\n<tr class=\"row-4\">\n\t<td class=\"column-1\">Gaisa temperat\u016bra \/ Air temperature <br \/>\n<\/td><td class=\"column-2\">&#9989; (1.9)<\/td><td class=\"column-3\"><\/td><td class=\"column-4\"><\/td><td class=\"column-5\"><\/td>\n<\/tr>\n<tr class=\"row-5\">\n\t<td class=\"column-1\">Gaisa mitrums \/ Air moisture (humidity)<br \/>\n<\/td><td class=\"column-2\">&#9989; (1.9)<\/td><td class=\"column-3\"><\/td><td class=\"column-4\"><\/td><td class=\"column-5\"><\/td>\n<\/tr>\n<tr class=\"row-6\">\n\t<td class=\"column-1\">Saules radi\u0101cija \/ Solar radiation <br \/>\n<\/td><td class=\"column-2\">&#9989; (1.9)<\/td><td class=\"column-3\"><\/td><td class=\"column-4\"><\/td><td class=\"column-5\"><\/td>\n<\/tr>\n<tr class=\"row-7\">\n\t<td class=\"column-1\">Iztvaiko\u0161ana \/ Wapour sensor (ET)<br \/>\n<\/td><td class=\"column-2\">&#9989; (1.9)<\/td><td class=\"column-3\"><\/td><td class=\"column-4\"><\/td><td class=\"column-5\"><\/td>\n<\/tr>\n<tr class=\"row-8\">\n\t<td class=\"column-1\">UVS radi\u0101cija \/ UV radiation <br \/>\n<\/td><td class=\"column-2\">&#9989; (1.9)<\/td><td class=\"column-3\"><\/td><td class=\"column-4\"><\/td><td class=\"column-5\"><\/td>\n<\/tr>\n<tr class=\"row-9\">\n\t<td class=\"column-1\">Atmosf\u0113ras spiediens \/ Atmosphere pressure (barometer)<\/td><td class=\"column-2\">&#9989; (1.9)<\/td><td class=\"column-3\"><\/td><td class=\"column-4\"><\/td><td class=\"column-5\"><\/td>\n<\/tr>\n<tr class=\"row-10\">\n\t<td class=\"column-1\"> Lapu mitrums - lapas imit\u0101tors) \/ Leaf Wetness (artificial leaf)<\/td><td class=\"column-2\"><\/td><td class=\"column-3\">&#9989; (0.55)<br><br \/>\n&#9989; (0.8)<\/td><td class=\"column-4\"><\/td><td class=\"column-5\"><\/td>\n<\/tr>\n<tr class=\"row-11\">\n\t<td class=\"column-1\">Zemes mitruma sensors \/ Soil Moisture Probe<\/td><td class=\"column-2\"><\/td><td class=\"column-3\"><\/td><td class=\"column-4\">&#9989; (-0.15)<\/td><td class=\"column-5\">&#9989; (-0.15)<\/td>\n<\/tr>\n<tr class=\"row-12\">\n\t<td class=\"column-1\">Zemes temperat\u016bras sensors \/ Soil Temperature Probe <\/td><td class=\"column-2\"><\/td><td class=\"column-3\"><\/td><td class=\"column-4\">&#9989; (-0.15)<\/td><td class=\"column-5\">&#9989; (-0.15)<\/td>\n<\/tr>\n<tr class=\"row-13\">\n\t<td class=\"column-1\">Fotosint\u0113zes sensors \/ PAR sensor (Photosynthetically Active Radiation)<\/td><td class=\"column-2\"><\/td><td class=\"column-3\">&#9989; (1.9)<\/td><td class=\"column-4\">&#9989;(1.15)<\/td><td class=\"column-5\"><\/td>\n<\/tr>\n<tr class=\"row-14\">\n\t<td class=\"column-1\">CO2 sensors \/ CO2 sensor <\/td><td class=\"column-2\"><\/td><td class=\"column-3\">&#9989; (1.1)<\/td><td class=\"column-4\"><\/td><td class=\"column-5\">&#9989; (1.15)<\/td>\n<\/tr>\n<tr class=\"row-15\">\n\t<td class=\"column-1\">Papildus temprat\u016bras -mitruma sensors ar staru vairogu \/ Additional Temperature-Humidity Sensor with Radiation Shield<\/td><td class=\"column-2\"><\/td><td class=\"column-3\"><\/td><td class=\"column-4\">&#9989;  (1.7)<\/td><td class=\"column-5\"><\/td>\n<\/tr>\n<\/tbody>\n<\/table>\n<!-- #tablepress-5 from cache -->\n\n\n\n<p>Papildus uz sensoru m\u0113r\u012bjumu pamata tiek apr\u0113\u0137in\u0101ti ar\u012b virkne da\u017e\u0101du lielumu k\u0101 rasas punkts, aukstuma &#8220;saj\u016btu&#8221; indeksi, radi\u0101cijas indeksi un virkne citu lielumu \/ <em>Based on measurements some other data, like wet bulb, dew point, THSW index etc. are calculated additionally<\/em><\/p>\n\n\n\n<figure class=\"wp-block-image size-full is-style-default\"><img loading=\"lazy\" decoding=\"async\" width=\"826\" height=\"553\" src=\"https:\/\/www.laas.lv\/agrilink\/wp-content\/uploads\/2024\/03\/manguli_nodes.jpg\" alt=\"\" class=\"wp-image-1639\" srcset=\"https:\/\/www.laas.lv\/agrilink\/wp-content\/uploads\/2024\/03\/manguli_nodes.jpg 826w, https:\/\/www.laas.lv\/agrilink\/wp-content\/uploads\/2024\/03\/manguli_nodes-300x201.jpg 300w, https:\/\/www.laas.lv\/agrilink\/wp-content\/uploads\/2024\/03\/manguli_nodes-768x514.jpg 768w\" sizes=\"auto, (max-width: 826px) 100vw, 826px\" \/><figcaption class=\"wp-element-caption\">Raid\u012bt\u0101ju izvietojums (b\u0101zes stacija un nodes)\/ <em>placement of transmitters (getaway and nodes)<\/em><\/figcaption><\/figure>\n\n\n\n<p><strong>Fotogalerija \/ Gallery<\/strong><\/p>\n\n\n\n<figure class=\"wp-block-gallery has-nested-images columns-default is-cropped wp-block-gallery-1 is-layout-flex wp-block-gallery-is-layout-flex\">\n<figure class=\"wp-block-image size-large is-style-default\"><img loading=\"lazy\" decoding=\"async\" width=\"300\" height=\"326\" data-id=\"1688\" src=\"https:\/\/www.laas.lv\/agrilink\/wp-content\/uploads\/2024\/03\/manguli1.jpg\" alt=\"\" class=\"wp-image-1688\" srcset=\"https:\/\/www.laas.lv\/agrilink\/wp-content\/uploads\/2024\/03\/manguli1.jpg 300w, https:\/\/www.laas.lv\/agrilink\/wp-content\/uploads\/2024\/03\/manguli1-276x300.jpg 276w\" sizes=\"auto, (max-width: 300px) 100vw, 300px\" \/><\/figure>\n\n\n\n<figure class=\"wp-block-image size-large is-style-default\"><img loading=\"lazy\" decoding=\"async\" width=\"635\" height=\"423\" data-id=\"1689\" src=\"https:\/\/www.laas.lv\/agrilink\/wp-content\/uploads\/2024\/03\/manguli2.jpg\" alt=\"\" class=\"wp-image-1689\" srcset=\"https:\/\/www.laas.lv\/agrilink\/wp-content\/uploads\/2024\/03\/manguli2.jpg 635w, https:\/\/www.laas.lv\/agrilink\/wp-content\/uploads\/2024\/03\/manguli2-300x200.jpg 300w\" sizes=\"auto, (max-width: 635px) 100vw, 635px\" \/><\/figure>\n\n\n\n<figure class=\"wp-block-image size-large is-style-default\"><img loading=\"lazy\" decoding=\"async\" width=\"1000\" height=\"666\" data-id=\"1693\" src=\"https:\/\/www.laas.lv\/agrilink\/wp-content\/uploads\/2024\/03\/manguli3.jpg\" alt=\"\" class=\"wp-image-1693\" srcset=\"https:\/\/www.laas.lv\/agrilink\/wp-content\/uploads\/2024\/03\/manguli3.jpg 1000w, https:\/\/www.laas.lv\/agrilink\/wp-content\/uploads\/2024\/03\/manguli3-300x200.jpg 300w, https:\/\/www.laas.lv\/agrilink\/wp-content\/uploads\/2024\/03\/manguli3-768x511.jpg 768w\" sizes=\"auto, (max-width: 1000px) 100vw, 1000px\" \/><\/figure>\n\n\n\n<figure class=\"wp-block-image size-large is-style-default\"><img loading=\"lazy\" decoding=\"async\" width=\"1000\" height=\"666\" data-id=\"1692\" src=\"https:\/\/www.laas.lv\/agrilink\/wp-content\/uploads\/2024\/03\/manguli4.jpg\" alt=\"\" class=\"wp-image-1692\" srcset=\"https:\/\/www.laas.lv\/agrilink\/wp-content\/uploads\/2024\/03\/manguli4.jpg 1000w, https:\/\/www.laas.lv\/agrilink\/wp-content\/uploads\/2024\/03\/manguli4-300x200.jpg 300w, https:\/\/www.laas.lv\/agrilink\/wp-content\/uploads\/2024\/03\/manguli4-768x511.jpg 768w\" sizes=\"auto, (max-width: 1000px) 100vw, 1000px\" \/><\/figure>\n\n\n\n<figure class=\"wp-block-image size-large is-style-default\"><img loading=\"lazy\" decoding=\"async\" width=\"1000\" height=\"666\" data-id=\"1691\" src=\"https:\/\/www.laas.lv\/agrilink\/wp-content\/uploads\/2024\/03\/manguli5.jpg\" alt=\"\" class=\"wp-image-1691\" srcset=\"https:\/\/www.laas.lv\/agrilink\/wp-content\/uploads\/2024\/03\/manguli5.jpg 1000w, https:\/\/www.laas.lv\/agrilink\/wp-content\/uploads\/2024\/03\/manguli5-300x200.jpg 300w, https:\/\/www.laas.lv\/agrilink\/wp-content\/uploads\/2024\/03\/manguli5-768x511.jpg 768w\" sizes=\"auto, (max-width: 1000px) 100vw, 1000px\" \/><\/figure>\n\n\n\n<figure class=\"wp-block-image size-large is-style-default\"><img loading=\"lazy\" decoding=\"async\" width=\"1024\" height=\"497\" data-id=\"1690\" src=\"https:\/\/www.laas.lv\/agrilink\/wp-content\/uploads\/2024\/03\/manguli6-1024x497.jpg\" alt=\"\" class=\"wp-image-1690\" srcset=\"https:\/\/www.laas.lv\/agrilink\/wp-content\/uploads\/2024\/03\/manguli6-1024x497.jpg 1024w, https:\/\/www.laas.lv\/agrilink\/wp-content\/uploads\/2024\/03\/manguli6-300x146.jpg 300w, https:\/\/www.laas.lv\/agrilink\/wp-content\/uploads\/2024\/03\/manguli6-768x373.jpg 768w, https:\/\/www.laas.lv\/agrilink\/wp-content\/uploads\/2024\/03\/manguli6-1536x746.jpg 1536w, https:\/\/www.laas.lv\/agrilink\/wp-content\/uploads\/2024\/03\/manguli6-1200x583.jpg 1200w, https:\/\/www.laas.lv\/agrilink\/wp-content\/uploads\/2024\/03\/manguli6.jpg 1600w\" sizes=\"auto, (max-width: 1024px) 100vw, 1024px\" \/><\/figure>\n\n\n\n<figure class=\"wp-block-image size-large is-style-default\"><img loading=\"lazy\" decoding=\"async\" width=\"1024\" height=\"497\" data-id=\"1696\" src=\"https:\/\/www.laas.lv\/agrilink\/wp-content\/uploads\/2024\/03\/manguli7-1024x497.jpg\" alt=\"\" class=\"wp-image-1696\" srcset=\"https:\/\/www.laas.lv\/agrilink\/wp-content\/uploads\/2024\/03\/manguli7-1024x497.jpg 1024w, https:\/\/www.laas.lv\/agrilink\/wp-content\/uploads\/2024\/03\/manguli7-300x146.jpg 300w, https:\/\/www.laas.lv\/agrilink\/wp-content\/uploads\/2024\/03\/manguli7-768x373.jpg 768w, https:\/\/www.laas.lv\/agrilink\/wp-content\/uploads\/2024\/03\/manguli7-1536x746.jpg 1536w, https:\/\/www.laas.lv\/agrilink\/wp-content\/uploads\/2024\/03\/manguli7-1200x583.jpg 1200w, https:\/\/www.laas.lv\/agrilink\/wp-content\/uploads\/2024\/03\/manguli7.jpg 1600w\" sizes=\"auto, (max-width: 1024px) 100vw, 1024px\" \/><\/figure>\n\n\n\n<figure class=\"wp-block-image size-large is-style-default\"><img loading=\"lazy\" decoding=\"async\" width=\"1024\" height=\"497\" data-id=\"1694\" src=\"https:\/\/www.laas.lv\/agrilink\/wp-content\/uploads\/2024\/03\/manguli8-1024x497.jpg\" alt=\"\" class=\"wp-image-1694\" srcset=\"https:\/\/www.laas.lv\/agrilink\/wp-content\/uploads\/2024\/03\/manguli8-1024x497.jpg 1024w, https:\/\/www.laas.lv\/agrilink\/wp-content\/uploads\/2024\/03\/manguli8-300x146.jpg 300w, https:\/\/www.laas.lv\/agrilink\/wp-content\/uploads\/2024\/03\/manguli8-768x373.jpg 768w, https:\/\/www.laas.lv\/agrilink\/wp-content\/uploads\/2024\/03\/manguli8-1536x746.jpg 1536w, https:\/\/www.laas.lv\/agrilink\/wp-content\/uploads\/2024\/03\/manguli8-1200x583.jpg 1200w, https:\/\/www.laas.lv\/agrilink\/wp-content\/uploads\/2024\/03\/manguli8.jpg 1600w\" sizes=\"auto, (max-width: 1024px) 100vw, 1024px\" \/><\/figure>\n\n\n\n<figure class=\"wp-block-image size-large is-style-default\"><img loading=\"lazy\" decoding=\"async\" width=\"1024\" height=\"497\" data-id=\"1695\" src=\"https:\/\/www.laas.lv\/agrilink\/wp-content\/uploads\/2024\/03\/manguli9-1024x497.jpg\" alt=\"\" class=\"wp-image-1695\" srcset=\"https:\/\/www.laas.lv\/agrilink\/wp-content\/uploads\/2024\/03\/manguli9-1024x497.jpg 1024w, https:\/\/www.laas.lv\/agrilink\/wp-content\/uploads\/2024\/03\/manguli9-300x146.jpg 300w, https:\/\/www.laas.lv\/agrilink\/wp-content\/uploads\/2024\/03\/manguli9-768x373.jpg 768w, https:\/\/www.laas.lv\/agrilink\/wp-content\/uploads\/2024\/03\/manguli9-1536x746.jpg 1536w, https:\/\/www.laas.lv\/agrilink\/wp-content\/uploads\/2024\/03\/manguli9-1200x583.jpg 1200w, https:\/\/www.laas.lv\/agrilink\/wp-content\/uploads\/2024\/03\/manguli9.jpg 1600w\" sizes=\"auto, (max-width: 1024px) 100vw, 1024px\" \/><\/figure>\n<\/figure>\n\n\n\n<p><\/p>\n","protected":false},"excerpt":{"rendered":"<p>!! Apl\u016bjkojot datus mobilaj\u0101 ier\u012bc\u0113 ieteicams tur\u0113t to horizont\u0101li. Dati tiek atjaunoti ik p\u0113c 15 min\u016bt\u0113m \/For data better lookup in mobile recommend landscape position. Data is updated every 15 minutes Visu sensoru dati \/ All sensor data R\u0101d\u012bjumu v\u0113sture \/historical data (l\u012bdz 28.03.2024) Atra\u0161an\u0101s vieta: Vieta \/ Place: \u201ePute\u0146i\u201d, Kaibala, Lielv\u0101rdes novads, Latvija Saimniec\u012bbas [&hellip;]<\/p>\n","protected":false},"author":2,"featured_media":0,"parent":785,"menu_order":0,"comment_status":"closed","ping_status":"closed","template":"","meta":{"footnotes":""},"class_list":["post-1687","page","type-page","status-publish","hentry"],"jetpack_sharing_enabled":true,"_links":{"self":[{"href":"https:\/\/www.laas.lv\/agrilink\/wp-json\/wp\/v2\/pages\/1687","targetHints":{"allow":["GET"]}}],"collection":[{"href":"https:\/\/www.laas.lv\/agrilink\/wp-json\/wp\/v2\/pages"}],"about":[{"href":"https:\/\/www.laas.lv\/agrilink\/wp-json\/wp\/v2\/types\/page"}],"author":[{"embeddable":true,"href":"https:\/\/www.laas.lv\/agrilink\/wp-json\/wp\/v2\/users\/2"}],"replies":[{"embeddable":true,"href":"https:\/\/www.laas.lv\/agrilink\/wp-json\/wp\/v2\/comments?post=1687"}],"version-history":[{"count":4,"href":"https:\/\/www.laas.lv\/agrilink\/wp-json\/wp\/v2\/pages\/1687\/revisions"}],"predecessor-version":[{"id":1792,"href":"https:\/\/www.laas.lv\/agrilink\/wp-json\/wp\/v2\/pages\/1687\/revisions\/1792"}],"up":[{"embeddable":true,"href":"https:\/\/www.laas.lv\/agrilink\/wp-json\/wp\/v2\/pages\/785"}],"wp:attachment":[{"href":"https:\/\/www.laas.lv\/agrilink\/wp-json\/wp\/v2\/media?parent=1687"}],"curies":[{"name":"wp","href":"https:\/\/api.w.org\/{rel}","templated":true}]}}