{"id":1754,"date":"2024-03-29T06:42:27","date_gmt":"2024-03-29T06:42:27","guid":{"rendered":"https:\/\/www.laas.lv\/agrilink\/?page_id=1754"},"modified":"2024-03-29T07:16:13","modified_gmt":"2024-03-29T07:16:13","slug":"krogzeme-visi-dati","status":"publish","type":"page","link":"https:\/\/www.laas.lv\/agrilink\/atlas\/krogzeme\/krogzeme-visi-dati\/","title":{"rendered":"Krogzeme visi dati"},"content":{"rendered":"\n<p class=\"has-text-align-center has-large-font-size\">Visu  vides un meteo datu r\u0101d\u012bjumi saimniec\u012bb\u0101 Krogzeme \/<em> IoT sensor data in farm Krogzeme<\/em><\/p>\n\n\n\n<p class=\"has-text-align-center\">Dati tiek atajunoti ik pa 15 min. \/<em>Data is updated every 15 minutes<\/em><\/p>\n\n\n\n<pre class=\"wp-block-preformatted wp-block-code has-large-font-size\"><iframe loading=\"lazy\" src=\"https:\/\/www.weatherlink.com\/embeddablePage\/show\/842f964e58124f6c988fafede2263109\/summary\" width=\"700\" height=\"1000\" frameborder=\"5\"> <\/iframe><\/pre>\n\n\n\n<p><\/p>\n","protected":false},"excerpt":{"rendered":"<p>Visu vides un meteo datu r\u0101d\u012bjumi saimniec\u012bb\u0101 Krogzeme \/ IoT sensor data in farm Krogzeme Dati tiek atajunoti ik pa 15 min. \/Data is updated every 15 minutes<\/p>\n","protected":false},"author":2,"featured_media":0,"parent":1700,"menu_order":0,"comment_status":"closed","ping_status":"closed","template":"templates\/template-full-width.php","meta":{"footnotes":""},"class_list":["post-1754","page","type-page","status-publish","hentry"],"jetpack_sharing_enabled":true,"_links":{"self":[{"href":"https:\/\/www.laas.lv\/agrilink\/wp-json\/wp\/v2\/pages\/1754","targetHints":{"allow":["GET"]}}],"collection":[{"href":"https:\/\/www.laas.lv\/agrilink\/wp-json\/wp\/v2\/pages"}],"about":[{"href":"https:\/\/www.laas.lv\/agrilink\/wp-json\/wp\/v2\/types\/page"}],"author":[{"embeddable":true,"href":"https:\/\/www.laas.lv\/agrilink\/wp-json\/wp\/v2\/users\/2"}],"replies":[{"embeddable":true,"href":"https:\/\/www.laas.lv\/agrilink\/wp-json\/wp\/v2\/comments?post=1754"}],"version-history":[{"count":7,"href":"https:\/\/www.laas.lv\/agrilink\/wp-json\/wp\/v2\/pages\/1754\/revisions"}],"predecessor-version":[{"id":1768,"href":"https:\/\/www.laas.lv\/agrilink\/wp-json\/wp\/v2\/pages\/1754\/revisions\/1768"}],"up":[{"embeddable":true,"href":"https:\/\/www.laas.lv\/agrilink\/wp-json\/wp\/v2\/pages\/1700"}],"wp:attachment":[{"href":"https:\/\/www.laas.lv\/agrilink\/wp-json\/wp\/v2\/media?parent=1754"}],"curies":[{"name":"wp","href":"https:\/\/api.w.org\/{rel}","templated":true}]}}