{"id":309,"date":"2020-12-21T10:30:33","date_gmt":"2020-12-21T10:30:33","guid":{"rendered":"https:\/\/www.laas.lv\/agrilink\/?page_id=309"},"modified":"2024-05-23T08:03:26","modified_gmt":"2024-05-23T08:03:26","slug":"meklet-publikacijas","status":"publish","type":"page","link":"https:\/\/www.laas.lv\/agrilink\/meklet-publikacijas\/","title":{"rendered":"Mekl\u0113t publik\u0101cijas"},"content":{"rendered":"\n<p>\u0160eit var mekl\u0113t publik\u0101ciju arh\u012bv\u0101<\/p>\n\n\n<form  class=\"is-search-form is-form-style is-form-style-3 is-form-id-311 \" action=\"https:\/\/www.laas.lv\/agrilink\/\" method=\"get\" role=\"search\" ><label for=\"is-search-input-311\"><span class=\"is-screen-reader-text\">Search for:<\/span><input  type=\"search\" id=\"is-search-input-311\" name=\"s\" value=\"\" class=\"is-search-input\" placeholder=\"Ievadiet v\u0101rdu vai zilbi \" autocomplete=off \/><\/label><button type=\"submit\" class=\"is-search-submit\"><span class=\"is-screen-reader-text\">Search Button<\/span><span class=\"is-search-icon\"><svg focusable=\"false\" aria-label=\"Search\" xmlns=\"http:\/\/www.w3.org\/2000\/svg\" viewBox=\"0 0 24 24\" width=\"24px\"><path d=\"M15.5 14h-.79l-.28-.27C15.41 12.59 16 11.11 16 9.5 16 5.91 13.09 3 9.5 3S3 5.91 3 9.5 5.91 16 9.5 16c1.61 0 3.09-.59 4.23-1.57l.27.28v.79l5 4.99L20.49 19l-4.99-5zm-6 0C7.01 14 5 11.99 5 9.5S7.01 5 9.5 5 14 7.01 14 9.5 11.99 14 9.5 14z\"><\/path><\/svg><\/span><\/button><input type=\"hidden\" name=\"id\" value=\"311\" \/><input type=\"hidden\" name=\"post_type\" value=\"post\" \/><\/form>\n\n\n\n<p class=\"has-larger-font-size\"><strong>Jaunak\u0101s publik\u0101cijas<\/strong><\/p>\n\n\n<ul class=\"wp-block-latest-posts__list has-dates aligncenter wp-block-latest-posts\"><li><a class=\"wp-block-latest-posts__post-title\" href=\"https:\/\/www.laas.lv\/agrilink\/2025\/10\/08\/jauna-veida-dabas-katastrofa\/\">Jauna veida Dabas katastrofa<\/a><time datetime=\"2025-10-08T07:27:41+00:00\" class=\"wp-block-latest-posts__post-date\">8 oktobris, 2025<\/time><\/li>\n<li><a class=\"wp-block-latest-posts__post-title\" href=\"https:\/\/www.laas.lv\/agrilink\/2025\/07\/04\/laa-biedra-andra-ansa-spata-viedoklis-un-vestules-mk-un-zm-par-darzkopibas-nozares-atbalstu\/\">LAA biedra Andra An\u0161a \u0160pata viedoklis un v\u0113stules MK un ZM par d\u0101rzkop\u012bbas nozares atbalstu<\/a><time datetime=\"2025-07-04T06:06:10+00:00\" class=\"wp-block-latest-posts__post-date\">4 j\u016blijs, 2025<\/time><\/li>\n<li><a class=\"wp-block-latest-posts__post-title\" href=\"https:\/\/www.laas.lv\/agrilink\/2025\/02\/03\/dzervenu-ipasibas\/\">Dz\u0113rve\u0146u \u012bpa\u0161\u012bbas<\/a><time datetime=\"2025-02-03T08:34:03+00:00\" class=\"wp-block-latest-posts__post-date\">3 febru\u0101ris, 2025<\/time><\/li>\n<li><a class=\"wp-block-latest-posts__post-title\" href=\"https:\/\/www.laas.lv\/agrilink\/2024\/03\/08\/prezentaciju-materiali-no-darzkopibas-konferences-bulduros-2024-g\/\">Prezent\u0101ciju materi\u0101li no D\u0101rzkop\u012bbas konferences Bulduros 2024.g.<\/a><time datetime=\"2024-03-08T08:35:04+00:00\" class=\"wp-block-latest-posts__post-date\">8 marts, 2024<\/time><\/li>\n<li><a class=\"wp-block-latest-posts__post-title\" href=\"https:\/\/www.laas.lv\/agrilink\/2024\/01\/11\/par-dabas-katastrofu-atbalsta-sanemsanas-metodiku-a-spata-vestule\/\">Par Dabas katastrofu atbalsta sa\u0146em\u0161anas metodiku (A.\u0160pata v\u0113stule)<\/a><time datetime=\"2024-01-11T09:50:25+00:00\" class=\"wp-block-latest-posts__post-date\">11 janv\u0101ris, 2024<\/time><\/li>\n<\/ul>","protected":false},"excerpt":{"rendered":"<p>\u0160eit var mekl\u0113t publik\u0101ciju arh\u012bv\u0101 Jaunak\u0101s publik\u0101cijas<\/p>\n","protected":false},"author":2,"featured_media":0,"parent":0,"menu_order":1,"comment_status":"closed","ping_status":"closed","template":"","meta":{"footnotes":""},"class_list":["post-309","page","type-page","status-publish","hentry"],"jetpack_sharing_enabled":true,"_links":{"self":[{"href":"https:\/\/www.laas.lv\/agrilink\/wp-json\/wp\/v2\/pages\/309","targetHints":{"allow":["GET"]}}],"collection":[{"href":"https:\/\/www.laas.lv\/agrilink\/wp-json\/wp\/v2\/pages"}],"about":[{"href":"https:\/\/www.laas.lv\/agrilink\/wp-json\/wp\/v2\/types\/page"}],"author":[{"embeddable":true,"href":"https:\/\/www.laas.lv\/agrilink\/wp-json\/wp\/v2\/users\/2"}],"replies":[{"embeddable":true,"href":"https:\/\/www.laas.lv\/agrilink\/wp-json\/wp\/v2\/comments?post=309"}],"version-history":[{"count":7,"href":"https:\/\/www.laas.lv\/agrilink\/wp-json\/wp\/v2\/pages\/309\/revisions"}],"predecessor-version":[{"id":720,"href":"https:\/\/www.laas.lv\/agrilink\/wp-json\/wp\/v2\/pages\/309\/revisions\/720"}],"wp:attachment":[{"href":"https:\/\/www.laas.lv\/agrilink\/wp-json\/wp\/v2\/media?parent=309"}],"curies":[{"name":"wp","href":"https:\/\/api.w.org\/{rel}","templated":true}]}}