{"id":3649,"date":"2024-07-11T18:43:36","date_gmt":"2024-07-11T18:43:36","guid":{"rendered":"https:\/\/www.laas.lv\/agrilink\/?page_id=3649"},"modified":"2025-02-13T08:28:38","modified_gmt":"2025-02-13T08:28:38","slug":"pasutit-lauka-foto","status":"publish","type":"page","link":"https:\/\/www.laas.lv\/agrilink\/lauku-monitorings-no-satelita\/pasutit-lauka-foto\/","title":{"rendered":"Pas\u016bt\u012bt lauka att\u0113lus vai datus"},"content":{"rendered":"\n<p class=\"has-normal-font-size\">Lai pas\u016bt\u012btu j\u016bsu lauka att\u0113lus aizpildiet k\u0101du no  piepras\u012bjuma form\u0101m, vai uzrakstiet j\u016bsu vajadz\u012bbu uz e pastu info@laas.lv. <strong>B\u016bs nepiecie\u0161amas j\u016bsu lauka GPS koordin\u0101tes. <\/strong>Ja \u0161is ir j\u016bsu pirmais pas\u016bt\u012bjums, ieteicams izlas\u012bt: \t\t<a\t\t\t\thref=\"javascript:void(0)\"\r\n\t\t\t\tclass=\"sgpb-show-popup sgpb-popup-id-3748\"\r\n\t\tdata-sgpbpopupid=\"3748\"\r\n\t\tdata-popup-event=\"click\"\r\n\t\t>\r\n\t\t <strong>K\u0101 atrast sava lauka koordin\u0101tes <\/strong>\t\t<\/a>\r\n\t\t un \t\t<a\t\t\t\thref=\"javascript:void(0)\"\r\n\t\t\t\tclass=\"sgpb-show-popup sgpb-popup-id-4447\"\r\n\t\tdata-sgpbpopupid=\"4447\"\r\n\t\tdata-popup-event=\"click\"\r\n\t\t>\r\n\t\t <strong><em>Kas j\u0101\u0146em v\u0113r\u0101, lai pareizi izv\u0113l\u0113tos sev vajadz\u012bgo<\/em><\/strong>\t\t<\/a>\r\n\t\t<\/p>\n\n\n\n<h3 class=\"wp-block-heading has-text-align-center\">Izv\u0113lieties piem\u0113rot\u0101ko pakalpojumu<\/h3>\n\n\n\n<div class=\"wp-block-group\"><div class=\"wp-block-group__inner-container is-layout-constrained wp-block-group-is-layout-constrained\">\n<p class=\"has-text-align-center has-normal-font-size\"><a href=\"https:\/\/www.laas.lv\/agrilink\/attels-no-satelita-biezak-lietotie-filtri\/\" target=\"_blank\" rel=\"noreferrer noopener\"><strong>Bie\u017e\u0101k izmantojamo filtru komplekts<\/strong><em> &#8211; <\/em>foto, ve\u0123et\u0101cijas indekss, vajadz\u012bba p\u0113c \u016bdens. Ieteicams, ja nav pieredzes ar satel\u012bta datu izmanto\u0161anu un v\u0113laties <em>&#8220;paskat\u012bties k\u0101 tas darbojas uz mana lauka&#8221;<\/em><\/a><\/p>\n\n\n\n<hr class=\"wp-block-separator has-alpha-channel-opacity\"\/>\n\n\n\n<p class=\"has-text-align-center has-normal-font-size\"><a href=\"https:\/\/www.laas.lv\/agrilink\/attels-no-satelita-jaunakais-attels-no-saraksta\/\" target=\"_blank\" rel=\"noreferrer noopener\"><strong> Br\u012bvi izv\u0113l\u0113ts jaun\u0101kais pieejamais att\u0113ls.<\/strong> Izv\u0113lieties no pieejamo att\u0113lu vai filtru saraksta<\/a><\/p>\n<\/div><\/div>\n\n\n\n<hr class=\"wp-block-separator has-alpha-channel-opacity\"\/>\n\n\n\n<p class=\"has-text-align-center has-normal-font-size\"><strong> <\/strong><a href=\"https:\/\/www.laas.lv\/agrilink\/attels-no-satelita-pasutijums-uz-periodu\/\" target=\"_blank\" rel=\"noreferrer noopener\"><strong>Att\u0113lu pas\u016bt\u012b\u0161ana uz termi\u0146u. <\/strong>P\u0113c pas\u016bt\u012bjuma veik\u0161anas j\u016bsu nor\u0101d\u012btaj\u0101 period\u0101 (m\u0113nesis, sezona) uz e pastu vai whatsap regul\u0101ri sa\u0146emsiet jaun\u0101kos lauka att\u0113lus, tikl\u012bdz tie b\u016bs pieejami<\/a><\/p>\n\n\n\n<hr class=\"wp-block-separator has-alpha-channel-opacity\"\/>\n\n\n\n<p class=\"has-text-align-center has-normal-font-size\"><a href=\"https:\/\/www.laas.lv\/agrilink\/dati-no-satelita-atteli-vai-dati-pec-pasutitaja-izveles\/\" target=\"_blank\" rel=\"noreferrer noopener\"><strong>Satel\u012bta dati atbilsto\u0161i j\u016bsu v\u0113lm\u0113m.<\/strong> Citi dati vai att\u0113li atbilsto\u0161i j\u016bsu vajadz\u012bb\u0101m, piem\u0113ram v\u0113sturiskie dati (pieejami kop\u0161 2016.g.), vid\u0113j\u0101s indeksu v\u0113rt\u012bbas, indeksu izmai\u0146u grafiskais att\u0113lojums u.c. Br\u012bv\u0101 form\u0101 aprakstiet savas v\u0113lmes <\/a><\/p>\n\n\n\n<hr class=\"wp-block-separator has-alpha-channel-opacity\"\/>\n\n\n\n<p class=\"has-small-font-size\"><a href=\"https:\/\/www.laas.lv\/agrilink\/attelu-pasutisana-pakalpojuma-izmantosanas-noteikumi\/\" data-type=\"page\" data-id=\"4483\" target=\"_blank\" rel=\"noreferrer noopener\">Pakalpojuma noteikumi<\/a><\/p>\n\n\n\n<div class=\"wp-block-buttons is-content-justification-center is-layout-flex wp-container-core-buttons-is-layout-16018d1d wp-block-buttons-is-layout-flex\">\n<div class=\"wp-block-button has-custom-font-size is-style-fill\" id=\"pieteikties\" style=\"font-size:15px\"><a class=\"wp-block-button__link has-background has-text-align-center wp-element-button\" href=\"https:\/\/payment.ecommerce.sebgroup.com\/lp\/oj48rx\" style=\"background:linear-gradient(90deg,rgb(176,217,110) 46%,rgb(51,144,63) 100%)\" target=\"_blank\" rel=\"noreferrer noopener\">Ja esat iepriek\u0161 pieteicis pas\u016bt\u012bjumu varat \u0161eit samaks\u0101t pas\u016bt\u012bjuma form\u0101 apr\u0113\u0137in\u0101to summu (<em>laa biedriem -20% <\/em>)<\/a><\/div>\n<\/div>\n\n\n\n<div class=\"wp-block-buttons is-layout-flex wp-block-buttons-is-layout-flex\">\n<div class=\"wp-block-button has-custom-width wp-block-button__width-50\"><a class=\"wp-block-button__link has-background wp-element-button\" href=\"https:\/\/www.laas.lv\/agrilink\/lauku-monitorings-no-satelita\/pasutit-lauka-foto\/\" style=\"background-color:#0d560e\">Jauns pas\u016bt\u012bjums<\/a><\/div>\n\n\n\n<div class=\"wp-block-button has-custom-width wp-block-button__width-50\"><a class=\"wp-block-button__link has-background wp-element-button\" href=\"https:\/\/www.laas.lv\/agrilink\/lauku-monitorings-no-satelita\/\" style=\"background-color:#0d560e\">Atgriezties uz s\u0101kumu<\/a><\/div>\n<\/div>\n","protected":false},"excerpt":{"rendered":"<p>Lai pas\u016bt\u012btu j\u016bsu lauka att\u0113lus aizpildiet k\u0101du no piepras\u012bjuma form\u0101m, vai uzrakstiet j\u016bsu vajadz\u012bbu uz e pastu info@laas.lv. B\u016bs nepiecie\u0161amas j\u016bsu lauka GPS koordin\u0101tes. Ja \u0161is ir j\u016bsu pirmais pas\u016bt\u012bjums, ieteicams izlas\u012bt: un Izv\u0113lieties piem\u0113rot\u0101ko pakalpojumu Bie\u017e\u0101k izmantojamo filtru komplekts &#8211; foto, ve\u0123et\u0101cijas indekss, vajadz\u012bba p\u0113c \u016bdens. Ieteicams, ja nav pieredzes ar satel\u012bta datu izmanto\u0161anu [&hellip;]<\/p>\n","protected":false},"author":2,"featured_media":0,"parent":1901,"menu_order":0,"comment_status":"closed","ping_status":"closed","template":"","meta":{"footnotes":""},"class_list":["post-3649","page","type-page","status-publish","hentry"],"jetpack_sharing_enabled":true,"_links":{"self":[{"href":"https:\/\/www.laas.lv\/agrilink\/wp-json\/wp\/v2\/pages\/3649","targetHints":{"allow":["GET"]}}],"collection":[{"href":"https:\/\/www.laas.lv\/agrilink\/wp-json\/wp\/v2\/pages"}],"about":[{"href":"https:\/\/www.laas.lv\/agrilink\/wp-json\/wp\/v2\/types\/page"}],"author":[{"embeddable":true,"href":"https:\/\/www.laas.lv\/agrilink\/wp-json\/wp\/v2\/users\/2"}],"replies":[{"embeddable":true,"href":"https:\/\/www.laas.lv\/agrilink\/wp-json\/wp\/v2\/comments?post=3649"}],"version-history":[{"count":33,"href":"https:\/\/www.laas.lv\/agrilink\/wp-json\/wp\/v2\/pages\/3649\/revisions"}],"predecessor-version":[{"id":4657,"href":"https:\/\/www.laas.lv\/agrilink\/wp-json\/wp\/v2\/pages\/3649\/revisions\/4657"}],"up":[{"embeddable":true,"href":"https:\/\/www.laas.lv\/agrilink\/wp-json\/wp\/v2\/pages\/1901"}],"wp:attachment":[{"href":"https:\/\/www.laas.lv\/agrilink\/wp-json\/wp\/v2\/media?parent=3649"}],"curies":[{"name":"wp","href":"https:\/\/api.w.org\/{rel}","templated":true}]}}