{"id":3920,"date":"2024-09-20T07:07:10","date_gmt":"2024-09-20T07:07:10","guid":{"rendered":"https:\/\/www.laas.lv\/agrilink\/?page_id=3920"},"modified":"2024-09-20T08:20:49","modified_gmt":"2024-09-20T08:20:49","slug":"inovativi-ekonomiski-pamatoti-risinajumi-abelu-un-avenu-razosanas-efektivitates-un-auglu-kvalitates-paaugstinasanai","status":"publish","type":"page","link":"https:\/\/www.laas.lv\/agrilink\/inovativi-ekonomiski-pamatoti-risinajumi-abelu-un-avenu-razosanas-efektivitates-un-auglu-kvalitates-paaugstinasanai\/","title":{"rendered":"Inovat\u012bvi, ekonomiski pamatoti risin\u0101jumi \u0101be\u013cu un ave\u0146u ra\u017eo\u0161anas efektivit\u0101tes un aug\u013cu kvalit\u0101tes paaugstin\u0101\u0161anai"},"content":{"rendered":"\n<h2 class=\"wp-block-heading\">Projekta rezult\u0101ti<\/h2>\n\n\n\n<p>2023.g. decembr\u012b nosl\u0113dz\u0101s 5 gadu projekts, kura m\u0113r\u0137is bija pied\u0101v\u0101t komercaug\u013ckopjiem un p\u0101rstr\u0101des uz\u0146\u0113mumiem <br> zin\u0101tniski pamatotus tehnolo\u0123iskus risin\u0101jumus \u0101be\u013cu un ave\u0146u audz\u0113\u0161anai, k\u0101 ar\u012b ra\u017eas v\u0101k\u0161anas mehaniz\u0101cijai un izmaksu mazin\u0101\u0161anai. Projekts tika \u012bstenots ar Eiropas Lauksaimniec\u012bbas fonda lauku att\u012bst\u012bbai, Zemkop\u012bbas ministrijas un Lauku Atbalsta dienesta atbalstu. <strong>P\u0113t\u012bjumi ietv\u0113ra sekojo\u0161us virzienus:<\/strong><\/p>\n\n\n\n<p><strong><em>\u0100bel\u0113m<\/em><\/strong><\/p>\n\n\n\n<ul class=\"wp-block-list\">\n<li>mehaniz\u0113ta vainagu veido\u0161ana ar m\u0113r\u0137i mazin\u0101t roku darbu;<\/li>\n\n\n\n<li>mehaniz\u0113ta ziedu retin\u0101\u0161ana ar m\u0113r\u0137i mazin\u0101t darbasp\u0113ka izmaksas un ra\u017eo\u0161anas periodiskumu;<\/li>\n\n\n\n<li>adapt\u0113tas ap\u016bde\u0146o\u0161anas\/fertig\u0101cijas sist\u0113mas ievie\u0161ana paugurain\u0101 apvid\u016b ar m\u0113r\u0137i veicin\u0101t vienm\u0113r\u012bgu mitruma nodro\u0161in\u0101jumu aug\u013cud\u0101rz\u0101 un neradot augsnes erozijas riskus.<\/li>\n<\/ul>\n\n\n\n<p><strong><em>Aven\u0113m<\/em><\/strong><\/p>\n\n\n\n<ul class=\"wp-block-list\">\n<li>mehaniz\u0113ta ogu nov\u0101k\u0161ana Latvij\u0101 audz\u0113t\u0101m rudens ave\u0146u \u0161\u0137irn\u0113m ar m\u0113r\u0137i mazin\u0101t roku darbu un izmaksas;<\/li>\n\n\n\n<li>iesp\u0113ja pagarin\u0101ta ogu ieguves sezona, izmantojot VOEN tipa segumus;<\/li>\n\n\n\n<li>atlas\u012bt \u0101trsald\u0113\u0161anai piem\u0113rotas \u0161\u0137irnes.<\/li>\n<\/ul>\n\n\n\n<h5 class=\"wp-block-heading\">Rezult\u0101ti <strong><em>(pdf)<\/em> <\/strong>pa projekta darb\u012bbas virzieniem <em><strong>(aktivit\u0101t\u0113m)<\/strong><\/em> <\/h5>\n\n\n\n<div class=\"wp-block-file\"><a id=\"wp-block-file--media-1fa7d38d-8e12-4614-b8f7-67f21cdba906\" href=\"https:\/\/www.laas.lv\/agrilink\/wp-content\/uploads\/2024\/09\/Projekta_GALA_ATSKAITE_1d_kopsavilkums_aktivitates_1_un_2.pdf\">Projekta kopsavilkums un rezult\u0101ti p\u0113t\u012bjumu virzieniem &#8220;Mehaniz\u0113ta vainagu veido\u0161ana \u0101bel\u0113m ar m\u0113r\u0137i mazin\u0101t roku darbu &#8220;(Akt.1) un &#8220;Mehaniz\u0113ta ziedu retin\u0101\u0161ana \u0101be\u013cd\u0101rzos ar m\u0113r\u0137i mazin\u0101t darbasp\u0113ka izmaksas un ra\u017eo\u0161anas periodiskumu&#8221;(Akt.2)<\/a><a href=\"https:\/\/www.laas.lv\/agrilink\/wp-content\/uploads\/2024\/09\/Projekta_GALA_ATSKAITE_1d_kopsavilkums_aktivitates_1_un_2.pdf\" class=\"wp-block-file__button wp-element-button\" download aria-describedby=\"wp-block-file--media-1fa7d38d-8e12-4614-b8f7-67f21cdba906\">Lejupiel\u0101d\u0113t<\/a><\/div>\n\n\n\n<div class=\"wp-block-file\"><a id=\"wp-block-file--media-bb1460a3-3223-4f3c-b170-55a1e18792e4\" href=\"https:\/\/www.laas.lv\/agrilink\/wp-content\/uploads\/2024\/09\/Projekta_GALA_ATSKAITE_2d_aktivitate_3.pdf\">Rezult\u0101ti p\u0113t\u012bjumu virzienam Adapt\u0113tas ap\u016bde\u0146o\u0161anas\/ fertig\u0101cijas sist\u0113mas ievie\u0161ana aug\u013cud\u0101rziem paugurain\u0101 apvid\u016b ar m\u0113r\u0137i veicin\u0101t vienm\u0113r\u012bgu mitruma nodro\u0161in\u0101jumu d\u0101rz\u0101 un neradot<br>augsnes erozijas riskus (Akt.3) <\/a><a href=\"https:\/\/www.laas.lv\/agrilink\/wp-content\/uploads\/2024\/09\/Projekta_GALA_ATSKAITE_2d_aktivitate_3.pdf\" class=\"wp-block-file__button wp-element-button\" download aria-describedby=\"wp-block-file--media-bb1460a3-3223-4f3c-b170-55a1e18792e4\">Lejupiel\u0101d\u0113t<\/a><\/div>\n\n\n\n<div class=\"wp-block-file\"><a id=\"wp-block-file--media-7cdd0cf4-3045-4b58-962e-e67a2847cf77\" href=\"https:\/\/www.laas.lv\/agrilink\/wp-content\/uploads\/2024\/09\/Projekta_GALA_ATSKAITE_3d_aktivitate_4_un_5.pdf\">Rezult\u0101ti p\u0113t\u012bjumu virzieniem &#8220;Mehaniz\u0113ta ogu nov\u0101k\u0161anas izp\u0113te Latvij\u0101 audz\u0113t\u0101m rudens ave\u0146u \u0161\u0137irn\u0113m ar m\u0113r\u0137i mazin\u0101t roku darbu un izmaksas&#8221; (Akt.4) un &#8220;Ogu ieguves sezonas pagarin\u0101\u0161anas iesp\u0113jas aven\u0113m, izmantojot VOEN tipa<br>segumus&#8221; (Akt.5)<\/a><a href=\"https:\/\/www.laas.lv\/agrilink\/wp-content\/uploads\/2024\/09\/Projekta_GALA_ATSKAITE_3d_aktivitate_4_un_5.pdf\" class=\"wp-block-file__button wp-element-button\" download aria-describedby=\"wp-block-file--media-7cdd0cf4-3045-4b58-962e-e67a2847cf77\">Lejupiel\u0101d\u0113t<\/a><\/div>\n\n\n\n<div class=\"wp-block-file\"><a id=\"wp-block-file--media-d19cf884-1f42-45de-a9f6-bd485cefd8f8\" href=\"https:\/\/www.laas.lv\/agrilink\/wp-content\/uploads\/2024\/09\/Projekta_GALA_ATSKAITE_4d_aktivitate_6_un_publicitate.pdf\">Rezult\u0101ti p\u0113t\u012bjumu virzienam &#8220;\u0100trsald\u0113\u0161anai piem\u0113rotu \u0161\u0137ir\u0146u atlase aven\u0113m&#8221; (Akt.6) un inform\u0101cija par projekta publicit\u0101tes pas\u0101kumiem (zin\u0101tniskie un popul\u0101rzin\u0101tniskie raksti, t\u0113zes, konferences u.c.)<\/a><a href=\"https:\/\/www.laas.lv\/agrilink\/wp-content\/uploads\/2024\/09\/Projekta_GALA_ATSKAITE_4d_aktivitate_6_un_publicitate.pdf\" class=\"wp-block-file__button wp-element-button\" download aria-describedby=\"wp-block-file--media-d19cf884-1f42-45de-a9f6-bd485cefd8f8\">Lejupiel\u0101d\u0113t<\/a><\/div>\n\n\n\n<h6 class=\"wp-block-heading\">Projekta identifikatori:<\/h6>\n\n\n\n<p class=\"has-small-font-size\">Projekta numurs: 18-00-A01620-000025<br>000025<br>Projekta s\u0101kums: 1.11.2018.<br>Projekta beigas: 20.12.2023.<\/p>\n\n\n\n<figure class=\"wp-block-image size-large is-resized\"><img loading=\"lazy\" decoding=\"async\" width=\"1024\" height=\"725\" src=\"https:\/\/www.laas.lv\/agrilink\/wp-content\/uploads\/2024\/09\/logo_025_avenes_abeles-1024x725.jpg\" alt=\"\" class=\"wp-image-3921\" style=\"width:523px;height:auto\" srcset=\"https:\/\/www.laas.lv\/agrilink\/wp-content\/uploads\/2024\/09\/logo_025_avenes_abeles-1024x725.jpg 1024w, https:\/\/www.laas.lv\/agrilink\/wp-content\/uploads\/2024\/09\/logo_025_avenes_abeles-300x213.jpg 300w, https:\/\/www.laas.lv\/agrilink\/wp-content\/uploads\/2024\/09\/logo_025_avenes_abeles-768x544.jpg 768w, https:\/\/www.laas.lv\/agrilink\/wp-content\/uploads\/2024\/09\/logo_025_avenes_abeles-1200x850.jpg 1200w, https:\/\/www.laas.lv\/agrilink\/wp-content\/uploads\/2024\/09\/logo_025_avenes_abeles.jpg 1495w\" sizes=\"auto, (max-width: 1024px) 100vw, 1024px\" \/><\/figure>\n\n\n\n<p><\/p>\n","protected":false},"excerpt":{"rendered":"<p>Projekta rezult\u0101ti 2023.g. decembr\u012b nosl\u0113dz\u0101s 5 gadu projekts, kura m\u0113r\u0137is bija pied\u0101v\u0101t komercaug\u013ckopjiem un p\u0101rstr\u0101des uz\u0146\u0113mumiem zin\u0101tniski pamatotus tehnolo\u0123iskus risin\u0101jumus \u0101be\u013cu un ave\u0146u audz\u0113\u0161anai, k\u0101 ar\u012b ra\u017eas v\u0101k\u0161anas mehaniz\u0101cijai un izmaksu mazin\u0101\u0161anai. Projekts tika \u012bstenots ar Eiropas Lauksaimniec\u012bbas fonda lauku att\u012bst\u012bbai, Zemkop\u012bbas ministrijas un Lauku Atbalsta dienesta atbalstu. P\u0113t\u012bjumi ietv\u0113ra sekojo\u0161us virzienus: \u0100bel\u0113m Aven\u0113m Rezult\u0101ti [&hellip;]<\/p>\n","protected":false},"author":2,"featured_media":3941,"parent":0,"menu_order":0,"comment_status":"closed","ping_status":"closed","template":"templates\/template-full-width.php","meta":{"footnotes":""},"class_list":["post-3920","page","type-page","status-publish","has-post-thumbnail","hentry"],"jetpack_sharing_enabled":true,"_links":{"self":[{"href":"https:\/\/www.laas.lv\/agrilink\/wp-json\/wp\/v2\/pages\/3920","targetHints":{"allow":["GET"]}}],"collection":[{"href":"https:\/\/www.laas.lv\/agrilink\/wp-json\/wp\/v2\/pages"}],"about":[{"href":"https:\/\/www.laas.lv\/agrilink\/wp-json\/wp\/v2\/types\/page"}],"author":[{"embeddable":true,"href":"https:\/\/www.laas.lv\/agrilink\/wp-json\/wp\/v2\/users\/2"}],"replies":[{"embeddable":true,"href":"https:\/\/www.laas.lv\/agrilink\/wp-json\/wp\/v2\/comments?post=3920"}],"version-history":[{"count":10,"href":"https:\/\/www.laas.lv\/agrilink\/wp-json\/wp\/v2\/pages\/3920\/revisions"}],"predecessor-version":[{"id":3940,"href":"https:\/\/www.laas.lv\/agrilink\/wp-json\/wp\/v2\/pages\/3920\/revisions\/3940"}],"wp:featuredmedia":[{"embeddable":true,"href":"https:\/\/www.laas.lv\/agrilink\/wp-json\/wp\/v2\/media\/3941"}],"wp:attachment":[{"href":"https:\/\/www.laas.lv\/agrilink\/wp-json\/wp\/v2\/media?parent=3920"}],"curies":[{"name":"wp","href":"https:\/\/api.w.org\/{rel}","templated":true}]}}