{"id":413,"date":"2021-01-02T17:35:35","date_gmt":"2021-01-02T17:35:35","guid":{"rendered":"https:\/\/www.laas.lv\/agrilink\/?page_id=413"},"modified":"2024-05-23T08:03:56","modified_gmt":"2024-05-23T08:03:56","slug":"personas-datu-apstrades-politika","status":"publish","type":"page","link":"https:\/\/www.laas.lv\/agrilink\/personas-datu-apstrades-politika\/","title":{"rendered":"Personas datu apstr\u0101des politika"},"content":{"rendered":"\n<p><strong>Kas m\u0113s esam<\/strong> ?<br>M\u016bsu vietnes adrese ir: https:\/\/www.laas.lv\/agrilink. Apmekl\u0113jot \u0161o vietni j\u016bsu dati tiek apstr\u0101d\u0101ti iev\u0113rojot  ES datu aizsardz\u012bbas regulu 2016\/679. <em>(The General&nbsp;<strong>Data Protection Regulation<\/strong>&nbsp;(EU) 2016\/679 (<strong>GDPR<\/strong>))<\/em><\/p>\n\n\n\n<p><strong>K\u0101dus personas datus m\u0113s v\u0101cam un k\u0101p\u0113c m\u0113s tos v\u0101cam<\/strong><\/p>\n\n\n\n<ul class=\"wp-block-list\"><li>Anonimizetus datus, kas izveidoti no j\u016bsu e-pasta adreses (saukta ar\u012b par hash), var tikt sniegta automatiz\u0113t\u0101s kontroles dienestam (Gravatar), lai redz\u0113tu, vai j\u016bs to izmantojat. Pakalpojuma Gravatar priv\u0101tuma politika ir pieejama \u0161eit: https:\/\/automattic.com\/privacy\/. P\u0113c koment\u0101ra apstiprin\u0101\u0161anas j\u016bsu profila att\u0113ls ir redzams publiski j\u016bsu koment\u0101ra kontekst\u0101.<\/li><\/ul>\n\n\n\n<ul class=\"wp-block-list\"><li>Mediji. Ja aug\u0161upiel\u0101d\u0113jat att\u0113lus vietn\u0113, jums nevajadz\u0113tu aug\u0161upiel\u0101d\u0113t att\u0113lus ar iek\u013cautiem  atra\u0161an\u0101s vietas datiem (EXIF GPS). Vietnes apmekl\u0113t\u0101ji var lejupiel\u0101d\u0113t un ieg\u016bt jebk\u0101dus atra\u0161an\u0101s vietas datus no vietnes att\u0113liem.<\/li><\/ul>\n\n\n\n<ul class=\"wp-block-list\"><li> S\u012bkdatnes. Ja atst\u0101jat koment\u0101ru m\u016bsu vietn\u0113, varat izv\u0113l\u0113ties saglab\u0101t v\u0101rdu, e-pasta adresi un vietnes s\u012bkfailus. Tie ir j\u016bsu \u0113rt\u012bbai, lai, atst\u0101jot v\u0113l vienu koment\u0101ru, vairs neb\u016btu j\u0101aizpilda sava inform\u0101cija. \u0160\u012bs s\u012bkdatnes glab\u0101\u0161ana ilgs vienu gadu.<\/li><\/ul>\n\n\n\n<ul class=\"wp-block-list\"><li>Koment\u0101ri. Kad apmekl\u0113t\u0101ji atst\u0101j koment\u0101rus vietn\u0113, m\u0113s apkopojam datus, kas par\u0101d\u012bti koment\u0101ru lap\u0101, k\u0101 ar\u012b apmekl\u0113t\u0101ja IP adresi un p\u0101rl\u016bka lietot\u0101ja a\u0123enta datus, lai pal\u012bdz\u0113tu atkl\u0101t surog\u0101tpastu.<\/li><\/ul>\n\n\n\n<ul class=\"wp-block-list\"><li>Ja apmekl\u0113jat m\u016bsu pieteik\u0161an\u0101s lapu, m\u0113s iestat\u012bsim pagaidu s\u012bkfailu, lai noteiktu, vai j\u016bsu p\u0101rl\u016bkprogramma pie\u0146em s\u012bkdatnes. \u0160aj\u0101 s\u012bkfail\u0101 nav personas datu, un tas tiek izmests, aizverot p\u0101rl\u016bkprogrammu. Kad j\u016bs piesak\u0101ties, m\u0113s ar\u012b izveidosim vair\u0101kus s\u012bkfailus, lai saglab\u0101tu j\u016bsu pieteik\u0161an\u0101s inform\u0101ciju un ekr\u0101na displeja izv\u0113les iesp\u0113jas. Pieteik\u0161an\u0101s s\u012bkfaili tiek glab\u0101ti divas dienas, bet ekr\u0101na opciju s\u012bkfaili &#8211; gadu. Ja atlas\u012bsit \u201cAtcer\u0113ties mani\u201d, j\u016bsu pieteik\u0161an\u0101s saglab\u0101sies divas ned\u0113\u013cas. Ja atteiksieties no sava konta, pieteik\u0161an\u0101s s\u012bkfaili tiks no\u0146emti.<\/li><\/ul>\n\n\n\n<ul class=\"wp-block-list\"><li>Iegultais saturs no cit\u0101m vietn\u0113m<br>Raksti \u0161aj\u0101 vietn\u0113 var ietvert iegutu saturu (piem\u0113ram, videoklipus, att\u0113lus, rakstus utt.). Iegultais saturs no cit\u0101m vietn\u0113m darbojas tie\u0161i t\u0101pat, it k\u0101 apmekl\u0113t\u0101js b\u016btu apmekl\u0113jis otru vietni.<\/li><\/ul>\n\n\n\n<ul class=\"wp-block-list\"><li>\u0160\u012bs vietnes var apkopot datus par jums, izmantot s\u012bkfailus, iegut papildu tre\u0161o pu\u0161u izseko\u0161anu un uzraudz\u012bt j\u016bsu mijiedarb\u012bbu ar \u0161o ieguto saturu, tostarp izsekot j\u016bsu mijiedarb\u012bbu ar ieguto saturu, ja jums ir konts un esat pieteicies \u0161aj\u0101 vietn\u0113.<\/li><\/ul>\n\n\n\n<p><strong>Anal\u012btika<\/strong><\/p>\n\n\n\n<ul class=\"wp-block-list\"><li>Ar ko m\u0113s kop\u012bgojam j\u016bsu datus un cik ilgi m\u0113s glab\u0101jam j\u016bsu datus? Ja atst\u0101jat koment\u0101ru, koment\u0101rs un t\u0101 metadati tiek saglab\u0101ti uz nenoteiktu laiku. Tas ir t\u0101p\u0113c, ka m\u0113s varam autom\u0101tiski atpaz\u012bt un apstiprin\u0101t visus papildu koment\u0101rus, nevis tur\u0113t tos moder\u0101cijas rind\u0101.<\/li><\/ul>\n\n\n\n<ul class=\"wp-block-list\"><li>Lietot\u0101jiem, kuri re\u0123istr\u0113jas m\u016bsu vietn\u0113 (ja t\u0101da ir), m\u0113s saglab\u0101jam ar\u012b vi\u0146u sniegto personisko inform\u0101ciju sav\u0101 lietot\u0101ja profil\u0101. Visi lietot\u0101ji jebkur\u0101 laik\u0101 var redz\u0113t, redi\u0123\u0113t vai dz\u0113st savu personisko inform\u0101ciju (iz\u0146emot to, ka vi\u0146i nevar main\u012bt savu lietot\u0101jv\u0101rdu). Vietnes administratori var ar\u012b redz\u0113t un redi\u0123\u0113t \u0161o inform\u0101ciju.<\/li><\/ul>\n\n\n\n<ul class=\"wp-block-list\"><li>K\u0101das ties\u012bbas jums ir uz j\u016bsu datiem? Ja jums ir konts \u0161aj\u0101 vietn\u0113 vai esat pievienojis koment\u0101rus, varat piepras\u012bt sa\u0146emt eksport\u0113tu failu par j\u016bsu r\u012bc\u012bb\u0101 eso\u0161ajiem personas datiem, ieskaitot visus datus, kurus esat mums iesniedzis. J\u016bs varat ar\u012b piepras\u012bt, lai m\u0113s dz\u0113stu visus personas datus, kas mums ir par jums. Tas neietver nek\u0101dus datus, kas mums ir j\u0101glab\u0101 administrat\u012bvos, juridiskos vai dro\u0161\u012bbas nol\u016bkos.<\/li><\/ul>\n\n\n\n<ul class=\"wp-block-list\"><li>Kur m\u0113s nos\u016bt\u0101m j\u016bsu datus? Apmekl\u0113t\u0101ju koment\u0101rus var p\u0101rbaud\u012bt, izmantojot automatiz\u0113tu surog\u0101tpasta noteik\u0161anas pakalpojumu.<\/li><\/ul>\n\n\n\n<ul class=\"wp-block-list\"><li>Nozares reglament\u0113jo\u0161\u0101s inform\u0101cijas atkl\u0101\u0161anas pras\u012bbas. Saska\u0146\u0101 ar LR likumdo\u0161anu.<\/li><\/ul>\n","protected":false},"excerpt":{"rendered":"<p>Kas m\u0113s esam ?M\u016bsu vietnes adrese ir: https:\/\/www.laas.lv\/agrilink. Apmekl\u0113jot \u0161o vietni j\u016bsu dati tiek apstr\u0101d\u0101ti iev\u0113rojot ES datu aizsardz\u012bbas regulu 2016\/679. (The General&nbsp;Data Protection Regulation&nbsp;(EU) 2016\/679 (GDPR)) K\u0101dus personas datus m\u0113s v\u0101cam un k\u0101p\u0113c m\u0113s tos v\u0101cam Anonimizetus datus, kas izveidoti no j\u016bsu e-pasta adreses (saukta ar\u012b par hash), var tikt sniegta automatiz\u0113t\u0101s kontroles dienestam [&hellip;]<\/p>\n","protected":false},"author":2,"featured_media":0,"parent":0,"menu_order":5,"comment_status":"closed","ping_status":"closed","template":"templates\/template-full-width.php","meta":{"footnotes":""},"class_list":["post-413","page","type-page","status-publish","hentry"],"jetpack_sharing_enabled":true,"_links":{"self":[{"href":"https:\/\/www.laas.lv\/agrilink\/wp-json\/wp\/v2\/pages\/413","targetHints":{"allow":["GET"]}}],"collection":[{"href":"https:\/\/www.laas.lv\/agrilink\/wp-json\/wp\/v2\/pages"}],"about":[{"href":"https:\/\/www.laas.lv\/agrilink\/wp-json\/wp\/v2\/types\/page"}],"author":[{"embeddable":true,"href":"https:\/\/www.laas.lv\/agrilink\/wp-json\/wp\/v2\/users\/2"}],"replies":[{"embeddable":true,"href":"https:\/\/www.laas.lv\/agrilink\/wp-json\/wp\/v2\/comments?post=413"}],"version-history":[{"count":4,"href":"https:\/\/www.laas.lv\/agrilink\/wp-json\/wp\/v2\/pages\/413\/revisions"}],"predecessor-version":[{"id":461,"href":"https:\/\/www.laas.lv\/agrilink\/wp-json\/wp\/v2\/pages\/413\/revisions\/461"}],"wp:attachment":[{"href":"https:\/\/www.laas.lv\/agrilink\/wp-json\/wp\/v2\/media?parent=413"}],"curies":[{"name":"wp","href":"https:\/\/api.w.org\/{rel}","templated":true}]}}