{"id":4321,"date":"2025-01-28T12:10:06","date_gmt":"2025-01-28T12:10:06","guid":{"rendered":"https:\/\/www.laas.lv\/agrilink\/?page_id=4321"},"modified":"2025-05-07T11:36:56","modified_gmt":"2025-05-07T11:36:56","slug":"input-reg-users","status":"publish","type":"page","link":"https:\/\/www.laas.lv\/agrilink\/lauku-monitorings-no-satelita\/input-reg-users\/","title":{"rendered":"Re\u0123istr\u0113tiem lietot\u0101jiem"},"content":{"rendered":"\n<div class=\"wp-block-group has-subtle-background-background-color has-background is-vertical is-layout-flex wp-container-core-group-is-layout-8cf370e7 wp-block-group-is-layout-flex\">\n<p class=\"has-text-color has-link-color wp-elements-51d91d2a014d8877a0a008eff7efe9db\" id=\"piekluveagrisat\" style=\"color:#600808;font-size:14px\"><strong><strong> <\/strong><\/strong>! Sakar\u0101 ar ES kosmosa a\u0123ent\u016bras programmas <em>Copernicus <\/em>datu izmanto\u0161anas nosac\u012bjumu izmai\u0146\u0101m JAUNU lietot\u0101ju re\u0123istr\u0101cija patst\u0101v\u012bgai platformas izmanto\u0161anai \u0161obr\u012bd ir p\u0101rtraukta. Jau re\u0123istr\u0113ju\u0161ies lietot\u0101ji var turpin\u0101t izmantot platformu uz l\u012bdz\u0161in\u0113jiem nosac\u012bjumiem l\u012bdz apmaks\u0101t\u0101 termi\u0146a beig\u0101m 2025.g. Par turpm\u0101kajiem izmanto\u0161anas nosac\u012bjumiem vai jauniem produktiem inform\u0101cija tiks nos\u016bt\u012bta uz uzrad\u012bto e pastu. <\/p>\n\n\n\n<p id=\"piekluveagrisat\" style=\"font-size:17px\"><strong><strong>Ievadiet  lauka ID numuru<\/strong>, ko sa\u0146\u0113m\u0101t uz e-pastu, kad re\u0123istr\u0113j\u0101ties <strong>un noklik\u0161\u0137iniet IEIET SIST\u0112M\u0100<\/strong><\/strong><\/p>\n\n\n\n<p><form>\r\n<input type=\"text\" id=\"frmOne\" value=\"\"><br>\r\n\r\n<\/form><\/p>\r\n\r\n<p><button style=\"background-color:#0d560e; font-size:0.6em\"  onclick=\"createUrl()\">Ieiet sist\u0113m\u0101<\/button><\/p>\n\n\n\n<p style=\"font-size:12px\"><\/p>\n\n\n<script type='text\/javascript'>\nvar id = \"1851\";<\/script>\n<script type='text\/javascript' src='https:\/\/www.laas.lv\/agrilink\/wp-content\/uploads\/winp-css-js\/1851.js?ver=1717050943'><\/script>\n\n<\/div>\n","protected":false},"excerpt":{"rendered":"<p>! Sakar\u0101 ar ES kosmosa a\u0123ent\u016bras programmas Copernicus datu izmanto\u0161anas nosac\u012bjumu izmai\u0146\u0101m JAUNU lietot\u0101ju re\u0123istr\u0101cija patst\u0101v\u012bgai platformas izmanto\u0161anai \u0161obr\u012bd ir p\u0101rtraukta. Jau re\u0123istr\u0113ju\u0161ies lietot\u0101ji var turpin\u0101t izmantot platformu uz l\u012bdz\u0161in\u0113jiem nosac\u012bjumiem l\u012bdz apmaks\u0101t\u0101 termi\u0146a beig\u0101m 2025.g. Par turpm\u0101kajiem izmanto\u0161anas nosac\u012bjumiem vai jauniem produktiem inform\u0101cija tiks nos\u016bt\u012bta uz uzrad\u012bto e pastu. Ievadiet lauka ID numuru, ko [&hellip;]<\/p>\n","protected":false},"author":2,"featured_media":0,"parent":1901,"menu_order":1,"comment_status":"closed","ping_status":"closed","template":"","meta":{"footnotes":""},"class_list":["post-4321","page","type-page","status-publish","hentry"],"jetpack_sharing_enabled":true,"_links":{"self":[{"href":"https:\/\/www.laas.lv\/agrilink\/wp-json\/wp\/v2\/pages\/4321","targetHints":{"allow":["GET"]}}],"collection":[{"href":"https:\/\/www.laas.lv\/agrilink\/wp-json\/wp\/v2\/pages"}],"about":[{"href":"https:\/\/www.laas.lv\/agrilink\/wp-json\/wp\/v2\/types\/page"}],"author":[{"embeddable":true,"href":"https:\/\/www.laas.lv\/agrilink\/wp-json\/wp\/v2\/users\/2"}],"replies":[{"embeddable":true,"href":"https:\/\/www.laas.lv\/agrilink\/wp-json\/wp\/v2\/comments?post=4321"}],"version-history":[{"count":7,"href":"https:\/\/www.laas.lv\/agrilink\/wp-json\/wp\/v2\/pages\/4321\/revisions"}],"predecessor-version":[{"id":5248,"href":"https:\/\/www.laas.lv\/agrilink\/wp-json\/wp\/v2\/pages\/4321\/revisions\/5248"}],"up":[{"embeddable":true,"href":"https:\/\/www.laas.lv\/agrilink\/wp-json\/wp\/v2\/pages\/1901"}],"wp:attachment":[{"href":"https:\/\/www.laas.lv\/agrilink\/wp-json\/wp\/v2\/media?parent=4321"}],"curies":[{"name":"wp","href":"https:\/\/api.w.org\/{rel}","templated":true}]}}