{"id":45,"date":"2020-12-01T12:12:12","date_gmt":"2020-12-01T12:12:12","guid":{"rendered":"https:\/\/www.laas.lv\/agrilink\/?page_id=45"},"modified":"2024-05-23T08:03:45","modified_gmt":"2024-05-23T08:03:45","slug":"par-mums","status":"publish","type":"page","link":"https:\/\/www.laas.lv\/agrilink\/par-mums\/","title":{"rendered":"Par mums"},"content":{"rendered":"\n<p class=\"has-large-font-size\"><strong>S\u012b vietne ir izveidota sekojo\u0161a projekta ietvaros :<\/strong><\/p>\n\n\n\n<p><strong>Nosaukums<\/strong>:&nbsp;<em>Agricultural knowledge: linking farmers, advisors and researchers to boost innovation<\/em>&nbsp;\/&nbsp;Lauksaimniecisk\u0101s zin\u0101\u0161anas: zemnieku, konsultantu un p\u0113tnieku sadarb\u012bba inov\u0101ciju veicin\u0101\u0161anai<\/p>\n\n\n\n<p><strong>Finans\u0113juma avots<\/strong>: ES &#8220;Apv\u0101rsnis 2020&#8221; projekts, l\u012bgums nr. 727577.<\/p>\n\n\n\n<p><strong>\u012asteno\u0161anas periods<\/strong>: 01.07.2017.-31.05.2021. (pagarin\u0101ts l\u012bdz 30.11.2021.)<\/p>\n\n\n\n<p><strong>Koordinators<\/strong>:&nbsp;Institut National de la Recherche Agronomique et Environnement (INRAE) (Francija)<\/p>\n\n\n\n<p><strong>Latvijas partneris<\/strong>:&nbsp;Nodibin\u0101jums &#8220;Baltic Studies Centre&#8221;<\/p>\n\n\n\n<p>AGRILINK ir starptautisks p\u0113tniecisks projekts, ko finans\u0113 Eiropas Savien\u012bbas p\u0113tniec\u012bbas un inov\u0101ciju programma &#8220;Apv\u0101rsnis 2020&#8221;. Projektu vada Francijas Nacion\u0101lais lauksaimniec\u012bbas un vides p\u0113t\u012bjumu instit\u016bts (INRAE), un taj\u0101 piedal\u0101s 15 partnerorganiz\u0101cijas no 13 Eiropas valst\u012bm.<\/p>\n\n\n\n<p>AgriLink m\u0113r\u0137is ir veicin\u0101t ilgtsp\u0113j\u012bgas p\u0101rmai\u0146as Eiropas lauksaimniec\u012bb\u0101, lab\u0101k izprotot lauksaimniec\u012bbas konsultantu lomu zemnieku l\u0113mumu pie\u0146em\u0161an\u0101. AgriLink analiz\u0113 un tiecas uzlabot lauksaimniec\u012bbas konsultantu lomu asto\u0146\u0101s lauksaimniec\u012bbas inov\u0101ciju jom\u0101s, kur\u0101s atspogu\u013cojas izaicin\u0101jumi, kas identific\u0113ti dokument\u0101 \u201cStrat\u0113\u0123iska pieeja ES lauksaimniec\u012bbas p\u0113tniec\u012bbai un inov\u0101cij\u0101m\u201d. Projekts veidots ar domu, ka lauksaimniec\u012bbas konsult\u0101ciju pakalpojumu snieg\u0161anas un inov\u0101ciju veicin\u0101\u0161anas izv\u0113rt\u0113jum\u0101 ir apzin\u0101mas un iek\u013caujamas visas daudzveid\u012bg\u0101s lauksaimniec\u012bbas konsult\u0101cijas sniedzo\u0161\u0101s organiz\u0101cijas. <a href=\"http:\/\/bscresearch.lv\/lv\/projekti\/agrilink\" target=\"_blank\" rel=\"noreferrer noopener\">Vair\u0101k par projektu \u0161eit<\/a><\/p>\n\n\n\n<p class=\"has-large-font-size\"><strong>Kontakti<\/strong><\/p>\n\n\n\n<p class=\"has-primary-color has-text-color\">Platformu p\u0101rrauga biedr\u012bba <a rel=\"noreferrer noopener\" href=\"http:\/\/www.laas.lv\" target=\"_blank\"><span style=\"color:#187508\">Latvijas Aug\u013ckopju Asoci\u0101cija<\/span><\/a>. <\/p>\n\n\n\n<p class=\"has-primary-color has-text-color\"><em><strong>Atsauksm\u0113m un ieteikumiem par platformas saturu un darb\u012bbu:<\/strong> tel.+37126356200, e-pasti: peteris@laas.lv <\/em>, dalija.seglina@llu.lv<\/p>\n\n\n\n<p><em><strong>Inform\u0101cija par AgriLink <\/strong> <strong>projektu<\/strong>: emils.kilis@gmail.com<\/em><\/p>\n\n\n\n<p class=\"has-text-color\" style=\"color:#a30023\"><\/p>\n","protected":false},"excerpt":{"rendered":"<p>S\u012b vietne ir izveidota sekojo\u0161a projekta ietvaros : Nosaukums:&nbsp;Agricultural knowledge: linking farmers, advisors and researchers to boost innovation&nbsp;\/&nbsp;Lauksaimniecisk\u0101s zin\u0101\u0161anas: zemnieku, konsultantu un p\u0113tnieku sadarb\u012bba inov\u0101ciju veicin\u0101\u0161anai Finans\u0113juma avots: ES &#8220;Apv\u0101rsnis 2020&#8221; projekts, l\u012bgums nr. 727577. \u012asteno\u0161anas periods: 01.07.2017.-31.05.2021. (pagarin\u0101ts l\u012bdz 30.11.2021.) Koordinators:&nbsp;Institut National de la Recherche Agronomique et Environnement (INRAE) (Francija) Latvijas partneris:&nbsp;Nodibin\u0101jums &#8220;Baltic Studies [&hellip;]<\/p>\n","protected":false},"author":2,"featured_media":724,"parent":0,"menu_order":1,"comment_status":"closed","ping_status":"closed","template":"templates\/template-full-width.php","meta":{"footnotes":""},"class_list":["post-45","page","type-page","status-publish","has-post-thumbnail","hentry"],"jetpack_sharing_enabled":true,"_links":{"self":[{"href":"https:\/\/www.laas.lv\/agrilink\/wp-json\/wp\/v2\/pages\/45","targetHints":{"allow":["GET"]}}],"collection":[{"href":"https:\/\/www.laas.lv\/agrilink\/wp-json\/wp\/v2\/pages"}],"about":[{"href":"https:\/\/www.laas.lv\/agrilink\/wp-json\/wp\/v2\/types\/page"}],"author":[{"embeddable":true,"href":"https:\/\/www.laas.lv\/agrilink\/wp-json\/wp\/v2\/users\/2"}],"replies":[{"embeddable":true,"href":"https:\/\/www.laas.lv\/agrilink\/wp-json\/wp\/v2\/comments?post=45"}],"version-history":[{"count":14,"href":"https:\/\/www.laas.lv\/agrilink\/wp-json\/wp\/v2\/pages\/45\/revisions"}],"predecessor-version":[{"id":731,"href":"https:\/\/www.laas.lv\/agrilink\/wp-json\/wp\/v2\/pages\/45\/revisions\/731"}],"wp:featuredmedia":[{"embeddable":true,"href":"https:\/\/www.laas.lv\/agrilink\/wp-json\/wp\/v2\/media\/724"}],"wp:attachment":[{"href":"https:\/\/www.laas.lv\/agrilink\/wp-json\/wp\/v2\/media?parent=45"}],"curies":[{"name":"wp","href":"https:\/\/api.w.org\/{rel}","templated":true}]}}