{"id":4678,"date":"2025-02-20T06:27:33","date_gmt":"2025-02-20T06:27:33","guid":{"rendered":"https:\/\/www.laas.lv\/agrilink\/?page_id=4678"},"modified":"2026-02-28T07:33:41","modified_gmt":"2026-02-28T07:33:41","slug":"darzkopibas-konference-bulduros-2025-g-prezentaciju-materiali","status":"publish","type":"page","link":"https:\/\/www.laas.lv\/agrilink\/darzkopibas-konference-bulduros-2025-g-prezentaciju-materiali\/","title":{"rendered":"D\u0101rzkop\u012bbas konference Bulduros 2025.g. Prezent\u0101ciju materi\u0101li"},"content":{"rendered":"","protected":true},"excerpt":{"rendered":"","protected":true},"author":2,"featured_media":0,"parent":0,"menu_order":0,"comment_status":"closed","ping_status":"closed","template":"","meta":{"footnotes":""},"class_list":["post-4678","page","type-page","status-publish","post-password-required","hentry"],"jetpack_sharing_enabled":true,"_links":{"self":[{"href":"https:\/\/www.laas.lv\/agrilink\/wp-json\/wp\/v2\/pages\/4678","targetHints":{"allow":["GET"]}}],"collection":[{"href":"https:\/\/www.laas.lv\/agrilink\/wp-json\/wp\/v2\/pages"}],"about":[{"href":"https:\/\/www.laas.lv\/agrilink\/wp-json\/wp\/v2\/types\/page"}],"author":[{"embeddable":true,"href":"https:\/\/www.laas.lv\/agrilink\/wp-json\/wp\/v2\/users\/2"}],"replies":[{"embeddable":true,"href":"https:\/\/www.laas.lv\/agrilink\/wp-json\/wp\/v2\/comments?post=4678"}],"version-history":[{"count":8,"href":"https:\/\/www.laas.lv\/agrilink\/wp-json\/wp\/v2\/pages\/4678\/revisions"}],"predecessor-version":[{"id":5818,"href":"https:\/\/www.laas.lv\/agrilink\/wp-json\/wp\/v2\/pages\/4678\/revisions\/5818"}],"wp:attachment":[{"href":"https:\/\/www.laas.lv\/agrilink\/wp-json\/wp\/v2\/media?parent=4678"}],"curies":[{"name":"wp","href":"https:\/\/api.w.org\/{rel}","templated":true}]}}