{"id":5028,"date":"2025-04-14T09:31:23","date_gmt":"2025-04-14T09:31:23","guid":{"rendered":"https:\/\/www.laas.lv\/agrilink\/?page_id=5028"},"modified":"2026-03-10T07:25:09","modified_gmt":"2026-03-10T07:25:09","slug":"copernicus-lietotaja-rokasgramata","status":"publish","type":"page","link":"https:\/\/www.laas.lv\/agrilink\/copernicus-lietotaja-rokasgramata\/","title":{"rendered":"Teritorijas att\u0101lin\u0101t\u0101s zond\u0113\u0161anas pamatprincipi un Copernicus lietot\u0101ja ce\u013cvedis"},"content":{"rendered":"\n<p class=\"has-small-font-size\">Lai piek\u013c\u016btu Copernicus lietot\u0101ja ce\u013cvedim l\u016bdzu veiciet maks\u0101jumu 7.60 EUR. P\u0113c maks\u0101juma veik\u0161anas j\u016bs uz e pastu sa\u0146emsiet piek\u013cuves kodu. Kods der\u012bgs  5 dienas. \u0160ai laik\u0101 j\u016bs variet lietot materi\u0101lus, tos kop\u0113t un veikt izdrukas.  Kodam uz j\u016bs e pastu j\u0101pien\u0101k da\u017eu min\u016b\u0161u laik\u0101. Ja kaut kas nedarbojas sazinieties ar mums uz info@laas.lv<\/p>\n\n\n\n<div class=\"wp-block-buttons is-layout-flex wp-block-buttons-is-layout-flex\">\n<div class=\"wp-block-button\"><a class=\"wp-block-button__link has-background has-small-font-size has-custom-font-size wp-element-button\" href=\"https:\/\/payment.ecommerce.sebgroup.com\/lp\/mro8toob2b\" style=\"background-color:#1c570e\" target=\"_blank\" rel=\"noreferrer noopener\">veikt maksajumu<\/a><\/div>\n<\/div>\n\n\n<form method=\"post\">\n            <label for=\"protected_pass\">Ievadiet kodu:<\/label><br>\n            <input type=\"password\" id=\"protected_pass\" name=\"protected_pass\" required \/>\n            <button type=\"submit\">Submittt<\/button>\n        <\/form>\n","protected":false},"excerpt":{"rendered":"<p>Lai piek\u013c\u016btu Copernicus lietot\u0101ja ce\u013cvedim l\u016bdzu veiciet maks\u0101jumu 7.60 EUR. P\u0113c maks\u0101juma veik\u0161anas j\u016bs uz e pastu sa\u0146emsiet piek\u013cuves kodu. Kods der\u012bgs 5 dienas. \u0160ai laik\u0101 j\u016bs variet lietot materi\u0101lus, tos kop\u0113t un veikt izdrukas. Kodam uz j\u016bs e pastu j\u0101pien\u0101k da\u017eu min\u016b\u0161u laik\u0101. Ja kaut kas nedarbojas sazinieties ar mums uz info@laas.lv<\/p>\n","protected":false},"author":2,"featured_media":0,"parent":0,"menu_order":0,"comment_status":"closed","ping_status":"closed","template":"templates\/template-full-width.php","meta":{"footnotes":""},"class_list":["post-5028","page","type-page","status-publish","hentry"],"jetpack_sharing_enabled":true,"_links":{"self":[{"href":"https:\/\/www.laas.lv\/agrilink\/wp-json\/wp\/v2\/pages\/5028","targetHints":{"allow":["GET"]}}],"collection":[{"href":"https:\/\/www.laas.lv\/agrilink\/wp-json\/wp\/v2\/pages"}],"about":[{"href":"https:\/\/www.laas.lv\/agrilink\/wp-json\/wp\/v2\/types\/page"}],"author":[{"embeddable":true,"href":"https:\/\/www.laas.lv\/agrilink\/wp-json\/wp\/v2\/users\/2"}],"replies":[{"embeddable":true,"href":"https:\/\/www.laas.lv\/agrilink\/wp-json\/wp\/v2\/comments?post=5028"}],"version-history":[{"count":140,"href":"https:\/\/www.laas.lv\/agrilink\/wp-json\/wp\/v2\/pages\/5028\/revisions"}],"predecessor-version":[{"id":5904,"href":"https:\/\/www.laas.lv\/agrilink\/wp-json\/wp\/v2\/pages\/5028\/revisions\/5904"}],"wp:attachment":[{"href":"https:\/\/www.laas.lv\/agrilink\/wp-json\/wp\/v2\/media?parent=5028"}],"curies":[{"name":"wp","href":"https:\/\/api.w.org\/{rel}","templated":true}]}}