{"id":5254,"date":"2025-05-07T12:10:42","date_gmt":"2025-05-07T12:10:42","guid":{"rendered":"https:\/\/www.laas.lv\/agrilink\/?page_id=5254"},"modified":"2026-03-13T08:59:37","modified_gmt":"2026-03-13T08:59:37","slug":"argisat-produkti-un-pakalpojumi","status":"publish","type":"page","link":"https:\/\/www.laas.lv\/agrilink\/argisat-produkti-un-pakalpojumi\/","title":{"rendered":"ArgiSat produkti un pakalpojumi"},"content":{"rendered":"\n<div style=\"height:45px\" aria-hidden=\"true\" class=\"wp-block-spacer\"><\/div>\n\n\n\n<div class=\"wp-block-buttons is-content-justification-left is-layout-flex wp-container-core-buttons-is-layout-fdcfc74e wp-block-buttons-is-layout-flex\">\n<div class=\"wp-block-button is-style-fill\" id=\"pieteikties\"><a class=\"wp-block-button__link has-background has-text-align-center has-custom-font-size wp-element-button\" href=\"https:\/\/www.laas.lv\/agrilink\/copernicus-lietotaja-rokasgramata\/\" style=\"border-radius:100px;background:linear-gradient(90deg,rgb(112,157,44) 46%,rgb(18,80,26) 100%);font-size:16px\" target=\"_blank\" rel=\"noreferrer noopener\"><strong>T<\/strong>ie\u0161saistes  apm\u0101c\u012bbu materi\u0101li copernicus platformas lieto\u0161anai<\/a><\/div>\n<\/div>\n\n\n\n<div class=\"wp-block-buttons is-content-justification-left is-layout-flex wp-container-core-buttons-is-layout-fdcfc74e wp-block-buttons-is-layout-flex\">\n<div class=\"wp-block-button is-style-fill\" id=\"pieteikties\"><a class=\"wp-block-button__link has-background has-text-align-center has-custom-font-size wp-element-button\" href=\"https:\/\/www.laas.lv\/agrilink\/lauku-monitorings-no-satelita\/pasutit-lauka-foto\/\" style=\"border-radius:100px;background:linear-gradient(90deg,rgb(112,157,44) 46%,rgb(18,80,26) 100%);font-size:16px\" target=\"_blank\" rel=\"noreferrer noopener\"><strong>pas\u016bt\u012bt sava lauka att\u0113lus<\/strong><\/a><\/div>\n<\/div>\n\n\n\n<p class=\"has-small-font-size\"><\/p>\n\n\n\n<p class=\"has-small-font-size\"><\/p>\n","protected":false},"excerpt":{"rendered":"","protected":false},"author":2,"featured_media":0,"parent":0,"menu_order":0,"comment_status":"closed","ping_status":"closed","template":"","meta":{"footnotes":""},"class_list":["post-5254","page","type-page","status-publish","hentry"],"jetpack_sharing_enabled":true,"_links":{"self":[{"href":"https:\/\/www.laas.lv\/agrilink\/wp-json\/wp\/v2\/pages\/5254","targetHints":{"allow":["GET"]}}],"collection":[{"href":"https:\/\/www.laas.lv\/agrilink\/wp-json\/wp\/v2\/pages"}],"about":[{"href":"https:\/\/www.laas.lv\/agrilink\/wp-json\/wp\/v2\/types\/page"}],"author":[{"embeddable":true,"href":"https:\/\/www.laas.lv\/agrilink\/wp-json\/wp\/v2\/users\/2"}],"replies":[{"embeddable":true,"href":"https:\/\/www.laas.lv\/agrilink\/wp-json\/wp\/v2\/comments?post=5254"}],"version-history":[{"count":11,"href":"https:\/\/www.laas.lv\/agrilink\/wp-json\/wp\/v2\/pages\/5254\/revisions"}],"predecessor-version":[{"id":5923,"href":"https:\/\/www.laas.lv\/agrilink\/wp-json\/wp\/v2\/pages\/5254\/revisions\/5923"}],"wp:attachment":[{"href":"https:\/\/www.laas.lv\/agrilink\/wp-json\/wp\/v2\/media?parent=5254"}],"curies":[{"name":"wp","href":"https:\/\/api.w.org\/{rel}","templated":true}]}}