{"id":544,"date":"2021-01-08T15:19:20","date_gmt":"2021-01-08T15:19:20","guid":{"rendered":"https:\/\/www.laas.lv\/agrilink\/?page_id=544"},"modified":"2024-05-22T13:21:19","modified_gmt":"2024-05-22T13:21:19","slug":"apmacibas-un-kursi","status":"publish","type":"page","link":"https:\/\/www.laas.lv\/agrilink\/apmacibas-un-kursi\/","title":{"rendered":"Apm\u0101c\u012bbas un Kursi"},"content":{"rendered":"\n<div class=\"wp-block-buttons is-layout-flex wp-block-buttons-is-layout-flex\">\n<div class=\"wp-block-button is-style-fill\"><a class=\"wp-block-button__link has-background\" href=\"https:\/\/www.laas.lv\/agrilink\/apmacibas-auglkopiba-2021\/\" style=\"background:linear-gradient(90deg,rgb(176,217,110) 46%,rgb(51,144,63) 100%)\">2021 gad\u0101 pl\u0101not\u0101s Apm\u0101c\u012bbas<\/a><\/div>\n<\/div>\n\n\n\n<p>\u0160eit var mekl\u0113t inform\u0101ciju par apm\u0101c\u012bb\u0101m aug\u013ckop\u012bb\u0101, ko Latvijas Aug\u013ckopju Asoci\u0101cija (LAA) r\u012bkojusi  p\u0113d\u0113jo gadu laik\u0101. LAA cen\u0161as sekot l\u012bdzi visam jaun\u0101kajam nozar\u0113 un iek\u013caut visu aktu\u0101l\u0101ko  aug\u013ckopju apm\u0101c\u012bbu programm\u0101s. Iesp\u0113jams, ka par j\u016bsu interes\u0113jo\u0161o jaut\u0101jumu ir run\u0101ts k\u0101d\u0101 no apm\u0101c\u012bb\u0101m. Esam apkopoju\u0161i apm\u0101c\u012bbu tematus un materi\u0101lus. Ja konstat\u0113jat, ka par k\u0101du no jums interes\u0113jo\u0161o tematu ir biju\u0161i kursi ir iesp\u0113jams person\u012bgi konsult\u0113ties ar attiec\u012bgo lektoru, k\u0101 ar\u012b sa\u0146emt m\u0101c\u012bbu materi\u0101lus.<\/p>\n\n\n\n<p><em>! Mekl\u0113t\u0101js \u0161ai lap\u0101 veic mekl\u0113\u0161anu tikai satur\u0101, kas saist\u012bts ar apm\u0101c\u012bb\u0101m. Ja v\u0113laties atrast jebkuru tematu ar attiec\u012bgajiem atsl\u0113gvardiem  izv\u0113laties kop\u0113jo mekl\u0113t\u0101ju.<\/em><\/p>\n\n\n<form data-min-no-for-search=1 data-result-box-max-height=400 data-form-id=572 class=\"is-search-form is-form-style is-form-style-3 is-form-id-572 is-ajax-search\" action=\"https:\/\/www.laas.lv\/agrilink\/\" method=\"get\" role=\"search\" ><label for=\"is-search-input-572\"><span class=\"is-screen-reader-text\">Search for:<\/span><input  type=\"search\" id=\"is-search-input-572\" name=\"s\" value=\"\" class=\"is-search-input\" placeholder=\"Mekl\u0113t \u0161eit\" autocomplete=off \/><span class=\"is-loader-image\" style=\"display: none;background-image:url(https:\/\/www.laas.lv\/agrilink\/wp-content\/plugins\/add-search-to-menu\/public\/images\/spinner.gif);\" ><\/span><\/label><button type=\"submit\" class=\"is-search-submit\"><span class=\"is-screen-reader-text\">Search Button<\/span><span class=\"is-search-icon\"><svg focusable=\"false\" aria-label=\"Search\" xmlns=\"http:\/\/www.w3.org\/2000\/svg\" viewBox=\"0 0 24 24\" width=\"24px\"><path d=\"M15.5 14h-.79l-.28-.27C15.41 12.59 16 11.11 16 9.5 16 5.91 13.09 3 9.5 3S3 5.91 3 9.5 5.91 16 9.5 16c1.61 0 3.09-.59 4.23-1.57l.27.28v.79l5 4.99L20.49 19l-4.99-5zm-6 0C7.01 14 5 11.99 5 9.5S7.01 5 9.5 5 14 7.01 14 9.5 11.99 14 9.5 14z\"><\/path><\/svg><\/span><\/button><input type=\"hidden\" name=\"id\" value=\"572\" \/><\/form>\n\n\n\n<figure class=\"wp-block-table\"><table><thead><tr><th class=\"has-text-align-center\" data-align=\"center\">Kursa nosaukums<\/th><th class=\"has-text-align-center\" data-align=\"center\">Apskat\u012btie temati<\/th><\/tr><\/thead><tbody><tr><td class=\"has-text-align-center\" data-align=\"center\">Integr\u0113t\u0101s aug\u013ckop\u012bbas iesp\u0113jas Latvij\u0101 main\u012bg\u0101 klimata apst\u0101k\u013cos  (ies\u0101c\u0113jiem)<br><em>Pl\u0101no\u0161an\u0101 no 2021.g.pavasara, <a href=\"https:\/\/www.laas.lv\/agrilink\/apmacibas-auglkopiba-2021\/\">vair\u0101k inform\u0101cijas \u0161eit<\/a><\/em><\/td><td class=\"has-text-align-center\" data-align=\"center\">Ekolo\u0123isko faktoru ietekme un regul\u0113\u0161anas iesp\u0113jas aug\u013caugu audz\u0113\u0161an\u0101, <br>m\u0113slo\u0161ana aug\u013ckop\u012bb\u0101, vides risku samazino\u0161as tehnolo\u0123ijas, konkur\u0113tsp\u0113ja glob\u0101laj\u0101 tirg\u016b. <br>Apm\u0101c\u012bbu materi\u0101li b\u016bs pieejami apm\u0101c\u012bbu gait\u0101<\/td><\/tr><tr><td class=\"has-text-align-center\" data-align=\"center\">Biolo\u0123isko pa\u0146\u0113mienu izmanto\u0161ana un glob\u0101lo klimata izmai\u0146u rad\u012bto vides risku samazino\u0161as tehnolo\u0123ijas integr\u0113taj\u0101 aug\u013ckop\u012bb\u0101  (pieredz\u0113ju\u0161iem audz\u0113t\u0101jiem) <em>Pl\u0101no\u0161an\u0101 no 2021.g.pavasara, <a href=\"https:\/\/www.laas.lv\/agrilink\/apmacibas-auglkopiba-2021\/\">vair\u0101k inform\u0101cijas \u0161eit<\/a><\/em><\/td><td class=\"has-text-align-center\" data-align=\"center\">Jaun\u0101k\u0101s metodes un tehnolo\u0123ijas inov\u0101cijas konkur\u0113tsp\u0113jas palielin\u0101\u0161anai glob\u0101laj\u0101 tirg\u016b. Apm\u0101c\u012bbu materi\u0101li b\u016bs pieejami apm\u0101c\u012bbu gait\u0101<\/td><\/tr><tr><td class=\"has-text-align-center\" data-align=\"center\">Videi draudz\u012bga aug\u013ckop\u012bba pieredz\u0113ju\u0161iem aug\u013ckopjiem <br>2019.g.<\/td><td class=\"has-text-align-center\" data-align=\"center\">Darba dro\u0161\u012bba, d\u0101rzu sist\u0113mas un kop\u0161anas iesp\u0113jas, tehnikas un tehnolo\u0123ijas, smidzin\u0101t\u0101ju pielietojums un jaun\u0101k\u0101s atzi\u0146as augu aizsardz\u012bb\u0101, tirgus tendences<br><a href=\"https:\/\/www.laas.lv\/agrilink\/2021\/01\/09\/videi-draudziga-auglkopiba-pieredzejusiem-auglkopjiem-2019-g\/\">S\u012bk\u0101k par apskat\u012btajiem tematiem<\/a> <br><\/td><\/tr><tr><td class=\"has-text-align-center\" data-align=\"center\">Integr\u0113t\u0101 aug\u013ckop\u012bba un lauksaimniecisk\u0101 ra\u017eo\u0161ana perspekt\u012bv\u0101m, bet \u0161obr\u012bd mazpaz\u012bstam\u0101m aug\u013ckop\u012bbas kult\u016br\u0101m (t.sk. uz tirgu v\u0113rsta kvalitat\u012bva un ilgtsp\u0113j\u012bga produkcijas ra\u017eo\u0161ana) (ies\u0101c\u0113jiem)<br>2018.g.<\/td><td class=\"has-text-align-center\" data-align=\"center\"><\/td><\/tr><tr><td class=\"has-text-align-center\" data-align=\"center\">Integr\u0113t\u0101 aug\u013ckop\u012bba un lauksaimniecisk\u0101 ra\u017eo\u0161ana (t.sk. uz tirgu v\u0113rsta kvalitat\u012bva un ilgtsp\u0113j\u012bga produkcijas ra\u017eo\u0161ana) (pieredz\u0113ju\u0161iem audz\u0113t\u0101jiem)<br>2018.g.<\/td><td class=\"has-text-align-center\" data-align=\"center\"><\/td><\/tr><tr><td class=\"has-text-align-center\" data-align=\"center\">Integr\u0113t\u0101 aug\u013ckop\u012bba un lauksaimniecisk\u0101 ra\u017eo\u0161ana aug\u013ckoku st\u0101d\u012bjumiem (t.sk. uz tirgu v\u0113rsta kvalitat\u012bva un ilgtsp\u0113j\u012bga produkcijas ra\u017eo\u0161ana) (ies\u0101c\u0113jiem)<br>2017.g.<\/td><td class=\"has-text-align-center\" data-align=\"center\"><\/td><\/tr><tr><td class=\"has-text-align-center\" data-align=\"center\">Integr\u0113t\u0101 aug\u013ckop\u012bba un lauksaimniecisk\u0101 ra\u017eo\u0161ana ogul\u0101ju st\u0101d\u012bjumiem (t.sk. uz tirgu v\u0113rsta kvalitat\u012bva un ilgtsp\u0113j\u012bga produkcijas ra\u017eo\u0161ana) (ies\u0101c\u0113jiem)<br>2017.g.<\/td><td class=\"has-text-align-center\" data-align=\"center\"><\/td><\/tr><\/tbody><\/table><\/figure>\n","protected":false},"excerpt":{"rendered":"<p>\u0160eit var mekl\u0113t inform\u0101ciju par apm\u0101c\u012bb\u0101m aug\u013ckop\u012bb\u0101, ko Latvijas Aug\u013ckopju Asoci\u0101cija (LAA) r\u012bkojusi p\u0113d\u0113jo gadu laik\u0101. LAA cen\u0161as sekot l\u012bdzi visam jaun\u0101kajam nozar\u0113 un iek\u013caut visu aktu\u0101l\u0101ko aug\u013ckopju apm\u0101c\u012bbu programm\u0101s. Iesp\u0113jams, ka par j\u016bsu interes\u0113jo\u0161o jaut\u0101jumu ir run\u0101ts k\u0101d\u0101 no apm\u0101c\u012bb\u0101m. Esam apkopoju\u0161i apm\u0101c\u012bbu tematus un materi\u0101lus. Ja konstat\u0113jat, ka par k\u0101du no jums interes\u0113jo\u0161o [&hellip;]<\/p>\n","protected":false},"author":2,"featured_media":0,"parent":0,"menu_order":2,"comment_status":"closed","ping_status":"closed","template":"","meta":{"footnotes":""},"class_list":["post-544","page","type-page","status-publish","hentry"],"jetpack_sharing_enabled":true,"_links":{"self":[{"href":"https:\/\/www.laas.lv\/agrilink\/wp-json\/wp\/v2\/pages\/544","targetHints":{"allow":["GET"]}}],"collection":[{"href":"https:\/\/www.laas.lv\/agrilink\/wp-json\/wp\/v2\/pages"}],"about":[{"href":"https:\/\/www.laas.lv\/agrilink\/wp-json\/wp\/v2\/types\/page"}],"author":[{"embeddable":true,"href":"https:\/\/www.laas.lv\/agrilink\/wp-json\/wp\/v2\/users\/2"}],"replies":[{"embeddable":true,"href":"https:\/\/www.laas.lv\/agrilink\/wp-json\/wp\/v2\/comments?post=544"}],"version-history":[{"count":16,"href":"https:\/\/www.laas.lv\/agrilink\/wp-json\/wp\/v2\/pages\/544\/revisions"}],"predecessor-version":[{"id":2712,"href":"https:\/\/www.laas.lv\/agrilink\/wp-json\/wp\/v2\/pages\/544\/revisions\/2712"}],"wp:attachment":[{"href":"https:\/\/www.laas.lv\/agrilink\/wp-json\/wp\/v2\/media?parent=544"}],"curies":[{"name":"wp","href":"https:\/\/api.w.org\/{rel}","templated":true}]}}