{"id":546,"date":"2021-01-08T15:20:06","date_gmt":"2021-01-08T15:20:06","guid":{"rendered":"https:\/\/www.laas.lv\/agrilink\/?page_id=546"},"modified":"2025-11-19T06:37:34","modified_gmt":"2025-11-19T06:37:34","slug":"projekti","status":"publish","type":"page","link":"https:\/\/www.laas.lv\/agrilink\/projekti\/","title":{"rendered":"Projekti"},"content":{"rendered":"\n<p class=\"has-text-align-center has-large-font-size\"><strong>B\u016btiski projekti aug\u013ckop\u012bbas nozar\u0113 un to rezult\u0101ti<\/strong><\/p>\n\n\n<div class=\"wp-block-image\">\n<figure class=\"aligncenter size-full is-resized\"><a href=\"https:\/\/www.laas.lv\/agrilink\/greenfit\/\" target=\"_blank\" rel=\" noreferrer noopener\"><img loading=\"lazy\" decoding=\"async\" width=\"2481\" height=\"2481\" src=\"https:\/\/www.laas.lv\/agrilink\/wp-content\/uploads\/2025\/10\/Logo-01.png\" alt=\"\" class=\"wp-image-5598\" style=\"width:502px;height:auto\" srcset=\"https:\/\/www.laas.lv\/agrilink\/wp-content\/uploads\/2025\/10\/Logo-01.png 2481w, https:\/\/www.laas.lv\/agrilink\/wp-content\/uploads\/2025\/10\/Logo-01-300x300.png 300w, https:\/\/www.laas.lv\/agrilink\/wp-content\/uploads\/2025\/10\/Logo-01-1024x1024.png 1024w, https:\/\/www.laas.lv\/agrilink\/wp-content\/uploads\/2025\/10\/Logo-01-150x150.png 150w, https:\/\/www.laas.lv\/agrilink\/wp-content\/uploads\/2025\/10\/Logo-01-768x768.png 768w, https:\/\/www.laas.lv\/agrilink\/wp-content\/uploads\/2025\/10\/Logo-01-1536x1536.png 1536w, https:\/\/www.laas.lv\/agrilink\/wp-content\/uploads\/2025\/10\/Logo-01-2048x2048.png 2048w, https:\/\/www.laas.lv\/agrilink\/wp-content\/uploads\/2025\/10\/Logo-01-1200x1200.png 1200w, https:\/\/www.laas.lv\/agrilink\/wp-content\/uploads\/2025\/10\/Logo-01-1980x1980.png 1980w, https:\/\/www.laas.lv\/agrilink\/wp-content\/uploads\/2025\/10\/Logo-01-1320x1320.png 1320w, https:\/\/www.laas.lv\/agrilink\/wp-content\/uploads\/2025\/10\/Logo-01-450x450.png 450w, https:\/\/www.laas.lv\/agrilink\/wp-content\/uploads\/2025\/10\/Logo-01-600x600.png 600w, https:\/\/www.laas.lv\/agrilink\/wp-content\/uploads\/2025\/10\/Logo-01-100x100.png 100w\" sizes=\"auto, (max-width: 2481px) 100vw, 2481px\" \/><\/a><figcaption class=\"wp-element-caption\"><strong>Za\u013c\u0101 notur\u012bba, izmantojot ekonomisko iesp\u0113ju<\/strong><em><strong> <\/strong><\/em><strong>papla\u0161in\u0101\u0161anu, vides zin\u0101\u0161anas un n\u0101kotnes pras\u012bb\u0101m atbilsto\u0161u digit\u0101lo infrastrukt\u016bru<\/strong><\/figcaption><\/figure>\n<\/div>\n\n\n<hr class=\"wp-block-separator has-alpha-channel-opacity\"\/>\n\n\n<div class=\"wp-block-image\">\n<figure class=\"aligncenter size-full is-resized\"><a href=\"https:\/\/www.laas.lv\/agrilink\/projekti\/projekts-jaunu-mikrobiologisko-preparatu-izstrade-kulturaugu-razibas-paaugstinasanai\/\" target=\"_blank\" rel=\" noreferrer noopener\"><img loading=\"lazy\" decoding=\"async\" width=\"234\" height=\"313\" src=\"https:\/\/www.laas.lv\/agrilink\/wp-content\/uploads\/2025\/07\/alges_pict_3probes.jpg\" alt=\"\" class=\"wp-image-5552\" style=\"aspect-ratio:1.6576086956521738;width:293px;height:auto\" srcset=\"https:\/\/www.laas.lv\/agrilink\/wp-content\/uploads\/2025\/07\/alges_pict_3probes.jpg 234w, https:\/\/www.laas.lv\/agrilink\/wp-content\/uploads\/2025\/07\/alges_pict_3probes-224x300.jpg 224w\" sizes=\"auto, (max-width: 234px) 100vw, 234px\" \/><\/a><figcaption class=\"wp-element-caption\">Jaunu mikrobiolo\u0123isko prepar\u0101tu izstr\u0101de un p\u0101rbaude kult\u016braugu ra\u017e\u012bbas paaugstin\u0101\u0161anai<\/figcaption><\/figure>\n<\/div>\n\n\n<hr class=\"wp-block-separator has-alpha-channel-opacity\"\/>\n\n\n<div class=\"wp-block-image\">\n<figure class=\"aligncenter size-large is-resized\"><a href=\"http:\/\/www.laas.lv\/lv\/inovativi-risinajumi-abelem-un-avenem\/\"><img loading=\"lazy\" decoding=\"async\" width=\"289\" height=\"174\" src=\"https:\/\/www.laas.lv\/agrilink\/wp-content\/uploads\/2021\/01\/avenes.jpg\" alt=\"\" class=\"wp-image-618\" style=\"width:305px;height:184px\"\/><\/a><figcaption class=\"wp-element-caption\">Inovat\u012bvi risin\u0101jumi \u0101bel\u0113m un aven\u0113m<\/figcaption><\/figure>\n<\/div>\n\n\n<hr class=\"wp-block-separator has-alpha-channel-opacity\"\/>\n\n\n\n<div class=\"wp-block-group\"><div class=\"wp-block-group__inner-container is-layout-constrained wp-block-group-is-layout-constrained\"><div class=\"wp-block-image is-style-rounded\">\n<figure class=\"aligncenter size-thumbnail is-resized\"><a href=\"https:\/\/www.laas.lv\/agrilink\/zemenu-audzesanas-tehnologija-izmantojot-substrata-apsildi-augstajos-tunelos\/\" target=\"_blank\" rel=\"noreferrer noopener\"><img loading=\"lazy\" decoding=\"async\" width=\"150\" height=\"150\" src=\"https:\/\/www.laas.lv\/agrilink\/wp-content\/uploads\/2023\/08\/IMG_20200911_134151-150x150.jpg\" alt=\"\" class=\"wp-image-1410\" style=\"width:170px;height:170px\"\/><\/a><\/figure>\n<\/div>\n\n\n<p class=\"has-text-align-center has-secondary-color has-text-color\" style=\"font-size:16px\"><a href=\"https:\/\/www.laas.lv\/agrilink\/zemenu-audzesanas-tehnologija-izmantojot-substrata-apsildi-augstajos-tunelos\/\" target=\"_blank\" rel=\"noreferrer noopener\">Zeme\u0146u audz\u0113\u0161anas tehnolo\u0123ija, izmantojot substr\u0101ta apsildi augstajos tune\u013cos<\/a><\/p>\n\n\n\n<p class=\"has-text-align-center\" style=\"font-size:13px\"><\/p>\n<\/div><\/div>\n\n\n\n<hr class=\"wp-block-separator has-alpha-channel-opacity\"\/>\n\n\n<div class=\"wp-block-image\">\n<figure class=\"aligncenter size-large is-resized\"><a href=\" laas.lv\/agrilink\/atlas\/\"><img loading=\"lazy\" decoding=\"async\" width=\"317\" height=\"118\" src=\"https:\/\/www.laas.lv\/agrilink\/wp-content\/uploads\/2021\/01\/atlas-logo.png\" alt=\"\" class=\"wp-image-624\" style=\"width:348px;height:129px\" srcset=\"https:\/\/www.laas.lv\/agrilink\/wp-content\/uploads\/2021\/01\/atlas-logo.png 317w, https:\/\/www.laas.lv\/agrilink\/wp-content\/uploads\/2021\/01\/atlas-logo-300x112.png 300w\" sizes=\"auto, (max-width: 317px) 100vw, 317px\" \/><\/a><figcaption class=\"wp-element-caption\">Savietojam\u012bbas un datu anal\u012bzes sist\u0113ma lauksaimniec\u012bb\u0101<\/figcaption><\/figure>\n<\/div>\n\n\n<hr class=\"wp-block-separator has-alpha-channel-opacity\"\/>\n\n\n<div class=\"wp-block-image\">\n<figure class=\"aligncenter size-large\"><a href=\" laas.lv\/agrilink\/innofruit\/\"><img loading=\"lazy\" decoding=\"async\" width=\"1024\" height=\"410\" src=\"https:\/\/www.laas.lv\/agrilink\/wp-content\/uploads\/2021\/01\/ibsr_p1_innofruit_project-logo_full-coloured-1024x410.jpg\" alt=\"\" class=\"wp-image-621\" srcset=\"https:\/\/www.laas.lv\/agrilink\/wp-content\/uploads\/2021\/01\/ibsr_p1_innofruit_project-logo_full-coloured-1024x410.jpg 1024w, https:\/\/www.laas.lv\/agrilink\/wp-content\/uploads\/2021\/01\/ibsr_p1_innofruit_project-logo_full-coloured-300x120.jpg 300w, https:\/\/www.laas.lv\/agrilink\/wp-content\/uploads\/2021\/01\/ibsr_p1_innofruit_project-logo_full-coloured-768x307.jpg 768w, https:\/\/www.laas.lv\/agrilink\/wp-content\/uploads\/2021\/01\/ibsr_p1_innofruit_project-logo_full-coloured-1536x614.jpg 1536w, https:\/\/www.laas.lv\/agrilink\/wp-content\/uploads\/2021\/01\/ibsr_p1_innofruit_project-logo_full-coloured-2048x819.jpg 2048w, https:\/\/www.laas.lv\/agrilink\/wp-content\/uploads\/2021\/01\/ibsr_p1_innofruit_project-logo_full-coloured-1200x480.jpg 1200w, https:\/\/www.laas.lv\/agrilink\/wp-content\/uploads\/2021\/01\/ibsr_p1_innofruit_project-logo_full-coloured-1980x792.jpg 1980w\" sizes=\"auto, (max-width: 1024px) 100vw, 1024px\" \/><\/a><figcaption class=\"wp-element-caption\">Projekta m\u0113r\u0137is&nbsp; att\u012bst\u012bt aug\u013ckop\u012bbas potenci\u0101lu Baltijas j\u016bras re\u0123ion\u0101 <\/figcaption><\/figure>\n<\/div>","protected":false},"excerpt":{"rendered":"<p>B\u016btiski projekti aug\u013ckop\u012bbas nozar\u0113 un to rezult\u0101ti Zeme\u0146u audz\u0113\u0161anas tehnolo\u0123ija, izmantojot substr\u0101ta apsildi augstajos tune\u013cos<\/p>\n","protected":false},"author":2,"featured_media":0,"parent":0,"menu_order":1,"comment_status":"closed","ping_status":"closed","template":"","meta":{"footnotes":""},"class_list":["post-546","page","type-page","status-publish","hentry"],"jetpack_sharing_enabled":true,"_links":{"self":[{"href":"https:\/\/www.laas.lv\/agrilink\/wp-json\/wp\/v2\/pages\/546","targetHints":{"allow":["GET"]}}],"collection":[{"href":"https:\/\/www.laas.lv\/agrilink\/wp-json\/wp\/v2\/pages"}],"about":[{"href":"https:\/\/www.laas.lv\/agrilink\/wp-json\/wp\/v2\/types\/page"}],"author":[{"embeddable":true,"href":"https:\/\/www.laas.lv\/agrilink\/wp-json\/wp\/v2\/users\/2"}],"replies":[{"embeddable":true,"href":"https:\/\/www.laas.lv\/agrilink\/wp-json\/wp\/v2\/comments?post=546"}],"version-history":[{"count":20,"href":"https:\/\/www.laas.lv\/agrilink\/wp-json\/wp\/v2\/pages\/546\/revisions"}],"predecessor-version":[{"id":5624,"href":"https:\/\/www.laas.lv\/agrilink\/wp-json\/wp\/v2\/pages\/546\/revisions\/5624"}],"wp:attachment":[{"href":"https:\/\/www.laas.lv\/agrilink\/wp-json\/wp\/v2\/media?parent=546"}],"curies":[{"name":"wp","href":"https:\/\/api.w.org\/{rel}","templated":true}]}}