{"id":5466,"date":"2025-07-05T08:24:45","date_gmt":"2025-07-05T08:24:45","guid":{"rendered":"https:\/\/www.laas.lv\/agrilink\/?page_id=5466"},"modified":"2025-07-31T07:33:34","modified_gmt":"2025-07-31T07:33:34","slug":"ka-mikroalges-palidz-augiem","status":"publish","type":"page","link":"https:\/\/www.laas.lv\/agrilink\/projekti\/projekts-jaunu-mikrobiologisko-preparatu-izstrade-kulturaugu-razibas-paaugstinasanai\/ka-mikroalges-palidz-augiem\/","title":{"rendered":"K\u0101 mikroa\u013c\u0123es pal\u012bdz augiem"},"content":{"rendered":"\n<div style=\"height:100px\" aria-hidden=\"true\" class=\"wp-block-spacer\"><\/div>\n\n\n\n<h3 class=\"wp-block-heading\"><strong>Mikroa\u013c\u0123es<\/strong> k\u0101 biostimulants<\/h3>\n\n\n\n<p>P\u0113tot uz mikroa\u013c\u0123u ekstraktu b\u0101z\u0113tu l\u012bdzek\u013cu ieg\u016b\u0161anas iesp\u0113jas, p\u0113tnieki ir atkl\u0101ju\u0161i, ka pat m\u0101jas apst\u0101k\u013cos var viegli izveidot efekt\u012bvu augu apsmidzin\u0101\u0161anas l\u012bdzekli, kas uzlabos auga vesel\u012bbu un ra\u017e\u012bbu. Kas nepiecie\u0161ams ?<\/p>\n\n\n\n<ul class=\"wp-block-list\">\n<li>mikroa\u013c\u0123es,<\/li>\n\n\n\n<li>\u016bdens,<\/li>\n\n\n\n<li>mikrovi\u013c\u0146u kr\u0101sns.<\/li>\n<\/ul>\n\n\n\n<p>Uz pus litru \u016bdens pievieno 50 g ar mikroa\u013c\u0123u pulvera ( aptuveni 6 \u0113damkarotes ar kaudz\u012bti). Liek mikrovi\u013c\u0146u kr\u0101sn\u012b uz 2 l\u012bdz 3 min\u016bt\u0113m. Ieg\u016bto mais\u012bjumu atdzes\u0113 un nok\u0101\u0161 caur marli. Ekstraktu uzreiz var smidzin\u0101t uz augiem vai ar\u012b at\u0161\u0137aid\u012bt ar \u016bdeni un izmantot laistot.<\/p>\n\n\n\n<h3 class=\"wp-block-heading\"><strong>Mikroa\u013c\u0123es pal\u012bdz augiem stres\u0101<\/strong><\/h3>\n\n\n\n<p>Karstums, sausums, aukstums \u2013 augiem ir j\u0101tiek gal\u0101 ar visu. Mikroa\u013c\u0123u ekstrakti satur dabiskus fitohormonus un citus v\u0113rt\u012bgus savienojumus, kas pal\u012bdz augiem piel\u0101goties stresam.  Da\u017e\u0101di p\u0113t\u012bjumi gan  \u0101rpus Latvijas, gan Latvijas Universit\u0101tes Biolo\u0123ijas instit\u016bta R\u016bpniecisk\u0101s mikrobiolo\u0123ijas un P\u0101rtikas biotehnolo\u0123ijas laboratorij\u0101 un pie sadarb\u012bbas partneriem liecina, ka piem\u0113ram aven\u0113m, burk\u0101niem, tom\u0101tiem vai pat rap\u0161iem var b\u016bt liel\u0101kas izredzes p\u0101rvar\u0113t nelabv\u0113l\u012bgus laikapst\u0101k\u013cus ja to ve\u0123et\u0101cijas period\u0101 tiek lietoti  mikroa\u013c\u0123u prepar\u0101ti.  Mikroa\u013c\u0123u  antistresa ietekme uz augiem tiek p\u0113t\u012bta ar\u012b \u0161aj\u0101 projekt\u0101.  <\/p>\n\n\n\n<figure class=\"wp-block-image size-full\"><img loading=\"lazy\" decoding=\"async\" width=\"809\" height=\"457\" src=\"https:\/\/www.laas.lv\/agrilink\/wp-content\/uploads\/2025\/07\/image.png\" alt=\"\" class=\"wp-image-5469\" srcset=\"https:\/\/www.laas.lv\/agrilink\/wp-content\/uploads\/2025\/07\/image.png 809w, https:\/\/www.laas.lv\/agrilink\/wp-content\/uploads\/2025\/07\/image-300x169.png 300w, https:\/\/www.laas.lv\/agrilink\/wp-content\/uploads\/2025\/07\/image-768x434.png 768w, https:\/\/www.laas.lv\/agrilink\/wp-content\/uploads\/2025\/07\/image-600x339.png 600w\" sizes=\"auto, (max-width: 809px) 100vw, 809px\" \/><\/figure>\n\n\n\n<h3 class=\"wp-block-heading\"><strong>Mikroa\u013c\u0123es pret slim\u012bb\u0101m<\/strong><\/h3>\n\n\n\n<p>Papildus projekt\u0101 tiek p\u0113t\u012bts ar\u012b mikroa\u013c\u0123u ekstraktu potenci\u0101ls k\u0101 biopestic\u012bdiem, piem\u0113ram to ietekme pret s\u0113n\u012b\u0161u slim\u012bb\u0101m un sak\u0146u puvi. L\u012bdz\u0161in\u0113jo p\u0113t\u012bjumu rezult\u0101ti r\u0101da, ka mikroa\u013c\u0123u ekstraktu izmanto\u0161ana uz tom\u0101tu st\u0101diem paildzina to aug\u013cu ra\u017eo\u0161anas ilgumu, kas var liecin\u0101t par samazin\u0101tu patog\u0113nu ietekmi uz tom\u0101tu augiem. Tom\u0101tiem \u0161ie ekstraktu l\u012bdzek\u013ci ir b\u016btiski palielin\u0101ju\u0161i lapu skaitu, stumbra diametru, auga garumu un \u0161\u0137\u012bsto\u0161o cietvielu saturu \u2013 tas noz\u012bm\u0113, ka augs kopum\u0101 ir sp\u0113c\u012bg\u0101ks un notur\u012bg\u0101ks pret da\u017e\u0101d\u0101m slim\u012bb\u0101m.<\/p>\n\n\n\n<p>Savuk\u0101rt, aven\u0113m iepriek\u0161 veiktie p\u0113t\u012bjumi nor\u0101da uz b\u016btiski liel\u0101ku auga garumu un svaru, palielin\u0101j\u0101s ar\u012b ogu svars un lapu dzinumu skaits \u2013 tas uzlaboja ra\u017eu un ogas bija liel\u0101kas!<\/p>\n","protected":false},"excerpt":{"rendered":"<p>Mikroa\u013c\u0123es k\u0101 biostimulants P\u0113tot uz mikroa\u013c\u0123u ekstraktu b\u0101z\u0113tu l\u012bdzek\u013cu ieg\u016b\u0161anas iesp\u0113jas, p\u0113tnieki ir atkl\u0101ju\u0161i, ka pat m\u0101jas apst\u0101k\u013cos var viegli izveidot efekt\u012bvu augu apsmidzin\u0101\u0161anas l\u012bdzekli, kas uzlabos auga vesel\u012bbu un ra\u017e\u012bbu. Kas nepiecie\u0161ams ? Uz pus litru \u016bdens pievieno 50 g ar mikroa\u013c\u0123u pulvera ( aptuveni 6 \u0113damkarotes ar kaudz\u012bti). Liek mikrovi\u013c\u0146u kr\u0101sn\u012b uz 2 [&hellip;]<\/p>\n","protected":false},"author":2,"featured_media":0,"parent":1469,"menu_order":0,"comment_status":"closed","ping_status":"closed","template":"templates\/template-full-width.php","meta":{"footnotes":""},"class_list":["post-5466","page","type-page","status-publish","hentry"],"jetpack_sharing_enabled":true,"_links":{"self":[{"href":"https:\/\/www.laas.lv\/agrilink\/wp-json\/wp\/v2\/pages\/5466","targetHints":{"allow":["GET"]}}],"collection":[{"href":"https:\/\/www.laas.lv\/agrilink\/wp-json\/wp\/v2\/pages"}],"about":[{"href":"https:\/\/www.laas.lv\/agrilink\/wp-json\/wp\/v2\/types\/page"}],"author":[{"embeddable":true,"href":"https:\/\/www.laas.lv\/agrilink\/wp-json\/wp\/v2\/users\/2"}],"replies":[{"embeddable":true,"href":"https:\/\/www.laas.lv\/agrilink\/wp-json\/wp\/v2\/comments?post=5466"}],"version-history":[{"count":7,"href":"https:\/\/www.laas.lv\/agrilink\/wp-json\/wp\/v2\/pages\/5466\/revisions"}],"predecessor-version":[{"id":5486,"href":"https:\/\/www.laas.lv\/agrilink\/wp-json\/wp\/v2\/pages\/5466\/revisions\/5486"}],"up":[{"embeddable":true,"href":"https:\/\/www.laas.lv\/agrilink\/wp-json\/wp\/v2\/pages\/1469"}],"wp:attachment":[{"href":"https:\/\/www.laas.lv\/agrilink\/wp-json\/wp\/v2\/media?parent=5466"}],"curies":[{"name":"wp","href":"https:\/\/api.w.org\/{rel}","templated":true}]}}