{"id":5583,"date":"2025-10-21T06:35:10","date_gmt":"2025-10-21T06:35:10","guid":{"rendered":"https:\/\/www.laas.lv\/agrilink\/?page_id=5583"},"modified":"2026-02-26T13:42:41","modified_gmt":"2026-02-26T13:42:41","slug":"greenfit","status":"publish","type":"page","link":"https:\/\/www.laas.lv\/agrilink\/greenfit\/","title":{"rendered":"GreenFit"},"content":{"rendered":"\n<h4 class=\"wp-block-heading\">Par projektu<\/h4>\n\n\n\n<p><strong>GreenFit<\/strong> ir tr\u012bs gadus ilgs ES programmas HORIZON l\u012bdzfinans\u0113ts projekts, kas apvieno p\u0113tniec\u012bbas iest\u0101des, tehnolo\u0123iju izstr\u0101d\u0101t\u0101jus un lauksaimniec\u012bbas nozares ieinteres\u0113t\u0101s personas, lai pa\u0101trin\u0101tu klimata zi\u0146\u0101 viedas lauksaimniec\u012bbas prakses ievie\u0161anu.<\/p>\n\n\n\n<ul class=\"wp-block-list\">\n<li><a href=\"https:\/\/www.laas.lv\/agrilink\/greenfit-kopsavilkums-slaidos\/\" target=\"_blank\" rel=\"noreferrer noopener\"><strong>Projekta kopsavilkums slaidos<\/strong><\/a><\/li>\n\n\n\n<li><strong>Projekta ofici\u0101l\u0101 t\u012bmek\u013ca vietne <a href=\"https:\/\/www.greenfit-project.eu\/\">www.greenfit-project.eu<\/a><\/strong><\/li>\n<\/ul>\n\n\n\n<div class=\"wp-block-buttons is-content-justification-right is-layout-flex wp-container-core-buttons-is-layout-765c4724 wp-block-buttons-is-layout-flex\">\n<div class=\"wp-block-button\"><a class=\"wp-block-button__link has-background has-large-font-size has-text-align-right has-custom-font-size wp-element-button\" href=\"https:\/\/www.laas.lv\/agrilink\/greenfit-rezultati\/\" style=\"border-top-left-radius:100px;border-top-right-radius:100px;border-bottom-left-radius:100px;border-bottom-right-radius:100px;background-color:#067a4b\" target=\"_blank\" rel=\"noreferrer noopener\">PROJEKTA  aktivit\u0101tes, REZULT\u0100TI, izstr\u0101des<\/a><\/div>\n<\/div>\n\n\n\n<div class=\"wp-block-file\"><a id=\"wp-block-file--media-6246a472-d794-40f8-b04a-226c3698e197\" href=\"https:\/\/www.laas.lv\/agrilink\/wp-content\/uploads\/2025\/11\/greenfit-leaflet_web_compressed.pdf\"><strong>Projekta buklets (ang\u013cu v.)<\/strong><\/a><a href=\"https:\/\/www.laas.lv\/agrilink\/wp-content\/uploads\/2025\/11\/greenfit-leaflet_web_compressed.pdf\" class=\"wp-block-file__button wp-element-button\" download aria-describedby=\"wp-block-file--media-6246a472-d794-40f8-b04a-226c3698e197\">Lejupiel\u0101d\u0113t<\/a><\/div>\n\n\n\n<div data-wp-interactive=\"core\/file\" class=\"wp-block-file\"><object data-wp-bind--hidden=\"!state.hasPdfPreview\" hidden class=\"wp-block-file__embed\" data=\"https:\/\/www.laas.lv\/agrilink\/wp-content\/uploads\/2025\/11\/Greenfit-poster-web.pdf\" type=\"application\/pdf\" style=\"width:100%;height:600px\" aria-label=\"Iegult Projekta posteris (ang\u013cu v.) .\"><\/object><a id=\"wp-block-file--media-1fe75ae2-b706-4f38-890e-b920ce51eaa7\" href=\"https:\/\/www.laas.lv\/agrilink\/wp-content\/uploads\/2025\/11\/Greenfit-poster-web.pdf\">Projekta posteris (ang\u013cu v.) <\/a><a href=\"https:\/\/www.laas.lv\/agrilink\/wp-content\/uploads\/2025\/11\/Greenfit-poster-web.pdf\" class=\"wp-block-file__button wp-element-button\" download aria-describedby=\"wp-block-file--media-1fe75ae2-b706-4f38-890e-b920ce51eaa7\">Lejupiel\u0101d\u0113t<\/a><\/div>\n\n\n\n<h5 class=\"wp-block-heading\">M\u0113r\u0137i un v\u012bzija<\/h5>\n\n\n\n<p>GreenFit m\u0113r\u0137is ir dot lauksaimniekiem iesp\u0113ju  optimiz\u0113t resursu izmanto\u0161anu un uzlabot notur\u012bbu pret klimata p\u0101rmai\u0146\u0101m. Integr\u0113jot t\u0101dus progres\u012bvus r\u012bkus k\u0101 m\u0101ksl\u012bg\u0101 intelekta darbin\u0101tas l\u0113mumu atbalsta sist\u0113mas, lietu interneta sensorus, uz XR (virtu\u0101l\u0101 realit\u0101te) balst\u012btas apm\u0101c\u012bbas un re\u0101llaika risin\u0101jumus. Galvenie jaunin\u0101jumi ietver m\u0101ksl\u012bg\u0101 intelekta vad\u012btu pal\u012bgu lauksaimniekiem  &#8220;AgriChatbot&#8221; un dronu sist\u0113mu augsnes un kult\u016braugu uzraudz\u012bbai. <\/p>\n\n\n\n<p>Projekts apvieno digit\u0101l\u0101s inov\u0101cijas ar praktisk\u0101m apm\u0101c\u012bb\u0101m un sabiedr\u012bbas iesaist\u012b\u0161anu, t\u0101d\u0101 veid\u0101 nodro\u0161inot risin\u0101jumu starptautisku m\u0113rogu, risin\u0101jumu  ilgtsp\u0113ju un to balst\u012b\u0161anu uz viet\u0113j\u0101m vajadz\u012bb\u0101m. Lai ilgtsp\u0113j\u012bga lauksaimniec\u012bba k\u013c\u016btu par realit\u0101ti, GreenFit ietvaros paredz\u0113tas praktiskas lauka demonstr\u0101cijas ar modern\u0101kajiem digit\u0101lajiem r\u012bkiem, piem\u0113ram, Drone-in-a-Box un Digit\u0101l\u0101s lauksaimniec\u012bbas observatoriju. \u0160ie r\u012bki  integr\u0113s uz  XR (virtu\u0101lo realit\u0101ti) balst\u012btas apm\u0101c\u012bbas, veicin\u0101s digit\u0101lo m\u0101c\u012b\u0161anos izmantojot mobil\u0101s platformas,  lai veicin\u0101tu ilgtsp\u0113j\u012bgas prakses ilgtermi\u0146a ievie\u0161anu. Sniedzot lokaliz\u0113tus, uz datiem balst\u012btus ieskatus viet\u0113j\u0101m kopien\u0101m un re\u0123ion\u0101laj\u0101m iest\u0101d\u0113m un uzturot nep\u0101rtrauktu atgriezenisko saiti ar gala lietot\u0101jiem, GreenFit nodro\u0161in\u0101s, ka t\u0101 risin\u0101jumi ilgtsp\u0113j\u012bgi, praktiski, atbilsto\u0161i un viet\u0113jo kopienu virz\u012bti.<\/p>\n\n\n\n<h4 class=\"wp-block-heading\">Konsorcijs<\/h4>\n\n\n\n<p>GreenFit projekts apvieno <strong>daudznozaru konsorciju, kur\u0101 ir 20 partneri no 10 Eiropas valst\u012bm <\/strong>\u2014 Be\u013c\u0123ijas, Kipras, Grie\u0137ijas, It\u0101lijas, Latvijas, Maltas, Rum\u0101nijas, Serbijas, Sp\u0101nijas un Zviedrijas \u2014, kas strat\u0113\u0123iski atlas\u012bti, pamatojoties uz to pla\u0161o pieredzi un savstarp\u0113ji papildino\u0161aj\u0101m stipraj\u0101m pus\u0113m lauksaimniec\u012bbas inov\u0101cij\u0101s, lauku att\u012bst\u012bb\u0101, tehnolo\u0123ij\u0101s, infrastrukt\u016br\u0101 un politik\u0101. Taj\u0101 ietilpst universit\u0101tes, p\u0113tniec\u012bbas centri, mazie-vid\u0113jie uz\u0146\u0113mumi (MVU) un nevalstisk\u0101s organiz\u0101cijas, lauksaimnieki<\/p>\n\n\n\n<p id=\"partneri\"><strong>Partneri:<\/strong><\/p>\n\n\n\n<ul class=\"wp-block-list\">\n<li>Draxis Research Ventures (<em>sa\u012bsin\u0101ti DREVEN<\/em>) <em>(koordinators)<\/em> (EL);<\/li>\n\n\n\n<li>Geoponiko Panepistimion Athinon (<em>sa\u012bsin\u0101ti AUA<\/em>) (EL);<\/li>\n\n\n\n<li>Politecnico Di Milano (<em>sa\u012bsin\u0101ti POLIMI<\/em>)(IT);<\/li>\n\n\n\n<li>White Research SRL (<em>sa\u012bsin\u0101ti WR<\/em>)(BE);<\/li>\n\n\n\n<li>National Center for Scientific Research &#8220;Demokritos&#8221; (<em>sa\u012bsin\u0101ti NCSRD<\/em>)(EL),<\/li>\n\n\n\n<li>BSPOKE SOLUTIONS ETERORRYTHMI ETAIREIA (<em>sa\u012bsin\u0101ti bSpoke<\/em>)(EL),<\/li>\n\n\n\n<li>LOGIKA EXCELLENCE CORPORATION S.R.L. (<em>sa\u012bsin\u0101ti Logikax) <\/em>(RO);<\/li>\n\n\n\n<li>Acceligence LTD (<em>sa\u012bsin\u0101ti ACCELI<\/em>)(CY);<\/li>\n\n\n\n<li>Nova telecommunications &amp; media (<em>sa\u012bsin\u0101ti NOVA<\/em>)(EL);<\/li>\n\n\n\n<li>Sinopsis socially integrated innovation SRL (<em>sa\u012bsin\u0101ti SIN<\/em>)(RO);<\/li>\n\n\n\n<li>AISFOR SRL(<em>sa\u012bsin\u0101ti AISFOR<\/em>)(IT); <\/li>\n\n\n\n<li>European Rural Community Alliance (<em>sa\u012bsin\u0101ti ERCA<\/em>)(SE);<\/li>\n\n\n\n<li>Confederazione Italiana Agricoltori Regionale Umbria(<em>sa\u012bsin\u0101ti CIA<\/em>)(IT);<\/li>\n\n\n\n<li>Forumul Agricultorilor Si Procesatorilor Profesionisti Din Romania (<em>sa\u012bsin\u0101ti FAPPR<\/em>)(RO);<\/li>\n\n\n\n<li>Consejo Regulador Denominacion De Origen Protegida Aceite De Lucena (<em>sa\u012bsin\u0101ti DOP<\/em>)(ES);<\/li>\n\n\n\n<li>Latvijas Aug\u013ckopju Asoci\u0101cija (<em>sa\u012bsin\u0101ti LAA<\/em>) (LV);<\/li>\n\n\n\n<li>Arilje Raspberry (<em>sa\u012bsin\u0101ti ARA<\/em>) (RS);<\/li>\n\n\n\n<li>Malta Youth In Agriculture Foundation (<em>sa\u012bsin\u0101ti MaYA<\/em>)(MT);<\/li>\n\n\n\n<li>Seed Projects Limited (<em>sa\u012bsin\u0101ti Merill<\/em>)(MT)<\/li>\n\n\n\n<li>Organizzazione Mondiale Degli Agricoltori (<em>sa\u012bsin\u0101ti WFO<\/em>) (IT).<\/li>\n<\/ul>\n\n\n\n<h6 class=\"wp-block-heading\"><strong>KONTAKTINFORM\u0100CIJA<\/strong><strong><\/strong><\/h6>\n\n\n\n<p>Draxis Research Ventures (DREVEN) | Projekta koordinators<\/p>\n\n\n\n<p>Dimitra Perperidou: <a href=\"mailto:dperperidou@draxis.gr\">dperperidou@draxis.gr<\/a><\/p>\n\n\n\n<p>Katerina Toskou: <a href=\"mailto:ktoskou@dreven.gr\">ktoskou@dreven.gr<\/a><\/p>\n\n\n\n<p><\/p>\n\n\n\n<h6 class=\"wp-block-heading\"><strong>PRESES KONTAKTI UN SOCI\u0100LIE T\u012aKLI<\/strong><strong><\/strong><\/h6>\n\n\n\n<p>White Research | Dissemination Managers<\/p>\n\n\n\n<p>Ioanna Nydrioti: <a href=\"mailto:inydrioti@white-research.eu\">inydrioti@white-research.eu<\/a><\/p>\n\n\n\n<p>Artemis Grigoriadou&nbsp;: <a href=\"mailto:agrigoriadou@white-research.eu\">agrigoriadou@white-research.eu<\/a><\/p>\n\n\n\n<h6 class=\"wp-block-heading\"><strong>Lai ieg\u016btu pla\u0161\u0101ku inform\u0101ciju<\/strong> Sekojiet projekta gaitai <a href=\"https:\/\/www.linkedin.com\/company\/greenfit-project\/\">LinkedIn<\/a> un <a href=\"https:\/\/www.facebook.com\/profile.php?id=61581813172187\">Facebook<\/a><\/h6>\n\n\n\n<p><\/p>\n\n\n\n<figure class=\"wp-block-image size-large\"><img loading=\"lazy\" decoding=\"async\" width=\"1024\" height=\"215\" src=\"https:\/\/www.laas.lv\/agrilink\/wp-content\/uploads\/2025\/10\/EN-Funded-by-the-EU-PANTONE-1024x215.jpg\" alt=\"\" class=\"wp-image-5589\" srcset=\"https:\/\/www.laas.lv\/agrilink\/wp-content\/uploads\/2025\/10\/EN-Funded-by-the-EU-PANTONE-1024x215.jpg 1024w, https:\/\/www.laas.lv\/agrilink\/wp-content\/uploads\/2025\/10\/EN-Funded-by-the-EU-PANTONE-300x63.jpg 300w, https:\/\/www.laas.lv\/agrilink\/wp-content\/uploads\/2025\/10\/EN-Funded-by-the-EU-PANTONE-768x161.jpg 768w, https:\/\/www.laas.lv\/agrilink\/wp-content\/uploads\/2025\/10\/EN-Funded-by-the-EU-PANTONE-1536x322.jpg 1536w, https:\/\/www.laas.lv\/agrilink\/wp-content\/uploads\/2025\/10\/EN-Funded-by-the-EU-PANTONE-2048x430.jpg 2048w, https:\/\/www.laas.lv\/agrilink\/wp-content\/uploads\/2025\/10\/EN-Funded-by-the-EU-PANTONE-1200x252.jpg 1200w, https:\/\/www.laas.lv\/agrilink\/wp-content\/uploads\/2025\/10\/EN-Funded-by-the-EU-PANTONE-1980x415.jpg 1980w, https:\/\/www.laas.lv\/agrilink\/wp-content\/uploads\/2025\/10\/EN-Funded-by-the-EU-PANTONE-1320x277.jpg 1320w, https:\/\/www.laas.lv\/agrilink\/wp-content\/uploads\/2025\/10\/EN-Funded-by-the-EU-PANTONE-600x126.jpg 600w\" sizes=\"auto, (max-width: 1024px) 100vw, 1024px\" \/><\/figure>\n","protected":false},"excerpt":{"rendered":"<p>Par projektu GreenFit ir tr\u012bs gadus ilgs ES programmas HORIZON l\u012bdzfinans\u0113ts projekts, kas apvieno p\u0113tniec\u012bbas iest\u0101des, tehnolo\u0123iju izstr\u0101d\u0101t\u0101jus un lauksaimniec\u012bbas nozares ieinteres\u0113t\u0101s personas, lai pa\u0101trin\u0101tu klimata zi\u0146\u0101 viedas lauksaimniec\u012bbas prakses ievie\u0161anu. M\u0113r\u0137i un v\u012bzija GreenFit m\u0113r\u0137is ir dot lauksaimniekiem iesp\u0113ju optimiz\u0113t resursu izmanto\u0161anu un uzlabot notur\u012bbu pret klimata p\u0101rmai\u0146\u0101m. Integr\u0113jot t\u0101dus progres\u012bvus r\u012bkus k\u0101 m\u0101ksl\u012bg\u0101 [&hellip;]<\/p>\n","protected":false},"author":2,"featured_media":5598,"parent":0,"menu_order":0,"comment_status":"closed","ping_status":"closed","template":"","meta":{"footnotes":""},"class_list":["post-5583","page","type-page","status-publish","has-post-thumbnail","hentry"],"jetpack_sharing_enabled":true,"_links":{"self":[{"href":"https:\/\/www.laas.lv\/agrilink\/wp-json\/wp\/v2\/pages\/5583","targetHints":{"allow":["GET"]}}],"collection":[{"href":"https:\/\/www.laas.lv\/agrilink\/wp-json\/wp\/v2\/pages"}],"about":[{"href":"https:\/\/www.laas.lv\/agrilink\/wp-json\/wp\/v2\/types\/page"}],"author":[{"embeddable":true,"href":"https:\/\/www.laas.lv\/agrilink\/wp-json\/wp\/v2\/users\/2"}],"replies":[{"embeddable":true,"href":"https:\/\/www.laas.lv\/agrilink\/wp-json\/wp\/v2\/comments?post=5583"}],"version-history":[{"count":23,"href":"https:\/\/www.laas.lv\/agrilink\/wp-json\/wp\/v2\/pages\/5583\/revisions"}],"predecessor-version":[{"id":5801,"href":"https:\/\/www.laas.lv\/agrilink\/wp-json\/wp\/v2\/pages\/5583\/revisions\/5801"}],"wp:featuredmedia":[{"embeddable":true,"href":"https:\/\/www.laas.lv\/agrilink\/wp-json\/wp\/v2\/media\/5598"}],"wp:attachment":[{"href":"https:\/\/www.laas.lv\/agrilink\/wp-json\/wp\/v2\/media?parent=5583"}],"curies":[{"name":"wp","href":"https:\/\/api.w.org\/{rel}","templated":true}]}}