{"id":5817,"date":"2026-02-28T07:29:19","date_gmt":"2026-02-28T07:29:19","guid":{"rendered":"https:\/\/www.laas.lv\/agrilink\/?page_id=5817"},"modified":"2026-02-28T08:11:31","modified_gmt":"2026-02-28T08:11:31","slug":"darzkopibas-konference-bulduros-2026-g-prezentaciju-materiali","status":"publish","type":"page","link":"https:\/\/www.laas.lv\/agrilink\/darzkopibas-konference-bulduros-2026-g-prezentaciju-materiali\/","title":{"rendered":"D\u0101rzkop\u012bbas konference Bulduros 2026.g. Prezent\u0101ciju materi\u0101li"},"content":{"rendered":"","protected":true},"excerpt":{"rendered":"","protected":true},"author":2,"featured_media":0,"parent":0,"menu_order":0,"comment_status":"closed","ping_status":"closed","template":"","meta":{"footnotes":""},"class_list":["post-5817","page","type-page","status-publish","post-password-required","hentry"],"jetpack_sharing_enabled":true,"_links":{"self":[{"href":"https:\/\/www.laas.lv\/agrilink\/wp-json\/wp\/v2\/pages\/5817","targetHints":{"allow":["GET"]}}],"collection":[{"href":"https:\/\/www.laas.lv\/agrilink\/wp-json\/wp\/v2\/pages"}],"about":[{"href":"https:\/\/www.laas.lv\/agrilink\/wp-json\/wp\/v2\/types\/page"}],"author":[{"embeddable":true,"href":"https:\/\/www.laas.lv\/agrilink\/wp-json\/wp\/v2\/users\/2"}],"replies":[{"embeddable":true,"href":"https:\/\/www.laas.lv\/agrilink\/wp-json\/wp\/v2\/comments?post=5817"}],"version-history":[{"count":6,"href":"https:\/\/www.laas.lv\/agrilink\/wp-json\/wp\/v2\/pages\/5817\/revisions"}],"predecessor-version":[{"id":5845,"href":"https:\/\/www.laas.lv\/agrilink\/wp-json\/wp\/v2\/pages\/5817\/revisions\/5845"}],"wp:attachment":[{"href":"https:\/\/www.laas.lv\/agrilink\/wp-json\/wp\/v2\/media?parent=5817"}],"curies":[{"name":"wp","href":"https:\/\/api.w.org\/{rel}","templated":true}]}}