{"id":785,"date":"2021-03-18T07:34:57","date_gmt":"2021-03-18T07:34:57","guid":{"rendered":"https:\/\/www.laas.lv\/agrilink\/?page_id=785"},"modified":"2024-05-23T08:02:19","modified_gmt":"2024-05-23T08:02:19","slug":"atlas","status":"publish","type":"page","link":"https:\/\/www.laas.lv\/agrilink\/atlas\/","title":{"rendered":"ATLAS"},"content":{"rendered":"\n<h2 class=\"wp-block-heading has-large-font-size\">Vied\u0101 lauksaimniec\u012bba.  METEO un VIDES stacijas<\/h2>\n\n\n\n<p><a href=\"https:\/\/www.laas.lv\/lv\/atlas\/\" target=\"_blank\" rel=\"noreferrer noopener\"><strong>Par projektu<\/strong><\/a><\/p>\n\n\n\n<div class=\"wp-block-group\"><div class=\"wp-block-group__inner-container is-layout-constrained wp-block-group-is-layout-constrained\">\n<div class=\"wp-block-columns is-layout-flex wp-container-core-columns-is-layout-9d6595d7 wp-block-columns-is-layout-flex\">\n<div class=\"wp-block-column is-layout-flow wp-block-column-is-layout-flow\" style=\"flex-basis:100%\">\n<p><a href=\"http:\/\/laas.lv\/agrilink\/atlas\/atlas-meteo-stacijas\/\"><strong>Staciju izvietojums un darb\u012bbas principi<\/strong><\/a><\/p>\n\n\n\n<ul class=\"wp-block-list\">\n<li><a href=\"http:\/\/laas.lv\/agrilink\/atlas\/stacijas\/eglaji\/\">Egl\u0101ji<\/a><\/li>\n\n\n\n<li><a href=\"http:\/\/laas.lv\/agrilink\/atlas\/stacijas\/very-berry\/\">Very Berry<\/a><\/li>\n\n\n\n<li><a href=\"http:\/\/laas.lv\/agrilink\/atlas\/stacijas\/puteni\/\">Pute\u0146i<\/a><\/li>\n\n\n\n<li><a href=\"http:\/\/laas.lv\/agrilink\/atlas\/stacijas\/melna-oga\/\">Meln\u0101 oga<\/a><\/li>\n\n\n\n<li><a href=\"https:\/\/www.laas.lv\/agrilink\/atlas\/stacijas\/krogzeme\/\">Krogzeme<\/a><\/li>\n<\/ul>\n<\/div>\n<\/div>\n<\/div><\/div>\n\n\n\n<h2 class=\"wp-block-heading has-large-font-size\">Publik\u0101cijas ATLAS projekta ietvaros<\/h2>\n\n\n<ul class=\"wp-block-latest-posts__list wp-block-latest-posts\"><li><a class=\"wp-block-latest-posts__post-title\" href=\"https:\/\/www.laas.lv\/agrilink\/2023\/07\/04\/ieraksts-seminaram-par-atlas-platformas-lietosanas-iespejam\/\">Ieraksts semin\u0101ram par ATLAS platformas lieto\u0161anas iesp\u0113j\u0101m<\/a><\/li>\n<li><a class=\"wp-block-latest-posts__post-title\" href=\"https:\/\/www.laas.lv\/agrilink\/2023\/01\/11\/atlas-2022-gada-novembra-konferences-ieraksts\/\">ATLAS  2022.gada novembra konferences ieraksts<\/a><\/li>\n<li><a class=\"wp-block-latest-posts__post-title\" href=\"https:\/\/www.laas.lv\/agrilink\/2022\/12\/21\/vieda-lauksaimnieciba-ka-tas-darbojas\/\">Vied\u0101 lauksaimniec\u012bba, k\u0101 tas darbojas<\/a><\/li>\n<li><a class=\"wp-block-latest-posts__post-title\" href=\"https:\/\/www.laas.lv\/agrilink\/2021\/03\/18\/ek-parskats-par-tehnologiju-izmantosanu-lauksaimnieciba\/\">EK p\u0101rskats par tehnolo\u0123iju izmanto\u0161anu lauksaimniec\u012bb\u0101<\/a><\/li>\n<li><a class=\"wp-block-latest-posts__post-title\" href=\"https:\/\/www.laas.lv\/agrilink\/2021\/03\/18\/digitalais-kompass-2030\/\">Digit\u0101lais kompass 2030<\/a><\/li>\n<li><a class=\"wp-block-latest-posts__post-title\" href=\"https:\/\/www.laas.lv\/agrilink\/2021\/03\/18\/risinajumi-veco-apudenosanas-sistemu-atjaunosana\/\">Risin\u0101jumi veco ap\u016bde\u0146o\u0161anas sist\u0113mu atjauno\u0161an\u0101<\/a><\/li>\n<\/ul>","protected":false},"excerpt":{"rendered":"<p>Vied\u0101 lauksaimniec\u012bba. METEO un VIDES stacijas Par projektu Staciju izvietojums un darb\u012bbas principi Publik\u0101cijas ATLAS projekta ietvaros<\/p>\n","protected":false},"author":2,"featured_media":0,"parent":0,"menu_order":3,"comment_status":"closed","ping_status":"closed","template":"","meta":{"footnotes":""},"class_list":["post-785","page","type-page","status-publish","hentry"],"jetpack_sharing_enabled":true,"_links":{"self":[{"href":"https:\/\/www.laas.lv\/agrilink\/wp-json\/wp\/v2\/pages\/785","targetHints":{"allow":["GET"]}}],"collection":[{"href":"https:\/\/www.laas.lv\/agrilink\/wp-json\/wp\/v2\/pages"}],"about":[{"href":"https:\/\/www.laas.lv\/agrilink\/wp-json\/wp\/v2\/types\/page"}],"author":[{"embeddable":true,"href":"https:\/\/www.laas.lv\/agrilink\/wp-json\/wp\/v2\/users\/2"}],"replies":[{"embeddable":true,"href":"https:\/\/www.laas.lv\/agrilink\/wp-json\/wp\/v2\/comments?post=785"}],"version-history":[{"count":15,"href":"https:\/\/www.laas.lv\/agrilink\/wp-json\/wp\/v2\/pages\/785\/revisions"}],"predecessor-version":[{"id":1735,"href":"https:\/\/www.laas.lv\/agrilink\/wp-json\/wp\/v2\/pages\/785\/revisions\/1735"}],"wp:attachment":[{"href":"https:\/\/www.laas.lv\/agrilink\/wp-json\/wp\/v2\/media?parent=785"}],"curies":[{"name":"wp","href":"https:\/\/api.w.org\/{rel}","templated":true}]}}