{"id":959,"date":"2021-06-14T12:22:15","date_gmt":"2021-06-14T12:22:15","guid":{"rendered":"https:\/\/www.laas.lv\/agrilink\/?page_id=959"},"modified":"2024-05-23T08:00:15","modified_gmt":"2024-05-23T08:00:15","slug":"apmacibu-materiali-1-kurss-1-nodarbiba","status":"publish","type":"page","link":"https:\/\/www.laas.lv\/agrilink\/apmacibas-auglkopiba-2021\/apmacibu-materiali-1-kurss-1-nodarbiba\/","title":{"rendered":"Apm\u0101c\u012bbu materi\u0101li 1.kurss, 1.nodarb\u012bba"},"content":{"rendered":"","protected":true},"excerpt":{"rendered":"","protected":true},"author":2,"featured_media":897,"parent":582,"menu_order":2,"comment_status":"closed","ping_status":"closed","template":"","meta":{"footnotes":""},"class_list":["post-959","page","type-page","status-publish","post-password-required","hentry"],"jetpack_sharing_enabled":true,"_links":{"self":[{"href":"https:\/\/www.laas.lv\/agrilink\/wp-json\/wp\/v2\/pages\/959","targetHints":{"allow":["GET"]}}],"collection":[{"href":"https:\/\/www.laas.lv\/agrilink\/wp-json\/wp\/v2\/pages"}],"about":[{"href":"https:\/\/www.laas.lv\/agrilink\/wp-json\/wp\/v2\/types\/page"}],"author":[{"embeddable":true,"href":"https:\/\/www.laas.lv\/agrilink\/wp-json\/wp\/v2\/users\/2"}],"replies":[{"embeddable":true,"href":"https:\/\/www.laas.lv\/agrilink\/wp-json\/wp\/v2\/comments?post=959"}],"version-history":[{"count":7,"href":"https:\/\/www.laas.lv\/agrilink\/wp-json\/wp\/v2\/pages\/959\/revisions"}],"predecessor-version":[{"id":1017,"href":"https:\/\/www.laas.lv\/agrilink\/wp-json\/wp\/v2\/pages\/959\/revisions\/1017"}],"up":[{"embeddable":true,"href":"https:\/\/www.laas.lv\/agrilink\/wp-json\/wp\/v2\/pages\/582"}],"wp:featuredmedia":[{"embeddable":true,"href":"https:\/\/www.laas.lv\/agrilink\/wp-json\/wp\/v2\/media\/897"}],"wp:attachment":[{"href":"https:\/\/www.laas.lv\/agrilink\/wp-json\/wp\/v2\/media?parent=959"}],"curies":[{"name":"wp","href":"https:\/\/api.w.org\/{rel}","templated":true}]}}